{"id":35806,"date":"2024-03-20T19:17:32","date_gmt":"2024-03-20T19:17:32","guid":{"rendered":"https:\/\/tmtid.com\/acessibilidade\/"},"modified":"2024-11-08T16:26:06","modified_gmt":"2024-11-08T16:26:06","slug":"acessibilidade","status":"publish","type":"page","link":"https:\/\/tmtid.com\/pt-pt\/acessibilidade\/","title":{"rendered":"Acessibilidade"},"content":{"rendered":"<p><strong>DECLARA\u00c7\u00c3O DE ACESSIBILIDADE DO S\u00cdTIO WEB<\/strong><\/p>\n<p>Reconhecemos a import\u00e2ncia de fornecer um s\u00edtio Web que seja acess\u00edvel a todos os grupos de utilizadores, incluindo os que t\u00eam uma defici\u00eancia ou incapacidade. Sempre que poss\u00edvel, inclu\u00edmos funcionalidades simplificadas para tornar o nosso conte\u00fado dispon\u00edvel a qualquer pessoa que utilize tecnologia de assist\u00eancia ou que, de outra forma, possa considerar as funcionalidades padr\u00e3o dif\u00edceis de utilizar.<\/p>\n<p>O nosso objetivo \u00e9 proporcionar total acessibilidade a todo o conte\u00fado do nosso s\u00edtio Web.<\/p>\n<h2>Ajuda ou coment\u00e1rios<\/h2>\n<p>Estamos empenhados em melhorar continuamente a acessibilidade.<\/p>\n<p>Se quiseres dar-nos alguma opini\u00e3o ou se, por qualquer motivo, tiveres dificuldades em aceder a este s\u00edtio Web, informa-nos e faremos o nosso melhor para resolver o problema.<\/p>\n<p>Podes contactar-nos, por exemplo, enviando um e-mail para<em> info@tmtid.com <\/em>.  <\/p>\n<h2>Caracter\u00edsticas de acessibilidade<\/h2>\n<p>Inclu\u00edmos uma s\u00e9rie de funcionalidades para melhorar a usabilidade e a acessibilidade.<\/p>\n<h2>Mapa do site<\/h2>\n<p>Encontra um mapa do site dispon\u00edvel no nosso s\u00edtio Web. Apresenta uma vis\u00e3o geral de todo o conte\u00fado deste s\u00edtio Web e tem hiperliga\u00e7\u00f5es para facilitar a navega\u00e7\u00e3o.<\/p>\n<h2>Liga\u00e7\u00f5es de in\u00edcio e de pesquisa<\/h2>\n<p>Todas as p\u00e1ginas t\u00eam liga\u00e7\u00f5es para a p\u00e1gina inicial e para a pesquisa, para facilitar a navega\u00e7\u00e3o em browsers s\u00f3 de texto.<\/p>\n<h2>Navega\u00e7\u00e3o pelo teclado<\/h2>\n<p>Todas as liga\u00e7\u00f5es e interfaces de utilizador foram concebidas para serem naveg\u00e1veis com um teclado.<\/p>\n<ul>\n<li>pressiona <strong>SHIFT<\/strong> e <strong>TAB<\/strong> para navegar para a liga\u00e7\u00e3o anterior; e<\/li>\n<li>prime <strong>ENTER<\/strong> para seguir uma liga\u00e7\u00e3o<\/li>\n<\/ul>\n<h2>Teclas de acesso<\/h2>\n<p>O nosso s\u00edtio Web utiliza chaves de acesso para te ajudar a navegar. Podes aceder-lhes da seguinte forma:<\/p>\n<ul>\n<li>se estiveres a utilizar um PC &#8211; mant\u00e9m premida a tecla <strong>ALT<\/strong> <\/li>\n<li>se estiveres a utilizar um Mac &#8211; mant\u00e9m premida a tecla <strong>CTRL<\/strong> e a tecla <strong>ALT<\/strong> <\/li>\n<\/ul>\n","protected":false},"excerpt":{"rendered":"<p>DECLARA\u00c7\u00c3O DE ACESSIBILIDADE DO S\u00cdTIO WEB Reconhecemos a import\u00e2ncia de fornecer um s\u00edtio Web que seja acess\u00edvel a todos os grupos de utilizadores, incluindo os que t\u00eam uma defici\u00eancia ou incapacidade. Sempre que poss\u00edvel, inclu\u00edmos funcionalidades simplificadas para tornar o nosso conte\u00fado dispon\u00edvel a qualquer pessoa que utilize tecnologia de assist\u00eancia ou que, de outra <a href=\"https:\/\/tmtid.com\/pt-pt\/acessibilidade\/\" class=\"more-link\">&#8230;<span class=\"screen-reader-text\">  Acessibilidade<\/span><\/a><\/p>\n","protected":false},"author":2,"featured_media":0,"parent":0,"menu_order":0,"comment_status":"closed","ping_status":"closed","template":"TEMPLATE-plain.php","meta":{"_acf_changed":false,"content-type":"","footnotes":""},"class_list":["post-35806","page","type-page","status-publish","hentry"],"acf":[],"yoast_head":"<!-- This site is optimized with the Yoast SEO Premium plugin v26.8 (Yoast SEO v26.8) - https:\/\/yoast.com\/product\/yoast-seo-premium-wordpress\/ -->\n<title>Acessibilidade | TMT ID<\/title>\n<meta name=\"robots\" content=\"index, follow, max-snippet:-1, max-image-preview:large, max-video-preview:-1\" \/>\n<link rel=\"canonical\" href=\"https:\/\/tmtid.com\/pt-pt\/acessibilidade\/\" \/>\n<meta property=\"og:locale\" content=\"pt_PT\" \/>\n<meta property=\"og:type\" content=\"article\" \/>\n<meta property=\"og:title\" content=\"Acessibilidade\" \/>\n<meta property=\"og:description\" content=\"DECLARA\u00c7\u00c3O DE ACESSIBILIDADE DO S\u00cdTIO WEB Reconhecemos a import\u00e2ncia de fornecer um s\u00edtio Web que seja acess\u00edvel a todos os grupos de utilizadores, incluindo os que t\u00eam uma defici\u00eancia ou incapacidade. Sempre que poss\u00edvel, inclu\u00edmos funcionalidades simplificadas para tornar o nosso conte\u00fado dispon\u00edvel a qualquer pessoa que utilize tecnologia de assist\u00eancia ou que, de outra ... Acessibilidade\" \/>\n<meta property=\"og:url\" content=\"https:\/\/tmtid.com\/pt-pt\/acessibilidade\/\" \/>\n<meta property=\"og:site_name\" content=\"TMT ID\" \/>\n<meta property=\"article:modified_time\" content=\"2024-11-08T16:26:06+00:00\" \/>\n<meta property=\"og:image\" content=\"https:\/\/tmtid.com\/wp-content\/uploads\/2024\/03\/Home-Page-Image-2.png\" \/>\n\t<meta property=\"og:image:width\" content=\"800\" \/>\n\t<meta property=\"og:image:height\" content=\"418\" \/>\n\t<meta property=\"og:image:type\" content=\"image\/png\" \/>\n<meta name=\"twitter:card\" content=\"summary_large_image\" \/>\n<meta name=\"twitter:label1\" content=\"Tempo estimado de leitura\" \/>\n\t<meta name=\"twitter:data1\" content=\"2 minutos\" \/>\n<script type=\"application\/ld+json\" class=\"yoast-schema-graph\">{\"@context\":\"https:\/\/schema.org\",\"@graph\":[{\"@type\":\"WebPage\",\"@id\":\"https:\/\/tmtid.com\/pt-pt\/acessibilidade\/\",\"url\":\"https:\/\/tmtid.com\/pt-pt\/acessibilidade\/\",\"name\":\"Acessibilidade | TMT ID\",\"isPartOf\":{\"@id\":\"https:\/\/tmtid.com\/pt-pt\/#website\"},\"datePublished\":\"2024-03-20T19:17:32+00:00\",\"dateModified\":\"2024-11-08T16:26:06+00:00\",\"breadcrumb\":{\"@id\":\"https:\/\/tmtid.com\/pt-pt\/acessibilidade\/#breadcrumb\"},\"inLanguage\":\"pt-PT\",\"potentialAction\":[{\"@type\":\"ReadAction\",\"target\":[\"https:\/\/tmtid.com\/pt-pt\/acessibilidade\/\"]}]},{\"@type\":\"BreadcrumbList\",\"@id\":\"https:\/\/tmtid.com\/pt-pt\/acessibilidade\/#breadcrumb\",\"itemListElement\":[{\"@type\":\"ListItem\",\"position\":1,\"name\":\"Home\",\"item\":\"https:\/\/tmtid.com\/pt-pt\/\"},{\"@type\":\"ListItem\",\"position\":2,\"name\":\"Acessibilidade\"}]},{\"@type\":\"WebSite\",\"@id\":\"https:\/\/tmtid.com\/pt-pt\/#website\",\"url\":\"https:\/\/tmtid.com\/pt-pt\/\",\"name\":\"TMT ID\",\"description\":\"Mobile Intelligence Experts\",\"publisher\":{\"@id\":\"https:\/\/tmtid.com\/pt-pt\/#organization\"},\"alternateName\":\"TMT Analysis\",\"potentialAction\":[{\"@type\":\"SearchAction\",\"target\":{\"@type\":\"EntryPoint\",\"urlTemplate\":\"https:\/\/tmtid.com\/pt-pt\/?s={search_term_string}\"},\"query-input\":{\"@type\":\"PropertyValueSpecification\",\"valueRequired\":true,\"valueName\":\"search_term_string\"}}],\"inLanguage\":\"pt-PT\"},{\"@type\":\"Organization\",\"@id\":\"https:\/\/tmtid.com\/pt-pt\/#organization\",\"name\":\"TMT ID\",\"alternateName\":\"TMT Analysis\",\"url\":\"https:\/\/tmtid.com\/pt-pt\/\",\"logo\":{\"@type\":\"ImageObject\",\"inLanguage\":\"pt-PT\",\"@id\":\"https:\/\/tmtid.com\/pt-pt\/#\/schema\/logo\/image\/\",\"url\":\"https:\/\/tmtid.com\/wp-content\/uploads\/2024\/03\/big_logo.png\",\"contentUrl\":\"https:\/\/tmtid.com\/wp-content\/uploads\/2024\/03\/big_logo.png\",\"width\":457,\"height\":195,\"caption\":\"TMT ID\"},\"image\":{\"@id\":\"https:\/\/tmtid.com\/pt-pt\/#\/schema\/logo\/image\/\"},\"sameAs\":[\"https:\/\/www.linkedin.com\/company\/tmtid\/\"],\"description\":\"TMT ID are the experts in mobile identity and trusted data.\",\"email\":\"info@tmtid.com\",\"telephone\":\"0207 193 5161\",\"legalName\":\"TMT ANALYSIS LIMITED\",\"numberOfEmployees\":{\"@type\":\"QuantitativeValue\",\"minValue\":\"51\",\"maxValue\":\"200\"},\"actionableFeedbackPolicy\":\"https:\/\/tmtid.com\/quality-policy\/\"}]}<\/script>\n<!-- \/ Yoast SEO Premium plugin. -->","yoast_head_json":{"title":"Acessibilidade | TMT ID","robots":{"index":"index","follow":"follow","max-snippet":"max-snippet:-1","max-image-preview":"max-image-preview:large","max-video-preview":"max-video-preview:-1"},"canonical":"https:\/\/tmtid.com\/pt-pt\/acessibilidade\/","og_locale":"pt_PT","og_type":"article","og_title":"Acessibilidade","og_description":"DECLARA\u00c7\u00c3O DE ACESSIBILIDADE DO S\u00cdTIO WEB Reconhecemos a import\u00e2ncia de fornecer um s\u00edtio Web que seja acess\u00edvel a todos os grupos de utilizadores, incluindo os que t\u00eam uma defici\u00eancia ou incapacidade. Sempre que poss\u00edvel, inclu\u00edmos funcionalidades simplificadas para tornar o nosso conte\u00fado dispon\u00edvel a qualquer pessoa que utilize tecnologia de assist\u00eancia ou que, de outra ... Acessibilidade","og_url":"https:\/\/tmtid.com\/pt-pt\/acessibilidade\/","og_site_name":"TMT ID","article_modified_time":"2024-11-08T16:26:06+00:00","og_image":[{"width":800,"height":418,"url":"https:\/\/tmtid.com\/wp-content\/uploads\/2024\/03\/Home-Page-Image-2.png","type":"image\/png"}],"twitter_card":"summary_large_image","twitter_misc":{"Tempo estimado de leitura":"2 minutos"},"schema":{"@context":"https:\/\/schema.org","@graph":[{"@type":"WebPage","@id":"https:\/\/tmtid.com\/pt-pt\/acessibilidade\/","url":"https:\/\/tmtid.com\/pt-pt\/acessibilidade\/","name":"Acessibilidade | TMT ID","isPartOf":{"@id":"https:\/\/tmtid.com\/pt-pt\/#website"},"datePublished":"2024-03-20T19:17:32+00:00","dateModified":"2024-11-08T16:26:06+00:00","breadcrumb":{"@id":"https:\/\/tmtid.com\/pt-pt\/acessibilidade\/#breadcrumb"},"inLanguage":"pt-PT","potentialAction":[{"@type":"ReadAction","target":["https:\/\/tmtid.com\/pt-pt\/acessibilidade\/"]}]},{"@type":"BreadcrumbList","@id":"https:\/\/tmtid.com\/pt-pt\/acessibilidade\/#breadcrumb","itemListElement":[{"@type":"ListItem","position":1,"name":"Home","item":"https:\/\/tmtid.com\/pt-pt\/"},{"@type":"ListItem","position":2,"name":"Acessibilidade"}]},{"@type":"WebSite","@id":"https:\/\/tmtid.com\/pt-pt\/#website","url":"https:\/\/tmtid.com\/pt-pt\/","name":"TMT ID","description":"Mobile Intelligence Experts","publisher":{"@id":"https:\/\/tmtid.com\/pt-pt\/#organization"},"alternateName":"TMT Analysis","potentialAction":[{"@type":"SearchAction","target":{"@type":"EntryPoint","urlTemplate":"https:\/\/tmtid.com\/pt-pt\/?s={search_term_string}"},"query-input":{"@type":"PropertyValueSpecification","valueRequired":true,"valueName":"search_term_string"}}],"inLanguage":"pt-PT"},{"@type":"Organization","@id":"https:\/\/tmtid.com\/pt-pt\/#organization","name":"TMT ID","alternateName":"TMT Analysis","url":"https:\/\/tmtid.com\/pt-pt\/","logo":{"@type":"ImageObject","inLanguage":"pt-PT","@id":"https:\/\/tmtid.com\/pt-pt\/#\/schema\/logo\/image\/","url":"https:\/\/tmtid.com\/wp-content\/uploads\/2024\/03\/big_logo.png","contentUrl":"https:\/\/tmtid.com\/wp-content\/uploads\/2024\/03\/big_logo.png","width":457,"height":195,"caption":"TMT ID"},"image":{"@id":"https:\/\/tmtid.com\/pt-pt\/#\/schema\/logo\/image\/"},"sameAs":["https:\/\/www.linkedin.com\/company\/tmtid\/"],"description":"TMT ID are the experts in mobile identity and trusted data.","email":"info@tmtid.com","telephone":"0207 193 5161","legalName":"TMT ANALYSIS LIMITED","numberOfEmployees":{"@type":"QuantitativeValue","minValue":"51","maxValue":"200"},"actionableFeedbackPolicy":"https:\/\/tmtid.com\/quality-policy\/"}]}},"_links":{"self":[{"href":"https:\/\/tmtid.com\/pt-pt\/wp-json\/wp\/v2\/pages\/35806","targetHints":{"allow":["GET"]}}],"collection":[{"href":"https:\/\/tmtid.com\/pt-pt\/wp-json\/wp\/v2\/pages"}],"about":[{"href":"https:\/\/tmtid.com\/pt-pt\/wp-json\/wp\/v2\/types\/page"}],"author":[{"embeddable":true,"href":"https:\/\/tmtid.com\/pt-pt\/wp-json\/wp\/v2\/users\/2"}],"replies":[{"embeddable":true,"href":"https:\/\/tmtid.com\/pt-pt\/wp-json\/wp\/v2\/comments?post=35806"}],"version-history":[{"count":1,"href":"https:\/\/tmtid.com\/pt-pt\/wp-json\/wp\/v2\/pages\/35806\/revisions"}],"predecessor-version":[{"id":45775,"href":"https:\/\/tmtid.com\/pt-pt\/wp-json\/wp\/v2\/pages\/35806\/revisions\/45775"}],"wp:attachment":[{"href":"https:\/\/tmtid.com\/pt-pt\/wp-json\/wp\/v2\/media?parent=35806"}],"curies":[{"name":"wp","href":"https:\/\/api.w.org\/{rel}","templated":true}]}}