{"id":34921,"date":"2024-03-13T10:25:34","date_gmt":"2024-03-13T10:25:34","guid":{"rendered":"https:\/\/tmtid.com\/sobre-nos\/"},"modified":"2025-02-18T12:47:08","modified_gmt":"2025-02-18T12:47:08","slug":"sobre-nos","status":"publish","type":"page","link":"https:\/\/tmtid.com\/pt-pt\/sobre-nos\/","title":{"rendered":"Sobre n\u00f3s"},"content":{"rendered":"","protected":false},"excerpt":{"rendered":"","protected":false},"author":1,"featured_media":0,"parent":0,"menu_order":0,"comment_status":"closed","ping_status":"closed","template":"TEMPLATE-about-us.php","meta":{"_acf_changed":false,"content-type":"","footnotes":""},"class_list":["post-34921","page","type-page","status-publish","hentry"],"acf":[],"yoast_head":"<!-- This site is optimized with the Yoast SEO Premium plugin v26.8 (Yoast SEO v26.8) - https:\/\/yoast.com\/product\/yoast-seo-premium-wordpress\/ -->\n<title>Somos mais do que um telem\u00f3vel Saiba mais sobre n\u00f3s - TMT ID<\/title>\n<meta name=\"description\" content=\"TMT ID - os principais sites de com\u00e9rcio eletr\u00f3nico, servi\u00e7os de mensagens, bancos e empresas de servi\u00e7os financeiros do mundo confiam em n\u00f3s para reduzir a fraude.\" \/>\n<meta name=\"robots\" content=\"index, follow, max-snippet:-1, max-image-preview:large, max-video-preview:-1\" \/>\n<link rel=\"canonical\" href=\"https:\/\/tmtid.com\/pt-pt\/sobre-nos\/\" \/>\n<meta property=\"og:locale\" content=\"pt_PT\" \/>\n<meta property=\"og:type\" content=\"article\" \/>\n<meta property=\"og:title\" content=\"Sobre n\u00f3s\" \/>\n<meta property=\"og:description\" content=\"TMT ID - os principais sites de com\u00e9rcio eletr\u00f3nico, servi\u00e7os de mensagens, bancos e empresas de servi\u00e7os financeiros do mundo confiam em n\u00f3s para reduzir a fraude.\" \/>\n<meta property=\"og:url\" content=\"https:\/\/tmtid.com\/pt-pt\/sobre-nos\/\" \/>\n<meta property=\"og:site_name\" content=\"TMT ID\" \/>\n<meta property=\"article:modified_time\" content=\"2025-02-18T12:47:08+00:00\" \/>\n<meta property=\"og:image\" content=\"https:\/\/tmtid.com\/wp-content\/uploads\/2024\/03\/Home-Page-Image-2.png\" \/>\n\t<meta property=\"og:image:width\" content=\"800\" \/>\n\t<meta property=\"og:image:height\" content=\"418\" \/>\n\t<meta property=\"og:image:type\" content=\"image\/png\" \/>\n<meta name=\"twitter:card\" content=\"summary_large_image\" \/>\n<script type=\"application\/ld+json\" class=\"yoast-schema-graph\">{\"@context\":\"https:\/\/schema.org\",\"@graph\":[{\"@type\":\"WebPage\",\"@id\":\"https:\/\/tmtid.com\/pt-pt\/sobre-nos\/\",\"url\":\"https:\/\/tmtid.com\/pt-pt\/sobre-nos\/\",\"name\":\"Somos mais do que um telem\u00f3vel Saiba mais sobre n\u00f3s - TMT ID\",\"isPartOf\":{\"@id\":\"https:\/\/tmtid.com\/pt-pt\/#website\"},\"datePublished\":\"2024-03-13T10:25:34+00:00\",\"dateModified\":\"2025-02-18T12:47:08+00:00\",\"description\":\"TMT ID - os principais sites de com\u00e9rcio eletr\u00f3nico, servi\u00e7os de mensagens, bancos e empresas de servi\u00e7os financeiros do mundo confiam em n\u00f3s para reduzir a fraude.\",\"breadcrumb\":{\"@id\":\"https:\/\/tmtid.com\/pt-pt\/sobre-nos\/#breadcrumb\"},\"inLanguage\":\"pt-PT\",\"potentialAction\":[{\"@type\":\"ReadAction\",\"target\":[\"https:\/\/tmtid.com\/pt-pt\/sobre-nos\/\"]}]},{\"@type\":\"BreadcrumbList\",\"@id\":\"https:\/\/tmtid.com\/pt-pt\/sobre-nos\/#breadcrumb\",\"itemListElement\":[{\"@type\":\"ListItem\",\"position\":1,\"name\":\"Home\",\"item\":\"https:\/\/tmtid.com\/pt-pt\/\"},{\"@type\":\"ListItem\",\"position\":2,\"name\":\"Sobre n\u00f3s\"}]},{\"@type\":\"WebSite\",\"@id\":\"https:\/\/tmtid.com\/pt-pt\/#website\",\"url\":\"https:\/\/tmtid.com\/pt-pt\/\",\"name\":\"TMT ID\",\"description\":\"Mobile Intelligence Experts\",\"publisher\":{\"@id\":\"https:\/\/tmtid.com\/pt-pt\/#organization\"},\"alternateName\":\"TMT Analysis\",\"potentialAction\":[{\"@type\":\"SearchAction\",\"target\":{\"@type\":\"EntryPoint\",\"urlTemplate\":\"https:\/\/tmtid.com\/pt-pt\/?s={search_term_string}\"},\"query-input\":{\"@type\":\"PropertyValueSpecification\",\"valueRequired\":true,\"valueName\":\"search_term_string\"}}],\"inLanguage\":\"pt-PT\"},{\"@type\":\"Organization\",\"@id\":\"https:\/\/tmtid.com\/pt-pt\/#organization\",\"name\":\"TMT ID\",\"alternateName\":\"TMT Analysis\",\"url\":\"https:\/\/tmtid.com\/pt-pt\/\",\"logo\":{\"@type\":\"ImageObject\",\"inLanguage\":\"pt-PT\",\"@id\":\"https:\/\/tmtid.com\/pt-pt\/#\/schema\/logo\/image\/\",\"url\":\"https:\/\/tmtid.com\/wp-content\/uploads\/2024\/03\/big_logo.png\",\"contentUrl\":\"https:\/\/tmtid.com\/wp-content\/uploads\/2024\/03\/big_logo.png\",\"width\":457,\"height\":195,\"caption\":\"TMT ID\"},\"image\":{\"@id\":\"https:\/\/tmtid.com\/pt-pt\/#\/schema\/logo\/image\/\"},\"sameAs\":[\"https:\/\/www.linkedin.com\/company\/tmtid\/\"],\"description\":\"TMT ID are the experts in mobile identity and trusted data.\",\"email\":\"info@tmtid.com\",\"telephone\":\"0207 193 5161\",\"legalName\":\"TMT ANALYSIS LIMITED\",\"numberOfEmployees\":{\"@type\":\"QuantitativeValue\",\"minValue\":\"51\",\"maxValue\":\"200\"},\"actionableFeedbackPolicy\":\"https:\/\/tmtid.com\/quality-policy\/\"}]}<\/script>\n<!-- \/ Yoast SEO Premium plugin. -->","yoast_head_json":{"title":"Somos mais do que um telem\u00f3vel Saiba mais sobre n\u00f3s - TMT ID","description":"TMT ID - os principais sites de com\u00e9rcio eletr\u00f3nico, servi\u00e7os de mensagens, bancos e empresas de servi\u00e7os financeiros do mundo confiam em n\u00f3s para reduzir a fraude.","robots":{"index":"index","follow":"follow","max-snippet":"max-snippet:-1","max-image-preview":"max-image-preview:large","max-video-preview":"max-video-preview:-1"},"canonical":"https:\/\/tmtid.com\/pt-pt\/sobre-nos\/","og_locale":"pt_PT","og_type":"article","og_title":"Sobre n\u00f3s","og_description":"TMT ID - os principais sites de com\u00e9rcio eletr\u00f3nico, servi\u00e7os de mensagens, bancos e empresas de servi\u00e7os financeiros do mundo confiam em n\u00f3s para reduzir a fraude.","og_url":"https:\/\/tmtid.com\/pt-pt\/sobre-nos\/","og_site_name":"TMT ID","article_modified_time":"2025-02-18T12:47:08+00:00","og_image":[{"width":800,"height":418,"url":"https:\/\/tmtid.com\/wp-content\/uploads\/2024\/03\/Home-Page-Image-2.png","type":"image\/png"}],"twitter_card":"summary_large_image","schema":{"@context":"https:\/\/schema.org","@graph":[{"@type":"WebPage","@id":"https:\/\/tmtid.com\/pt-pt\/sobre-nos\/","url":"https:\/\/tmtid.com\/pt-pt\/sobre-nos\/","name":"Somos mais do que um telem\u00f3vel Saiba mais sobre n\u00f3s - TMT ID","isPartOf":{"@id":"https:\/\/tmtid.com\/pt-pt\/#website"},"datePublished":"2024-03-13T10:25:34+00:00","dateModified":"2025-02-18T12:47:08+00:00","description":"TMT ID - os principais sites de com\u00e9rcio eletr\u00f3nico, servi\u00e7os de mensagens, bancos e empresas de servi\u00e7os financeiros do mundo confiam em n\u00f3s para reduzir a fraude.","breadcrumb":{"@id":"https:\/\/tmtid.com\/pt-pt\/sobre-nos\/#breadcrumb"},"inLanguage":"pt-PT","potentialAction":[{"@type":"ReadAction","target":["https:\/\/tmtid.com\/pt-pt\/sobre-nos\/"]}]},{"@type":"BreadcrumbList","@id":"https:\/\/tmtid.com\/pt-pt\/sobre-nos\/#breadcrumb","itemListElement":[{"@type":"ListItem","position":1,"name":"Home","item":"https:\/\/tmtid.com\/pt-pt\/"},{"@type":"ListItem","position":2,"name":"Sobre n\u00f3s"}]},{"@type":"WebSite","@id":"https:\/\/tmtid.com\/pt-pt\/#website","url":"https:\/\/tmtid.com\/pt-pt\/","name":"TMT ID","description":"Mobile Intelligence Experts","publisher":{"@id":"https:\/\/tmtid.com\/pt-pt\/#organization"},"alternateName":"TMT Analysis","potentialAction":[{"@type":"SearchAction","target":{"@type":"EntryPoint","urlTemplate":"https:\/\/tmtid.com\/pt-pt\/?s={search_term_string}"},"query-input":{"@type":"PropertyValueSpecification","valueRequired":true,"valueName":"search_term_string"}}],"inLanguage":"pt-PT"},{"@type":"Organization","@id":"https:\/\/tmtid.com\/pt-pt\/#organization","name":"TMT ID","alternateName":"TMT Analysis","url":"https:\/\/tmtid.com\/pt-pt\/","logo":{"@type":"ImageObject","inLanguage":"pt-PT","@id":"https:\/\/tmtid.com\/pt-pt\/#\/schema\/logo\/image\/","url":"https:\/\/tmtid.com\/wp-content\/uploads\/2024\/03\/big_logo.png","contentUrl":"https:\/\/tmtid.com\/wp-content\/uploads\/2024\/03\/big_logo.png","width":457,"height":195,"caption":"TMT ID"},"image":{"@id":"https:\/\/tmtid.com\/pt-pt\/#\/schema\/logo\/image\/"},"sameAs":["https:\/\/www.linkedin.com\/company\/tmtid\/"],"description":"TMT ID are the experts in mobile identity and trusted data.","email":"info@tmtid.com","telephone":"0207 193 5161","legalName":"TMT ANALYSIS LIMITED","numberOfEmployees":{"@type":"QuantitativeValue","minValue":"51","maxValue":"200"},"actionableFeedbackPolicy":"https:\/\/tmtid.com\/quality-policy\/"}]}},"_links":{"self":[{"href":"https:\/\/tmtid.com\/pt-pt\/wp-json\/wp\/v2\/pages\/34921","targetHints":{"allow":["GET"]}}],"collection":[{"href":"https:\/\/tmtid.com\/pt-pt\/wp-json\/wp\/v2\/pages"}],"about":[{"href":"https:\/\/tmtid.com\/pt-pt\/wp-json\/wp\/v2\/types\/page"}],"author":[{"embeddable":true,"href":"https:\/\/tmtid.com\/pt-pt\/wp-json\/wp\/v2\/users\/1"}],"replies":[{"embeddable":true,"href":"https:\/\/tmtid.com\/pt-pt\/wp-json\/wp\/v2\/comments?post=34921"}],"version-history":[{"count":1,"href":"https:\/\/tmtid.com\/pt-pt\/wp-json\/wp\/v2\/pages\/34921\/revisions"}],"predecessor-version":[{"id":34962,"href":"https:\/\/tmtid.com\/pt-pt\/wp-json\/wp\/v2\/pages\/34921\/revisions\/34962"}],"wp:attachment":[{"href":"https:\/\/tmtid.com\/pt-pt\/wp-json\/wp\/v2\/media?parent=34921"}],"curies":[{"name":"wp","href":"https:\/\/api.w.org\/{rel}","templated":true}]}}