{"id":34903,"date":"2024-03-18T16:02:23","date_gmt":"2024-03-18T16:02:23","guid":{"rendered":"https:\/\/tmtid.com\/verificacao-da-idade\/"},"modified":"2025-02-18T12:47:11","modified_gmt":"2025-02-18T12:47:11","slug":"verificacao-da-idade","status":"publish","type":"page","link":"https:\/\/tmtid.com\/pt-pt\/verificar\/verificacao-da-idade\/","title":{"rendered":"Verifica\u00e7\u00e3o da idade"},"content":{"rendered":"","protected":false},"excerpt":{"rendered":"","protected":false},"author":1,"featured_media":0,"parent":35075,"menu_order":0,"comment_status":"closed","ping_status":"closed","template":"TEMPLATE-bespoke-product.php","meta":{"_acf_changed":false,"content-type":"","footnotes":""},"class_list":["post-34903","page","type-page","status-publish","hentry"],"acf":[],"yoast_head":"<!-- This site is optimized with the Yoast SEO Premium plugin v26.8 (Yoast SEO v26.8) - https:\/\/yoast.com\/product\/yoast-seo-premium-wordpress\/ -->\n<title>Solu\u00e7\u00f5es de verifica\u00e7\u00e3o de idade em linha - TMT ID<\/title>\n<meta name=\"description\" content=\"A TMT ID utiliza intelig\u00eancia de n\u00fameros m\u00f3veis para fornecer solu\u00e7\u00f5es precisas de verifica\u00e7\u00e3o de idade para plataformas online. Melhore a sua verifica\u00e7\u00e3o de identidade hoje mesmo!\" \/>\n<meta name=\"robots\" content=\"index, follow, max-snippet:-1, max-image-preview:large, max-video-preview:-1\" \/>\n<link rel=\"canonical\" href=\"https:\/\/tmtid.com\/pt-pt\/verificar\/verificacao-da-idade\/\" \/>\n<meta property=\"og:locale\" content=\"pt_PT\" \/>\n<meta property=\"og:type\" content=\"article\" \/>\n<meta property=\"og:title\" content=\"Verifica\u00e7\u00e3o da idade\" \/>\n<meta property=\"og:description\" content=\"A TMT ID utiliza intelig\u00eancia de n\u00fameros m\u00f3veis para fornecer solu\u00e7\u00f5es precisas de verifica\u00e7\u00e3o de idade para plataformas online. Melhore a sua verifica\u00e7\u00e3o de identidade hoje mesmo!\" \/>\n<meta property=\"og:url\" content=\"https:\/\/tmtid.com\/pt-pt\/verificar\/verificacao-da-idade\/\" \/>\n<meta property=\"og:site_name\" content=\"TMT ID\" \/>\n<meta property=\"article:modified_time\" content=\"2025-02-18T12:47:11+00:00\" \/>\n<meta property=\"og:image\" content=\"https:\/\/tmtid.com\/wp-content\/uploads\/2024\/03\/Home-Page-Image-2.png\" \/>\n\t<meta property=\"og:image:width\" content=\"800\" \/>\n\t<meta property=\"og:image:height\" content=\"418\" \/>\n\t<meta property=\"og:image:type\" content=\"image\/png\" \/>\n<meta name=\"twitter:card\" content=\"summary_large_image\" \/>\n<script type=\"application\/ld+json\" class=\"yoast-schema-graph\">{\"@context\":\"https:\/\/schema.org\",\"@graph\":[{\"@type\":\"WebPage\",\"@id\":\"https:\/\/tmtid.com\/pt-pt\/verificar\/verificacao-da-idade\/\",\"url\":\"https:\/\/tmtid.com\/pt-pt\/verificar\/verificacao-da-idade\/\",\"name\":\"Solu\u00e7\u00f5es de verifica\u00e7\u00e3o de idade em linha - TMT ID\",\"isPartOf\":{\"@id\":\"https:\/\/tmtid.com\/pt-pt\/#website\"},\"datePublished\":\"2024-03-18T16:02:23+00:00\",\"dateModified\":\"2025-02-18T12:47:11+00:00\",\"description\":\"A TMT ID utiliza intelig\u00eancia de n\u00fameros m\u00f3veis para fornecer solu\u00e7\u00f5es precisas de verifica\u00e7\u00e3o de idade para plataformas online. Melhore a sua verifica\u00e7\u00e3o de identidade hoje mesmo!\",\"breadcrumb\":{\"@id\":\"https:\/\/tmtid.com\/pt-pt\/verificar\/verificacao-da-idade\/#breadcrumb\"},\"inLanguage\":\"pt-PT\",\"potentialAction\":[{\"@type\":\"ReadAction\",\"target\":[\"https:\/\/tmtid.com\/pt-pt\/verificar\/verificacao-da-idade\/\"]}]},{\"@type\":\"BreadcrumbList\",\"@id\":\"https:\/\/tmtid.com\/pt-pt\/verificar\/verificacao-da-idade\/#breadcrumb\",\"itemListElement\":[{\"@type\":\"ListItem\",\"position\":1,\"name\":\"Home\",\"item\":\"https:\/\/tmtid.com\/pt-pt\/\"},{\"@type\":\"ListItem\",\"position\":2,\"name\":\"Verificar\",\"item\":\"https:\/\/tmtid.com\/pt-pt\/verificar\/\"},{\"@type\":\"ListItem\",\"position\":3,\"name\":\"Verifica\u00e7\u00e3o da idade\"}]},{\"@type\":\"WebSite\",\"@id\":\"https:\/\/tmtid.com\/pt-pt\/#website\",\"url\":\"https:\/\/tmtid.com\/pt-pt\/\",\"name\":\"TMT ID\",\"description\":\"Mobile Intelligence Experts\",\"publisher\":{\"@id\":\"https:\/\/tmtid.com\/pt-pt\/#organization\"},\"alternateName\":\"TMT Analysis\",\"potentialAction\":[{\"@type\":\"SearchAction\",\"target\":{\"@type\":\"EntryPoint\",\"urlTemplate\":\"https:\/\/tmtid.com\/pt-pt\/?s={search_term_string}\"},\"query-input\":{\"@type\":\"PropertyValueSpecification\",\"valueRequired\":true,\"valueName\":\"search_term_string\"}}],\"inLanguage\":\"pt-PT\"},{\"@type\":\"Organization\",\"@id\":\"https:\/\/tmtid.com\/pt-pt\/#organization\",\"name\":\"TMT ID\",\"alternateName\":\"TMT Analysis\",\"url\":\"https:\/\/tmtid.com\/pt-pt\/\",\"logo\":{\"@type\":\"ImageObject\",\"inLanguage\":\"pt-PT\",\"@id\":\"https:\/\/tmtid.com\/pt-pt\/#\/schema\/logo\/image\/\",\"url\":\"https:\/\/tmtid.com\/wp-content\/uploads\/2024\/03\/big_logo.png\",\"contentUrl\":\"https:\/\/tmtid.com\/wp-content\/uploads\/2024\/03\/big_logo.png\",\"width\":457,\"height\":195,\"caption\":\"TMT ID\"},\"image\":{\"@id\":\"https:\/\/tmtid.com\/pt-pt\/#\/schema\/logo\/image\/\"},\"sameAs\":[\"https:\/\/www.linkedin.com\/company\/tmtid\/\"],\"description\":\"TMT ID are the experts in mobile identity and trusted data.\",\"email\":\"info@tmtid.com\",\"telephone\":\"0207 193 5161\",\"legalName\":\"TMT ANALYSIS LIMITED\",\"numberOfEmployees\":{\"@type\":\"QuantitativeValue\",\"minValue\":\"51\",\"maxValue\":\"200\"},\"actionableFeedbackPolicy\":\"https:\/\/tmtid.com\/quality-policy\/\"}]}<\/script>\n<!-- \/ Yoast SEO Premium plugin. -->","yoast_head_json":{"title":"Solu\u00e7\u00f5es de verifica\u00e7\u00e3o de idade em linha - TMT ID","description":"A TMT ID utiliza intelig\u00eancia de n\u00fameros m\u00f3veis para fornecer solu\u00e7\u00f5es precisas de verifica\u00e7\u00e3o de idade para plataformas online. Melhore a sua verifica\u00e7\u00e3o de identidade hoje mesmo!","robots":{"index":"index","follow":"follow","max-snippet":"max-snippet:-1","max-image-preview":"max-image-preview:large","max-video-preview":"max-video-preview:-1"},"canonical":"https:\/\/tmtid.com\/pt-pt\/verificar\/verificacao-da-idade\/","og_locale":"pt_PT","og_type":"article","og_title":"Verifica\u00e7\u00e3o da idade","og_description":"A TMT ID utiliza intelig\u00eancia de n\u00fameros m\u00f3veis para fornecer solu\u00e7\u00f5es precisas de verifica\u00e7\u00e3o de idade para plataformas online. Melhore a sua verifica\u00e7\u00e3o de identidade hoje mesmo!","og_url":"https:\/\/tmtid.com\/pt-pt\/verificar\/verificacao-da-idade\/","og_site_name":"TMT ID","article_modified_time":"2025-02-18T12:47:11+00:00","og_image":[{"width":800,"height":418,"url":"https:\/\/tmtid.com\/wp-content\/uploads\/2024\/03\/Home-Page-Image-2.png","type":"image\/png"}],"twitter_card":"summary_large_image","schema":{"@context":"https:\/\/schema.org","@graph":[{"@type":"WebPage","@id":"https:\/\/tmtid.com\/pt-pt\/verificar\/verificacao-da-idade\/","url":"https:\/\/tmtid.com\/pt-pt\/verificar\/verificacao-da-idade\/","name":"Solu\u00e7\u00f5es de verifica\u00e7\u00e3o de idade em linha - TMT ID","isPartOf":{"@id":"https:\/\/tmtid.com\/pt-pt\/#website"},"datePublished":"2024-03-18T16:02:23+00:00","dateModified":"2025-02-18T12:47:11+00:00","description":"A TMT ID utiliza intelig\u00eancia de n\u00fameros m\u00f3veis para fornecer solu\u00e7\u00f5es precisas de verifica\u00e7\u00e3o de idade para plataformas online. Melhore a sua verifica\u00e7\u00e3o de identidade hoje mesmo!","breadcrumb":{"@id":"https:\/\/tmtid.com\/pt-pt\/verificar\/verificacao-da-idade\/#breadcrumb"},"inLanguage":"pt-PT","potentialAction":[{"@type":"ReadAction","target":["https:\/\/tmtid.com\/pt-pt\/verificar\/verificacao-da-idade\/"]}]},{"@type":"BreadcrumbList","@id":"https:\/\/tmtid.com\/pt-pt\/verificar\/verificacao-da-idade\/#breadcrumb","itemListElement":[{"@type":"ListItem","position":1,"name":"Home","item":"https:\/\/tmtid.com\/pt-pt\/"},{"@type":"ListItem","position":2,"name":"Verificar","item":"https:\/\/tmtid.com\/pt-pt\/verificar\/"},{"@type":"ListItem","position":3,"name":"Verifica\u00e7\u00e3o da idade"}]},{"@type":"WebSite","@id":"https:\/\/tmtid.com\/pt-pt\/#website","url":"https:\/\/tmtid.com\/pt-pt\/","name":"TMT ID","description":"Mobile Intelligence Experts","publisher":{"@id":"https:\/\/tmtid.com\/pt-pt\/#organization"},"alternateName":"TMT Analysis","potentialAction":[{"@type":"SearchAction","target":{"@type":"EntryPoint","urlTemplate":"https:\/\/tmtid.com\/pt-pt\/?s={search_term_string}"},"query-input":{"@type":"PropertyValueSpecification","valueRequired":true,"valueName":"search_term_string"}}],"inLanguage":"pt-PT"},{"@type":"Organization","@id":"https:\/\/tmtid.com\/pt-pt\/#organization","name":"TMT ID","alternateName":"TMT Analysis","url":"https:\/\/tmtid.com\/pt-pt\/","logo":{"@type":"ImageObject","inLanguage":"pt-PT","@id":"https:\/\/tmtid.com\/pt-pt\/#\/schema\/logo\/image\/","url":"https:\/\/tmtid.com\/wp-content\/uploads\/2024\/03\/big_logo.png","contentUrl":"https:\/\/tmtid.com\/wp-content\/uploads\/2024\/03\/big_logo.png","width":457,"height":195,"caption":"TMT ID"},"image":{"@id":"https:\/\/tmtid.com\/pt-pt\/#\/schema\/logo\/image\/"},"sameAs":["https:\/\/www.linkedin.com\/company\/tmtid\/"],"description":"TMT ID are the experts in mobile identity and trusted data.","email":"info@tmtid.com","telephone":"0207 193 5161","legalName":"TMT ANALYSIS LIMITED","numberOfEmployees":{"@type":"QuantitativeValue","minValue":"51","maxValue":"200"},"actionableFeedbackPolicy":"https:\/\/tmtid.com\/quality-policy\/"}]}},"_links":{"self":[{"href":"https:\/\/tmtid.com\/pt-pt\/wp-json\/wp\/v2\/pages\/34903","targetHints":{"allow":["GET"]}}],"collection":[{"href":"https:\/\/tmtid.com\/pt-pt\/wp-json\/wp\/v2\/pages"}],"about":[{"href":"https:\/\/tmtid.com\/pt-pt\/wp-json\/wp\/v2\/types\/page"}],"author":[{"embeddable":true,"href":"https:\/\/tmtid.com\/pt-pt\/wp-json\/wp\/v2\/users\/1"}],"replies":[{"embeddable":true,"href":"https:\/\/tmtid.com\/pt-pt\/wp-json\/wp\/v2\/comments?post=34903"}],"version-history":[{"count":1,"href":"https:\/\/tmtid.com\/pt-pt\/wp-json\/wp\/v2\/pages\/34903\/revisions"}],"predecessor-version":[{"id":35077,"href":"https:\/\/tmtid.com\/pt-pt\/wp-json\/wp\/v2\/pages\/34903\/revisions\/35077"}],"up":[{"embeddable":true,"href":"https:\/\/tmtid.com\/pt-pt\/wp-json\/wp\/v2\/pages\/35075"}],"wp:attachment":[{"href":"https:\/\/tmtid.com\/pt-pt\/wp-json\/wp\/v2\/media?parent=34903"}],"curies":[{"name":"wp","href":"https:\/\/api.w.org\/{rel}","templated":true}]}}