{"id":35801,"date":"2024-03-20T19:17:32","date_gmt":"2024-03-20T19:17:32","guid":{"rendered":"https:\/\/tmtid.com\/acessibilidade\/"},"modified":"2024-11-08T16:26:06","modified_gmt":"2024-11-08T16:26:06","slug":"acessibilidade","status":"publish","type":"page","link":"https:\/\/tmtid.com\/pt-br\/acessibilidade\/","title":{"rendered":"Acessibilidade"},"content":{"rendered":"<p><strong>DECLARA\u00c7\u00c3O DE ACESSIBILIDADE DO SITE<\/strong><\/p>\n<p>Reconhecemos a import\u00e2ncia de fornecer um site que seja acess\u00edvel a todos os grupos de usu\u00e1rios, incluindo aqueles com defici\u00eancia ou incapacidade. Sempre que poss\u00edvel, inclu\u00edmos recursos simplificados para tornar nosso conte\u00fado dispon\u00edvel para qualquer pessoa que esteja usando tecnologia assistiva ou que, de outra forma, possa achar os recursos padr\u00e3o dif\u00edceis de usar.<\/p>\n<p>Nosso objetivo \u00e9 oferecer acessibilidade total a todo o conte\u00fado de nosso site.<\/p>\n<h2>Ajuda ou feedback<\/h2>\n<p>Estamos comprometidos com as melhorias cont\u00ednuas de acessibilidade.<\/p>\n<p>Se voc\u00ea quiser nos dar um feedback ou estiver com dificuldades para acessar este site por qualquer motivo, informe-nos e faremos o poss\u00edvel para resolver o problema.<\/p>\n<p>Voc\u00ea pode entrar em contato conosco, por exemplo, enviando um e-mail para<em> info@tmtid.com <\/em>.  <\/p>\n<h2>Recursos de acessibilidade<\/h2>\n<p>Inclu\u00edmos v\u00e1rios recursos para melhorar a usabilidade e a acessibilidade.<\/p>\n<h2>Mapa do site<\/h2>\n<p>Um mapa do site est\u00e1 dispon\u00edvel em nosso site. Voc\u00ea ter\u00e1 uma vis\u00e3o geral de todo o conte\u00fado deste site, com todos os hiperlinks para ajudar na navega\u00e7\u00e3o.<\/p>\n<h2>P\u00e1gina inicial e links de pesquisa<\/h2>\n<p>Todas as p\u00e1ginas t\u00eam links de p\u00e1gina inicial e de pesquisa para ajudar na navega\u00e7\u00e3o em navegadores somente de texto.<\/p>\n<h2>Navega\u00e7\u00e3o pelo teclado<\/h2>\n<p>Todos os links e interfaces de usu\u00e1rio s\u00e3o projetados para serem navegados com um teclado.<\/p>\n<ul>\n<li>pressione <strong>SHIFT<\/strong> e <strong>TAB<\/strong> para navegar at\u00e9 o link anterior; e<\/li>\n<li>pressione <strong>ENTER<\/strong> para seguir um link<\/li>\n<\/ul>\n<h2>Chaves de acesso<\/h2>\n<p>Nosso site usa chaves de acesso para ajudar voc\u00ea a navegar. Eles podem ser acessados da seguinte forma:<\/p>\n<ul>\n<li>Se voc\u00ea estiver usando um PC, mantenha pressionada a tecla <strong>ALT<\/strong> <\/li>\n<li>Se voc\u00ea estiver usando um Mac, mantenha pressionadas as teclas <strong>CTRL<\/strong> e <strong>ALT<\/strong> <\/li>\n<\/ul>\n","protected":false},"excerpt":{"rendered":"<p>DECLARA\u00c7\u00c3O DE ACESSIBILIDADE DO SITE Reconhecemos a import\u00e2ncia de fornecer um site que seja acess\u00edvel a todos os grupos de usu\u00e1rios, incluindo aqueles com defici\u00eancia ou incapacidade. Sempre que poss\u00edvel, inclu\u00edmos recursos simplificados para tornar nosso conte\u00fado dispon\u00edvel para qualquer pessoa que esteja usando tecnologia assistiva ou que, de outra forma, possa achar os recursos <a href=\"https:\/\/tmtid.com\/pt-br\/acessibilidade\/\" class=\"more-link\">&#8230;<span class=\"screen-reader-text\">  Acessibilidade<\/span><\/a><\/p>\n","protected":false},"author":2,"featured_media":0,"parent":0,"menu_order":0,"comment_status":"closed","ping_status":"closed","template":"TEMPLATE-plain.php","meta":{"_acf_changed":false,"content-type":"","footnotes":""},"class_list":["post-35801","page","type-page","status-publish","hentry"],"acf":[],"yoast_head":"<!-- This site is optimized with the Yoast SEO Premium plugin v26.8 (Yoast SEO v26.8) - https:\/\/yoast.com\/product\/yoast-seo-premium-wordpress\/ -->\n<title>Acessibilidade | TMT ID<\/title>\n<meta name=\"robots\" content=\"index, follow, max-snippet:-1, max-image-preview:large, max-video-preview:-1\" \/>\n<link rel=\"canonical\" href=\"https:\/\/tmtid.com\/pt-br\/acessibilidade\/\" \/>\n<meta property=\"og:locale\" content=\"pt_BR\" \/>\n<meta property=\"og:type\" content=\"article\" \/>\n<meta property=\"og:title\" content=\"Acessibilidade\" \/>\n<meta property=\"og:description\" content=\"DECLARA\u00c7\u00c3O DE ACESSIBILIDADE DO SITE Reconhecemos a import\u00e2ncia de fornecer um site que seja acess\u00edvel a todos os grupos de usu\u00e1rios, incluindo aqueles com defici\u00eancia ou incapacidade. Sempre que poss\u00edvel, inclu\u00edmos recursos simplificados para tornar nosso conte\u00fado dispon\u00edvel para qualquer pessoa que esteja usando tecnologia assistiva ou que, de outra forma, possa achar os recursos ... Acessibilidade\" \/>\n<meta property=\"og:url\" content=\"https:\/\/tmtid.com\/pt-br\/acessibilidade\/\" \/>\n<meta property=\"og:site_name\" content=\"TMT ID\" \/>\n<meta property=\"article:modified_time\" content=\"2024-11-08T16:26:06+00:00\" \/>\n<meta property=\"og:image\" content=\"https:\/\/tmtid.com\/wp-content\/uploads\/2024\/03\/Home-Page-Image-2.png\" \/>\n\t<meta property=\"og:image:width\" content=\"800\" \/>\n\t<meta property=\"og:image:height\" content=\"418\" \/>\n\t<meta property=\"og:image:type\" content=\"image\/png\" \/>\n<meta name=\"twitter:card\" content=\"summary_large_image\" \/>\n<meta name=\"twitter:label1\" content=\"Est. tempo de leitura\" \/>\n\t<meta name=\"twitter:data1\" content=\"2 minutos\" \/>\n<script type=\"application\/ld+json\" class=\"yoast-schema-graph\">{\"@context\":\"https:\/\/schema.org\",\"@graph\":[{\"@type\":\"WebPage\",\"@id\":\"https:\/\/tmtid.com\/pt-br\/acessibilidade\/\",\"url\":\"https:\/\/tmtid.com\/pt-br\/acessibilidade\/\",\"name\":\"Acessibilidade | TMT ID\",\"isPartOf\":{\"@id\":\"https:\/\/tmtid.com\/pt-br\/#website\"},\"datePublished\":\"2024-03-20T19:17:32+00:00\",\"dateModified\":\"2024-11-08T16:26:06+00:00\",\"breadcrumb\":{\"@id\":\"https:\/\/tmtid.com\/pt-br\/acessibilidade\/#breadcrumb\"},\"inLanguage\":\"pt-BR\",\"potentialAction\":[{\"@type\":\"ReadAction\",\"target\":[\"https:\/\/tmtid.com\/pt-br\/acessibilidade\/\"]}]},{\"@type\":\"BreadcrumbList\",\"@id\":\"https:\/\/tmtid.com\/pt-br\/acessibilidade\/#breadcrumb\",\"itemListElement\":[{\"@type\":\"ListItem\",\"position\":1,\"name\":\"Home\",\"item\":\"https:\/\/tmtid.com\/pt-br\/\"},{\"@type\":\"ListItem\",\"position\":2,\"name\":\"Acessibilidade\"}]},{\"@type\":\"WebSite\",\"@id\":\"https:\/\/tmtid.com\/pt-br\/#website\",\"url\":\"https:\/\/tmtid.com\/pt-br\/\",\"name\":\"TMT ID\",\"description\":\"Mobile Intelligence Experts\",\"publisher\":{\"@id\":\"https:\/\/tmtid.com\/pt-br\/#organization\"},\"alternateName\":\"TMT Analysis\",\"potentialAction\":[{\"@type\":\"SearchAction\",\"target\":{\"@type\":\"EntryPoint\",\"urlTemplate\":\"https:\/\/tmtid.com\/pt-br\/?s={search_term_string}\"},\"query-input\":{\"@type\":\"PropertyValueSpecification\",\"valueRequired\":true,\"valueName\":\"search_term_string\"}}],\"inLanguage\":\"pt-BR\"},{\"@type\":\"Organization\",\"@id\":\"https:\/\/tmtid.com\/pt-br\/#organization\",\"name\":\"TMT ID\",\"alternateName\":\"TMT Analysis\",\"url\":\"https:\/\/tmtid.com\/pt-br\/\",\"logo\":{\"@type\":\"ImageObject\",\"inLanguage\":\"pt-BR\",\"@id\":\"https:\/\/tmtid.com\/pt-br\/#\/schema\/logo\/image\/\",\"url\":\"https:\/\/tmtid.com\/wp-content\/uploads\/2024\/03\/big_logo.png\",\"contentUrl\":\"https:\/\/tmtid.com\/wp-content\/uploads\/2024\/03\/big_logo.png\",\"width\":457,\"height\":195,\"caption\":\"TMT ID\"},\"image\":{\"@id\":\"https:\/\/tmtid.com\/pt-br\/#\/schema\/logo\/image\/\"},\"sameAs\":[\"https:\/\/www.linkedin.com\/company\/tmtid\/\"],\"description\":\"TMT ID are the experts in mobile identity and trusted data.\",\"email\":\"info@tmtid.com\",\"telephone\":\"0207 193 5161\",\"legalName\":\"TMT ANALYSIS LIMITED\",\"numberOfEmployees\":{\"@type\":\"QuantitativeValue\",\"minValue\":\"51\",\"maxValue\":\"200\"},\"actionableFeedbackPolicy\":\"https:\/\/tmtid.com\/quality-policy\/\"}]}<\/script>\n<!-- \/ Yoast SEO Premium plugin. -->","yoast_head_json":{"title":"Acessibilidade | TMT ID","robots":{"index":"index","follow":"follow","max-snippet":"max-snippet:-1","max-image-preview":"max-image-preview:large","max-video-preview":"max-video-preview:-1"},"canonical":"https:\/\/tmtid.com\/pt-br\/acessibilidade\/","og_locale":"pt_BR","og_type":"article","og_title":"Acessibilidade","og_description":"DECLARA\u00c7\u00c3O DE ACESSIBILIDADE DO SITE Reconhecemos a import\u00e2ncia de fornecer um site que seja acess\u00edvel a todos os grupos de usu\u00e1rios, incluindo aqueles com defici\u00eancia ou incapacidade. Sempre que poss\u00edvel, inclu\u00edmos recursos simplificados para tornar nosso conte\u00fado dispon\u00edvel para qualquer pessoa que esteja usando tecnologia assistiva ou que, de outra forma, possa achar os recursos ... Acessibilidade","og_url":"https:\/\/tmtid.com\/pt-br\/acessibilidade\/","og_site_name":"TMT ID","article_modified_time":"2024-11-08T16:26:06+00:00","og_image":[{"width":800,"height":418,"url":"https:\/\/tmtid.com\/wp-content\/uploads\/2024\/03\/Home-Page-Image-2.png","type":"image\/png"}],"twitter_card":"summary_large_image","twitter_misc":{"Est. tempo de leitura":"2 minutos"},"schema":{"@context":"https:\/\/schema.org","@graph":[{"@type":"WebPage","@id":"https:\/\/tmtid.com\/pt-br\/acessibilidade\/","url":"https:\/\/tmtid.com\/pt-br\/acessibilidade\/","name":"Acessibilidade | TMT ID","isPartOf":{"@id":"https:\/\/tmtid.com\/pt-br\/#website"},"datePublished":"2024-03-20T19:17:32+00:00","dateModified":"2024-11-08T16:26:06+00:00","breadcrumb":{"@id":"https:\/\/tmtid.com\/pt-br\/acessibilidade\/#breadcrumb"},"inLanguage":"pt-BR","potentialAction":[{"@type":"ReadAction","target":["https:\/\/tmtid.com\/pt-br\/acessibilidade\/"]}]},{"@type":"BreadcrumbList","@id":"https:\/\/tmtid.com\/pt-br\/acessibilidade\/#breadcrumb","itemListElement":[{"@type":"ListItem","position":1,"name":"Home","item":"https:\/\/tmtid.com\/pt-br\/"},{"@type":"ListItem","position":2,"name":"Acessibilidade"}]},{"@type":"WebSite","@id":"https:\/\/tmtid.com\/pt-br\/#website","url":"https:\/\/tmtid.com\/pt-br\/","name":"TMT ID","description":"Mobile Intelligence Experts","publisher":{"@id":"https:\/\/tmtid.com\/pt-br\/#organization"},"alternateName":"TMT Analysis","potentialAction":[{"@type":"SearchAction","target":{"@type":"EntryPoint","urlTemplate":"https:\/\/tmtid.com\/pt-br\/?s={search_term_string}"},"query-input":{"@type":"PropertyValueSpecification","valueRequired":true,"valueName":"search_term_string"}}],"inLanguage":"pt-BR"},{"@type":"Organization","@id":"https:\/\/tmtid.com\/pt-br\/#organization","name":"TMT ID","alternateName":"TMT Analysis","url":"https:\/\/tmtid.com\/pt-br\/","logo":{"@type":"ImageObject","inLanguage":"pt-BR","@id":"https:\/\/tmtid.com\/pt-br\/#\/schema\/logo\/image\/","url":"https:\/\/tmtid.com\/wp-content\/uploads\/2024\/03\/big_logo.png","contentUrl":"https:\/\/tmtid.com\/wp-content\/uploads\/2024\/03\/big_logo.png","width":457,"height":195,"caption":"TMT ID"},"image":{"@id":"https:\/\/tmtid.com\/pt-br\/#\/schema\/logo\/image\/"},"sameAs":["https:\/\/www.linkedin.com\/company\/tmtid\/"],"description":"TMT ID are the experts in mobile identity and trusted data.","email":"info@tmtid.com","telephone":"0207 193 5161","legalName":"TMT ANALYSIS LIMITED","numberOfEmployees":{"@type":"QuantitativeValue","minValue":"51","maxValue":"200"},"actionableFeedbackPolicy":"https:\/\/tmtid.com\/quality-policy\/"}]}},"_links":{"self":[{"href":"https:\/\/tmtid.com\/pt-br\/wp-json\/wp\/v2\/pages\/35801","targetHints":{"allow":["GET"]}}],"collection":[{"href":"https:\/\/tmtid.com\/pt-br\/wp-json\/wp\/v2\/pages"}],"about":[{"href":"https:\/\/tmtid.com\/pt-br\/wp-json\/wp\/v2\/types\/page"}],"author":[{"embeddable":true,"href":"https:\/\/tmtid.com\/pt-br\/wp-json\/wp\/v2\/users\/2"}],"replies":[{"embeddable":true,"href":"https:\/\/tmtid.com\/pt-br\/wp-json\/wp\/v2\/comments?post=35801"}],"version-history":[{"count":1,"href":"https:\/\/tmtid.com\/pt-br\/wp-json\/wp\/v2\/pages\/35801\/revisions"}],"predecessor-version":[{"id":45776,"href":"https:\/\/tmtid.com\/pt-br\/wp-json\/wp\/v2\/pages\/35801\/revisions\/45776"}],"wp:attachment":[{"href":"https:\/\/tmtid.com\/pt-br\/wp-json\/wp\/v2\/media?parent=35801"}],"curies":[{"name":"wp","href":"https:\/\/api.w.org\/{rel}","templated":true}]}}