{"id":35798,"date":"2024-03-18T23:01:24","date_gmt":"2024-03-18T23:01:24","guid":{"rendered":"https:\/\/tmtid.com\/politica-de-uso-aceitavel\/"},"modified":"2024-11-18T09:29:50","modified_gmt":"2024-11-18T09:29:50","slug":"politica-de-uso-aceitavel","status":"publish","type":"page","link":"https:\/\/tmtid.com\/pt-br\/politica-de-uso-aceitavel\/","title":{"rendered":"Pol\u00edtica de uso aceit\u00e1vel"},"content":{"rendered":"<div class=\"elementor-element elementor-element-9d54454 elementor-widget elementor-widget-heading\" data-id=\"9d54454\" data-element_type=\"widget\" data-widget_type=\"heading.default\">\n<div class=\"elementor-widget-container\">\n<p><b>POL\u00cdTICA DE USO ACEIT\u00c1VEL<\/b><\/p>\n<ul>\n<li aria-level=\"1\">\n<h2><b>Sobre esta pol\u00edtica<\/b><\/h2>\n<\/li>\n<\/ul>\n<ol>\n<li style=\"list-style-type: none;\">\n<ol>\n<li style=\"font-weight: 400;\" aria-level=\"2\"><span style=\"font-weight: 400;\">Juntamente com os termos e condi\u00e7\u00f5es de uso do nosso site, esta pol\u00edtica de uso aceit\u00e1vel (<\/span><b>Pol\u00edtica<\/b><span style=\"font-weight: 400;\">) rege a forma como voc\u00ea pode acessar e usar este site e todas as p\u00e1ginas da Web associadas (<\/span><b>Site<\/b><span style=\"font-weight: 400;\">).<\/span><\/li>\n<li style=\"font-weight: 400;\" aria-level=\"2\"><span style=\"font-weight: 400;\">Voc\u00ea deve ler esta Pol\u00edtica cuidadosamente antes de usar o Site.<\/span><\/li>\n<li style=\"font-weight: 400;\" aria-level=\"2\"><span style=\"font-weight: 400;\">Ao usar o Site ou indicar de outra forma o seu consentimento, voc\u00ea concorda em ficar vinculado a esta Pol\u00edtica. Se voc\u00ea n\u00e3o concordar ou n\u00e3o aceitar qualquer parte desta Pol\u00edtica, dever\u00e1 parar de usar o Site imediatamente.<\/span><\/li>\n<li style=\"font-weight: 400;\" aria-level=\"2\"><span style=\"font-weight: 400;\">Nesta pol\u00edtica:<\/span><\/li>\n<\/ol>\n<\/li>\n<\/ol>\n<p><span style=\"font-weight: 400;\">&#8216;<\/span><b>n\u00f3s<\/b><span style=\"font-weight: 400;\">&#8216;, &#8216;<\/span><b>nos<\/b><span style=\"font-weight: 400;\">&#8216; ou &#8216;<\/span><b>nosso<\/b><span style=\"font-weight: 400;\">&#8216; significa TMT Analysis Limited (negociando como TMT ID) e &#8216;<\/span><b>voc\u00ea<\/b><span style=\"font-weight: 400;\">&#8216; ou &#8216;<\/span><b>voc\u00ea<\/b><span style=\"font-weight: 400;\">&#8216; significa a pessoa que acessa ou usa o Site ou seu conte\u00fado.<\/span><\/p>\n<ul>\n<li aria-level=\"1\">\n<h2><b>Uso aceit\u00e1vel<\/b><\/h2>\n<\/li>\n<\/ul>\n<p><span style=\"font-weight: 400;\">Permitimos que voc\u00ea use o Site apenas para fins pessoais e n\u00e3o comerciais. O uso do Site de qualquer outra forma, inclusive qualquer uso inaceit\u00e1vel definido nesta Pol\u00edtica, n\u00e3o \u00e9 permitido.<\/span><\/p>\n<ul>\n<li aria-level=\"1\">\n<h2><b>Uso inaceit\u00e1vel<\/b><\/h2>\n<\/li>\n<\/ul>\n<ol>\n<li style=\"list-style-type: none;\">\n<ol>\n<li style=\"list-style-type: none;\">\n<ol>\n<li style=\"font-weight: 400;\" aria-level=\"2\"><span style=\"font-weight: 400;\">Como condi\u00e7\u00e3o para o uso do Site, voc\u00ea concorda em n\u00e3o usar o Site:<\/span>\n<ol>\n<li style=\"font-weight: 400;\" aria-level=\"3\"><span style=\"font-weight: 400;\">para qualquer finalidade que seja ilegal sob qualquer lei aplic\u00e1vel ou proibida por esta Pol\u00edtica ou pelos termos e condi\u00e7\u00f5es de uso do nosso site<\/span><i><br \/>\n  <span style=\"font-weight: 400;\">;<\/span><br \/>\n<\/i><\/li>\n<li style=\"font-weight: 400;\" aria-level=\"3\"><span style=\"font-weight: 400;\">para cometer qualquer ato de fraude;<\/span><\/li>\n<li style=\"font-weight: 400;\" aria-level=\"3\"><span style=\"font-weight: 400;\">para distribuir v\u00edrus ou malware ou outro c\u00f3digo de software prejudicial semelhante;<\/span><\/li>\n<li style=\"font-weight: 400;\" aria-level=\"3\"><span style=\"font-weight: 400;\">para fins de promo\u00e7\u00e3o de publicidade n\u00e3o solicitada ou envio de spam;<\/span><\/li>\n<li style=\"font-weight: 400;\" aria-level=\"3\"><span style=\"font-weight: 400;\">simular comunica\u00e7\u00f5es nossas ou de outro servi\u00e7o ou entidade para coletar informa\u00e7\u00f5es de identidade, credenciais de autentica\u00e7\u00e3o ou outras informa\u00e7\u00f5es (&#8220;phishing&#8221;);<\/span><\/li>\n<li style=\"font-weight: 400;\" aria-level=\"3\"><span style=\"font-weight: 400;\">de qualquer maneira que perturbe a opera\u00e7\u00e3o de nosso Site ou neg\u00f3cio ou o site ou neg\u00f3cio de qualquer outra entidade;<\/span><\/li>\n<li style=\"font-weight: 400;\" aria-level=\"3\"><span style=\"font-weight: 400;\">de qualquer maneira que prejudique menores de idade;<\/span><\/li>\n<li style=\"font-weight: 400;\" aria-level=\"3\"><span style=\"font-weight: 400;\">para promover qualquer atividade ilegal;<\/span><\/li>\n<li style=\"font-weight: 400;\" aria-level=\"3\"><span style=\"font-weight: 400;\">representar ou sugerir que endossamos qualquer outra empresa, produto ou servi\u00e7o, a menos que tenhamos concordado separadamente com isso por escrito;<\/span><\/li>\n<li style=\"font-weight: 400;\" aria-level=\"3\"><span style=\"font-weight: 400;\">para obter acesso ou uso n\u00e3o autorizado de computadores, dados, sistemas, contas ou redes; ou<\/span><\/li>\n<li style=\"font-weight: 400;\" aria-level=\"3\"><span style=\"font-weight: 400;\">para tentar burlar a senha ou os m\u00e9todos de autentica\u00e7\u00e3o do usu\u00e1rio.<\/span><\/li>\n<\/ol>\n<\/li>\n<\/ol>\n<\/li>\n<\/ol>\n<\/li>\n<\/ol>\n<ul>\n<li aria-level=\"1\">\n<h2><b>Vincula\u00e7\u00e3o e enquadramento<\/b><\/h2>\n<\/li>\n<\/ul>\n<ol>\n<li style=\"list-style-type: none;\">\n<ol>\n<li style=\"list-style-type: none;\">\n<ol>\n<li style=\"font-weight: 400;\" aria-level=\"2\"><span style=\"font-weight: 400;\">Voc\u00ea pode criar um link para o nosso Site a partir de outro site sem o nosso consentimento pr\u00e9vio por escrito, desde que esse link n\u00e3o seja criado:<\/span>\n<ol>\n<li style=\"font-weight: 400;\" aria-level=\"3\"><span style=\"font-weight: 400;\">crie um quadro ou qualquer outro navegador ou ambiente de borda em torno do conte\u00fado do nosso Site;<\/span><\/li>\n<li style=\"font-weight: 400;\" aria-level=\"3\"><span style=\"font-weight: 400;\">implica que endossamos seus produtos ou servi\u00e7os ou qualquer um dos produtos ou servi\u00e7os de, ou dispon\u00edveis por meio do site no qual voc\u00ea coloca um link para o nosso Site;<\/span><\/li>\n<li style=\"font-weight: 400;\" aria-level=\"3\"><span style=\"font-weight: 400;\">exibir qualquer uma das marcas registradas ou logotipos usados em nosso Site sem nossa permiss\u00e3o ou a do propriet\u00e1rio de tais marcas registradas ou logotipos; ou<\/span><\/li>\n<li style=\"font-weight: 400;\" aria-level=\"3\"><span style=\"font-weight: 400;\">for colocado em um site que, por sua vez, viola esta Pol\u00edtica.<\/span><\/li>\n<\/ol>\n<\/li>\n<li style=\"font-weight: 400;\" aria-level=\"2\"><span style=\"font-weight: 400;\">Reservamo-nos o direito de solicitar que voc\u00ea remova imediatamente qualquer link para o Site a qualquer momento, e voc\u00ea dever\u00e1 atender imediatamente a qualquer solicita\u00e7\u00e3o nossa para remover tal link.<\/span><\/li>\n<\/ol>\n<\/li>\n<\/ol>\n<\/li>\n<\/ol>\n<ul>\n<li aria-level=\"1\">\n<h2><b>Viola\u00e7\u00e3o<\/b><\/h2>\n<\/li>\n<\/ul>\n<p><span style=\"font-weight: 400;\">N\u00f3s aplicaremos os termos desta Pol\u00edtica a nosso crit\u00e9rio absoluto. No caso de voc\u00ea violar esta Pol\u00edtica, poderemos encerrar ou suspender o uso do Site.<\/span><\/p>\n<\/div>\n<\/div>\n","protected":false},"excerpt":{"rendered":"<p>POL\u00cdTICA DE USO ACEIT\u00c1VEL Sobre esta pol\u00edtica Juntamente com os termos e condi\u00e7\u00f5es de uso do nosso site, esta pol\u00edtica de uso aceit\u00e1vel (Pol\u00edtica) rege a forma como voc\u00ea pode acessar e usar este site e todas as p\u00e1ginas da Web associadas (Site). Voc\u00ea deve ler esta Pol\u00edtica cuidadosamente antes de usar o Site. Ao <a href=\"https:\/\/tmtid.com\/pt-br\/politica-de-uso-aceitavel\/\" class=\"more-link\">&#8230;<span class=\"screen-reader-text\">  Pol\u00edtica de uso aceit\u00e1vel<\/span><\/a><\/p>\n","protected":false},"author":1,"featured_media":0,"parent":0,"menu_order":0,"comment_status":"closed","ping_status":"closed","template":"TEMPLATE-plain.php","meta":{"_acf_changed":false,"content-type":"","footnotes":""},"class_list":["post-35798","page","type-page","status-publish","hentry"],"acf":[],"yoast_head":"<!-- This site is optimized with the Yoast SEO Premium plugin v26.8 (Yoast SEO v26.8) - https:\/\/yoast.com\/product\/yoast-seo-premium-wordpress\/ -->\n<title>Pol\u00edtica de uso aceit\u00e1vel | TMT ID<\/title>\n<meta name=\"robots\" content=\"index, follow, max-snippet:-1, max-image-preview:large, max-video-preview:-1\" \/>\n<link rel=\"canonical\" href=\"https:\/\/tmtid.com\/pt-br\/politica-de-uso-aceitavel\/\" \/>\n<meta property=\"og:locale\" content=\"pt_BR\" \/>\n<meta property=\"og:type\" content=\"article\" \/>\n<meta property=\"og:title\" content=\"Pol\u00edtica de uso aceit\u00e1vel\" \/>\n<meta property=\"og:description\" content=\"POL\u00cdTICA DE USO ACEIT\u00c1VEL Sobre esta pol\u00edtica Juntamente com os termos e condi\u00e7\u00f5es de uso do nosso site, esta pol\u00edtica de uso aceit\u00e1vel (Pol\u00edtica) rege a forma como voc\u00ea pode acessar e usar este site e todas as p\u00e1ginas da Web associadas (Site). Voc\u00ea deve ler esta Pol\u00edtica cuidadosamente antes de usar o Site. Ao ... Pol\u00edtica de uso aceit\u00e1vel\" \/>\n<meta property=\"og:url\" content=\"https:\/\/tmtid.com\/pt-br\/politica-de-uso-aceitavel\/\" \/>\n<meta property=\"og:site_name\" content=\"TMT ID\" \/>\n<meta property=\"article:modified_time\" content=\"2024-11-18T09:29:50+00:00\" \/>\n<meta property=\"og:image\" content=\"https:\/\/tmtid.com\/wp-content\/uploads\/2024\/03\/Home-Page-Image-2.png\" \/>\n\t<meta property=\"og:image:width\" content=\"800\" \/>\n\t<meta property=\"og:image:height\" content=\"418\" \/>\n\t<meta property=\"og:image:type\" content=\"image\/png\" \/>\n<meta name=\"twitter:card\" content=\"summary_large_image\" \/>\n<meta name=\"twitter:label1\" content=\"Est. tempo de leitura\" \/>\n\t<meta name=\"twitter:data1\" content=\"3 minutos\" \/>\n<script type=\"application\/ld+json\" class=\"yoast-schema-graph\">{\"@context\":\"https:\/\/schema.org\",\"@graph\":[{\"@type\":\"WebPage\",\"@id\":\"https:\/\/tmtid.com\/pt-br\/politica-de-uso-aceitavel\/\",\"url\":\"https:\/\/tmtid.com\/pt-br\/politica-de-uso-aceitavel\/\",\"name\":\"Pol\u00edtica de uso aceit\u00e1vel | TMT ID\",\"isPartOf\":{\"@id\":\"https:\/\/tmtid.com\/pt-br\/#website\"},\"datePublished\":\"2024-03-18T23:01:24+00:00\",\"dateModified\":\"2024-11-18T09:29:50+00:00\",\"breadcrumb\":{\"@id\":\"https:\/\/tmtid.com\/pt-br\/politica-de-uso-aceitavel\/#breadcrumb\"},\"inLanguage\":\"pt-BR\",\"potentialAction\":[{\"@type\":\"ReadAction\",\"target\":[\"https:\/\/tmtid.com\/pt-br\/politica-de-uso-aceitavel\/\"]}]},{\"@type\":\"BreadcrumbList\",\"@id\":\"https:\/\/tmtid.com\/pt-br\/politica-de-uso-aceitavel\/#breadcrumb\",\"itemListElement\":[{\"@type\":\"ListItem\",\"position\":1,\"name\":\"Home\",\"item\":\"https:\/\/tmtid.com\/pt-br\/\"},{\"@type\":\"ListItem\",\"position\":2,\"name\":\"Pol\u00edtica de uso aceit\u00e1vel\"}]},{\"@type\":\"WebSite\",\"@id\":\"https:\/\/tmtid.com\/pt-br\/#website\",\"url\":\"https:\/\/tmtid.com\/pt-br\/\",\"name\":\"TMT ID\",\"description\":\"Mobile Intelligence Experts\",\"publisher\":{\"@id\":\"https:\/\/tmtid.com\/pt-br\/#organization\"},\"alternateName\":\"TMT Analysis\",\"potentialAction\":[{\"@type\":\"SearchAction\",\"target\":{\"@type\":\"EntryPoint\",\"urlTemplate\":\"https:\/\/tmtid.com\/pt-br\/?s={search_term_string}\"},\"query-input\":{\"@type\":\"PropertyValueSpecification\",\"valueRequired\":true,\"valueName\":\"search_term_string\"}}],\"inLanguage\":\"pt-BR\"},{\"@type\":\"Organization\",\"@id\":\"https:\/\/tmtid.com\/pt-br\/#organization\",\"name\":\"TMT ID\",\"alternateName\":\"TMT Analysis\",\"url\":\"https:\/\/tmtid.com\/pt-br\/\",\"logo\":{\"@type\":\"ImageObject\",\"inLanguage\":\"pt-BR\",\"@id\":\"https:\/\/tmtid.com\/pt-br\/#\/schema\/logo\/image\/\",\"url\":\"https:\/\/tmtid.com\/wp-content\/uploads\/2024\/03\/big_logo.png\",\"contentUrl\":\"https:\/\/tmtid.com\/wp-content\/uploads\/2024\/03\/big_logo.png\",\"width\":457,\"height\":195,\"caption\":\"TMT ID\"},\"image\":{\"@id\":\"https:\/\/tmtid.com\/pt-br\/#\/schema\/logo\/image\/\"},\"sameAs\":[\"https:\/\/www.linkedin.com\/company\/tmtid\/\"],\"description\":\"TMT ID are the experts in mobile identity and trusted data.\",\"email\":\"info@tmtid.com\",\"telephone\":\"0207 193 5161\",\"legalName\":\"TMT ANALYSIS LIMITED\",\"numberOfEmployees\":{\"@type\":\"QuantitativeValue\",\"minValue\":\"51\",\"maxValue\":\"200\"},\"actionableFeedbackPolicy\":\"https:\/\/tmtid.com\/quality-policy\/\"}]}<\/script>\n<!-- \/ Yoast SEO Premium plugin. -->","yoast_head_json":{"title":"Pol\u00edtica de uso aceit\u00e1vel | TMT ID","robots":{"index":"index","follow":"follow","max-snippet":"max-snippet:-1","max-image-preview":"max-image-preview:large","max-video-preview":"max-video-preview:-1"},"canonical":"https:\/\/tmtid.com\/pt-br\/politica-de-uso-aceitavel\/","og_locale":"pt_BR","og_type":"article","og_title":"Pol\u00edtica de uso aceit\u00e1vel","og_description":"POL\u00cdTICA DE USO ACEIT\u00c1VEL Sobre esta pol\u00edtica Juntamente com os termos e condi\u00e7\u00f5es de uso do nosso site, esta pol\u00edtica de uso aceit\u00e1vel (Pol\u00edtica) rege a forma como voc\u00ea pode acessar e usar este site e todas as p\u00e1ginas da Web associadas (Site). Voc\u00ea deve ler esta Pol\u00edtica cuidadosamente antes de usar o Site. Ao ... Pol\u00edtica de uso aceit\u00e1vel","og_url":"https:\/\/tmtid.com\/pt-br\/politica-de-uso-aceitavel\/","og_site_name":"TMT ID","article_modified_time":"2024-11-18T09:29:50+00:00","og_image":[{"width":800,"height":418,"url":"https:\/\/tmtid.com\/wp-content\/uploads\/2024\/03\/Home-Page-Image-2.png","type":"image\/png"}],"twitter_card":"summary_large_image","twitter_misc":{"Est. tempo de leitura":"3 minutos"},"schema":{"@context":"https:\/\/schema.org","@graph":[{"@type":"WebPage","@id":"https:\/\/tmtid.com\/pt-br\/politica-de-uso-aceitavel\/","url":"https:\/\/tmtid.com\/pt-br\/politica-de-uso-aceitavel\/","name":"Pol\u00edtica de uso aceit\u00e1vel | TMT ID","isPartOf":{"@id":"https:\/\/tmtid.com\/pt-br\/#website"},"datePublished":"2024-03-18T23:01:24+00:00","dateModified":"2024-11-18T09:29:50+00:00","breadcrumb":{"@id":"https:\/\/tmtid.com\/pt-br\/politica-de-uso-aceitavel\/#breadcrumb"},"inLanguage":"pt-BR","potentialAction":[{"@type":"ReadAction","target":["https:\/\/tmtid.com\/pt-br\/politica-de-uso-aceitavel\/"]}]},{"@type":"BreadcrumbList","@id":"https:\/\/tmtid.com\/pt-br\/politica-de-uso-aceitavel\/#breadcrumb","itemListElement":[{"@type":"ListItem","position":1,"name":"Home","item":"https:\/\/tmtid.com\/pt-br\/"},{"@type":"ListItem","position":2,"name":"Pol\u00edtica de uso aceit\u00e1vel"}]},{"@type":"WebSite","@id":"https:\/\/tmtid.com\/pt-br\/#website","url":"https:\/\/tmtid.com\/pt-br\/","name":"TMT ID","description":"Mobile Intelligence Experts","publisher":{"@id":"https:\/\/tmtid.com\/pt-br\/#organization"},"alternateName":"TMT Analysis","potentialAction":[{"@type":"SearchAction","target":{"@type":"EntryPoint","urlTemplate":"https:\/\/tmtid.com\/pt-br\/?s={search_term_string}"},"query-input":{"@type":"PropertyValueSpecification","valueRequired":true,"valueName":"search_term_string"}}],"inLanguage":"pt-BR"},{"@type":"Organization","@id":"https:\/\/tmtid.com\/pt-br\/#organization","name":"TMT ID","alternateName":"TMT Analysis","url":"https:\/\/tmtid.com\/pt-br\/","logo":{"@type":"ImageObject","inLanguage":"pt-BR","@id":"https:\/\/tmtid.com\/pt-br\/#\/schema\/logo\/image\/","url":"https:\/\/tmtid.com\/wp-content\/uploads\/2024\/03\/big_logo.png","contentUrl":"https:\/\/tmtid.com\/wp-content\/uploads\/2024\/03\/big_logo.png","width":457,"height":195,"caption":"TMT ID"},"image":{"@id":"https:\/\/tmtid.com\/pt-br\/#\/schema\/logo\/image\/"},"sameAs":["https:\/\/www.linkedin.com\/company\/tmtid\/"],"description":"TMT ID are the experts in mobile identity and trusted data.","email":"info@tmtid.com","telephone":"0207 193 5161","legalName":"TMT ANALYSIS LIMITED","numberOfEmployees":{"@type":"QuantitativeValue","minValue":"51","maxValue":"200"},"actionableFeedbackPolicy":"https:\/\/tmtid.com\/quality-policy\/"}]}},"_links":{"self":[{"href":"https:\/\/tmtid.com\/pt-br\/wp-json\/wp\/v2\/pages\/35798","targetHints":{"allow":["GET"]}}],"collection":[{"href":"https:\/\/tmtid.com\/pt-br\/wp-json\/wp\/v2\/pages"}],"about":[{"href":"https:\/\/tmtid.com\/pt-br\/wp-json\/wp\/v2\/types\/page"}],"author":[{"embeddable":true,"href":"https:\/\/tmtid.com\/pt-br\/wp-json\/wp\/v2\/users\/1"}],"replies":[{"embeddable":true,"href":"https:\/\/tmtid.com\/pt-br\/wp-json\/wp\/v2\/comments?post=35798"}],"version-history":[{"count":1,"href":"https:\/\/tmtid.com\/pt-br\/wp-json\/wp\/v2\/pages\/35798\/revisions"}],"predecessor-version":[{"id":45803,"href":"https:\/\/tmtid.com\/pt-br\/wp-json\/wp\/v2\/pages\/35798\/revisions\/45803"}],"wp:attachment":[{"href":"https:\/\/tmtid.com\/pt-br\/wp-json\/wp\/v2\/media?parent=35798"}],"curies":[{"name":"wp","href":"https:\/\/api.w.org\/{rel}","templated":true}]}}