{"id":35808,"date":"2024-03-18T23:01:24","date_gmt":"2024-03-18T23:01:24","guid":{"rendered":"https:\/\/tmtid.com\/politique-dutilisation-acceptable\/"},"modified":"2024-11-18T09:29:51","modified_gmt":"2024-11-18T09:29:51","slug":"politique-dutilisation-acceptable","status":"publish","type":"page","link":"https:\/\/tmtid.com\/fr\/politique-dutilisation-acceptable\/","title":{"rendered":"Politique d&#8217;utilisation acceptable"},"content":{"rendered":"<div class=\"elementor-element elementor-element-9d54454 elementor-widget elementor-widget-heading\" data-id=\"9d54454\" data-element_type=\"widget\" data-widget_type=\"heading.default\">\n<div class=\"elementor-widget-container\">\n<p><b>POLITIQUE D&#8217;UTILISATION ACCEPTABLE<\/b><\/p>\n<ul>\n<li aria-level=\"1\">\n<h2><b>\u00c0 propos de cette politique<\/b><\/h2>\n<\/li>\n<\/ul>\n<ol>\n<li style=\"list-style-type: none;\">\n<ol>\n<li style=\"font-weight: 400;\" aria-level=\"2\"><span style=\"font-weight: 400;\">Avec les conditions d&#8217;utilisation de notre site web, la pr\u00e9sente politique d&#8217;utilisation acceptable (<\/span><b>politique<\/b><span style=\"font-weight: 400;\">) r\u00e9git la mani\u00e8re dont vous pouvez acc\u00e9der et utiliser ce site web et toutes les pages web associ\u00e9es (<\/span><b>site<\/b><span style=\"font-weight: 400;\">).<\/span><\/li>\n<li style=\"font-weight: 400;\" aria-level=\"2\"><span style=\"font-weight: 400;\">Vous devez lire attentivement la pr\u00e9sente politique avant d&#8217;utiliser le site.<\/span><\/li>\n<li style=\"font-weight: 400;\" aria-level=\"2\"><span style=\"font-weight: 400;\">En utilisant le site ou en donnant votre accord de toute autre mani\u00e8re, vous acceptez d&#8217;\u00eatre li\u00e9 par la pr\u00e9sente politique. Si vous n&#8217;\u00eates pas d&#8217;accord avec cette politique ou si vous n&#8217;en acceptez pas une partie, vous devez cesser imm\u00e9diatement d&#8217;utiliser le site.<\/span><\/li>\n<li style=\"font-weight: 400;\" aria-level=\"2\"><span style=\"font-weight: 400;\">Dans cette politique :<\/span><\/li>\n<\/ol>\n<\/li>\n<\/ol>\n<p><span style=\"font-weight: 400;\">&#8216;<\/span><b>nous<\/b><span style=\"font-weight: 400;\">&#8216;, &#8216;<\/span><b>nous<\/b><span style=\"font-weight: 400;\">&#8216; ou &#8216;<\/span><b>notre<\/b><span style=\"font-weight: 400;\">d\u00e9signe TMT Analysis Limited (op\u00e9rant sous le nom de TMT ID) et &#8216;<\/span><b>vous<\/b><span style=\"font-weight: 400;\">&#8216; ou &#8216;<\/span><b>votre<\/b><span style=\"font-weight: 400;\">&#8216; d\u00e9signe la personne qui acc\u00e8de au site ou \u00e0 son contenu ou qui les utilise.<\/span><\/p>\n<ul>\n<li aria-level=\"1\">\n<h2><b>Utilisation acceptable<\/b><\/h2>\n<\/li>\n<\/ul>\n<p><span style=\"font-weight: 400;\">Nous vous autorisons \u00e0 utiliser le site uniquement \u00e0 des fins personnelles et non commerciales. L&#8217;utilisation du site de toute autre mani\u00e8re, y compris toute utilisation inacceptable d\u00e9finie dans la pr\u00e9sente politique, n&#8217;est pas autoris\u00e9e.<\/span><\/p>\n<ul>\n<li aria-level=\"1\">\n<h2><b>Utilisation inacceptable<\/b><\/h2>\n<\/li>\n<\/ul>\n<ol>\n<li style=\"list-style-type: none;\">\n<ol>\n<li style=\"list-style-type: none;\">\n<ol>\n<li style=\"font-weight: 400;\" aria-level=\"2\"><span style=\"font-weight: 400;\">Comme condition de votre utilisation du site, vous acceptez de ne pas utiliser le site :<\/span>\n<ol>\n<li style=\"font-weight: 400;\" aria-level=\"3\"><span style=\"font-weight: 400;\">\u00e0 toute fin ill\u00e9gale en vertu de toute loi applicable ou interdite par la pr\u00e9sente politique ou par les conditions d&#8217;utilisation de notre site web<\/span><i><br \/>\n  <span style=\"font-weight: 400;\">;<\/span><br \/>\n<\/i><\/li>\n<li style=\"font-weight: 400;\" aria-level=\"3\"><span style=\"font-weight: 400;\">de commettre un acte de fraude ;<\/span><\/li>\n<li style=\"font-weight: 400;\" aria-level=\"3\"><span style=\"font-weight: 400;\">de distribuer des virus, des logiciels malveillants ou d&#8217;autres codes logiciels nuisibles similaires ;<\/span><\/li>\n<li style=\"font-weight: 400;\" aria-level=\"3\"><span style=\"font-weight: 400;\">\u00e0 des fins de promotion de la publicit\u00e9 non sollicit\u00e9e ou d&#8217;envoi de spam ;<\/span><\/li>\n<li style=\"font-weight: 400;\" aria-level=\"3\"><span style=\"font-weight: 400;\">simuler des communications \u00e9manant de nous ou d&#8217;un autre service ou entit\u00e9 afin de recueillir des informations sur l&#8217;identit\u00e9, des justificatifs d&#8217;authentification ou d&#8217;autres informations (&#8220;hame\u00e7onnage&#8221;) ;<\/span><\/li>\n<li style=\"font-weight: 400;\" aria-level=\"3\"><span style=\"font-weight: 400;\">d&#8217;une mani\u00e8re qui perturbe le fonctionnement de notre site ou de nos activit\u00e9s, ou du site web ou des activit\u00e9s de toute autre entit\u00e9 ;<\/span><\/li>\n<li style=\"font-weight: 400;\" aria-level=\"3\"><span style=\"font-weight: 400;\">d&#8217;une mani\u00e8re qui porte pr\u00e9judice aux mineurs ;<\/span><\/li>\n<li style=\"font-weight: 400;\" aria-level=\"3\"><span style=\"font-weight: 400;\">de promouvoir toute activit\u00e9 ill\u00e9gale ;<\/span><\/li>\n<li style=\"font-weight: 400;\" aria-level=\"3\"><span style=\"font-weight: 400;\">de repr\u00e9senter ou de sugg\u00e9rer que nous soutenons une autre entreprise, un autre produit ou un autre service, \u00e0 moins que nous n&#8217;en ayons convenu s\u00e9par\u00e9ment par \u00e9crit ;<\/span><\/li>\n<li style=\"font-weight: 400;\" aria-level=\"3\"><span style=\"font-weight: 400;\">pour obtenir un acc\u00e8s non autoris\u00e9 \u00e0 des ordinateurs, des donn\u00e9es, des syst\u00e8mes, des comptes ou des r\u00e9seaux, ou pour les utiliser ; ou<\/span><\/li>\n<li style=\"font-weight: 400;\" aria-level=\"3\"><span style=\"font-weight: 400;\">de tenter de contourner les m\u00e9thodes d&#8217;authentification des mots de passe ou des utilisateurs.<\/span><\/li>\n<\/ol>\n<\/li>\n<\/ol>\n<\/li>\n<\/ol>\n<\/li>\n<\/ol>\n<ul>\n<li aria-level=\"1\">\n<h2><b>Liens et encadrement<\/b><\/h2>\n<\/li>\n<\/ul>\n<ol>\n<li style=\"list-style-type: none;\">\n<ol>\n<li style=\"list-style-type: none;\">\n<ol>\n<li style=\"font-weight: 400;\" aria-level=\"2\"><span style=\"font-weight: 400;\">Vous pouvez cr\u00e9er un lien vers notre site \u00e0 partir d&#8217;un autre site web sans notre consentement \u00e9crit pr\u00e9alable, \u00e0 condition qu&#8217;un tel lien n&#8217;existe pas :<\/span>\n<ol>\n<li style=\"font-weight: 400;\" aria-level=\"3\"><span style=\"font-weight: 400;\">cr\u00e9e un cadre ou tout autre navigateur ou environnement frontalier autour du contenu de notre site ;<\/span><\/li>\n<li style=\"font-weight: 400;\" aria-level=\"3\"><span style=\"font-weight: 400;\">implique que nous approuvons vos produits ou services ou tout autre produit ou service du site web sur lequel vous placez un lien vers notre site, ou disponible par l&#8217;interm\u00e9diaire de ce site ;<\/span><\/li>\n<li style=\"font-weight: 400;\" aria-level=\"3\"><span style=\"font-weight: 400;\">affiche l&#8217;une des marques ou l&#8217;un des logos utilis\u00e9s sur notre Site sans notre autorisation ou celle du propri\u00e9taire de ces marques ou logos ; ou<\/span><\/li>\n<li style=\"font-weight: 400;\" aria-level=\"3\"><span style=\"font-weight: 400;\">est plac\u00e9 sur un site web qui lui-m\u00eame enfreint la pr\u00e9sente politique.<\/span><\/li>\n<\/ol>\n<\/li>\n<li style=\"font-weight: 400;\" aria-level=\"2\"><span style=\"font-weight: 400;\">Nous nous r\u00e9servons le droit de vous demander de supprimer imm\u00e9diatement tout lien vers le site \u00e0 tout moment, et vous devez vous conformer imm\u00e9diatement \u00e0 toute demande de notre part de supprimer un tel lien.<\/span><\/li>\n<\/ol>\n<\/li>\n<\/ol>\n<\/li>\n<\/ol>\n<ul>\n<li aria-level=\"1\">\n<h2><b>Rupture<\/b><\/h2>\n<\/li>\n<\/ul>\n<p><span style=\"font-weight: 400;\">Nous appliquerons les termes de la pr\u00e9sente politique \u00e0 notre enti\u00e8re discr\u00e9tion. En cas de violation de la pr\u00e9sente politique, nous pouvons mettre fin \u00e0 votre utilisation du site ou la suspendre.<\/span><\/p>\n<\/div>\n<\/div>\n","protected":false},"excerpt":{"rendered":"<p>POLITIQUE D&#8217;UTILISATION ACCEPTABLE \u00c0 propos de cette politique Avec les conditions d&#8217;utilisation de notre site web, la pr\u00e9sente politique d&#8217;utilisation acceptable (politique) r\u00e9git la mani\u00e8re dont vous pouvez acc\u00e9der et utiliser ce site web et toutes les pages web associ\u00e9es (site). Vous devez lire attentivement la pr\u00e9sente politique avant d&#8217;utiliser le site. En utilisant le <a href=\"https:\/\/tmtid.com\/fr\/politique-dutilisation-acceptable\/\" class=\"more-link\">&#8230;<span class=\"screen-reader-text\">  Politique d&#8217;utilisation acceptable<\/span><\/a><\/p>\n","protected":false},"author":1,"featured_media":0,"parent":0,"menu_order":0,"comment_status":"closed","ping_status":"closed","template":"TEMPLATE-plain.php","meta":{"_acf_changed":false,"content-type":"","footnotes":""},"class_list":["post-35808","page","type-page","status-publish","hentry"],"acf":[],"yoast_head":"<!-- This site is optimized with the Yoast SEO Premium plugin v26.8 (Yoast SEO v26.8) - https:\/\/yoast.com\/product\/yoast-seo-premium-wordpress\/ -->\n<title>Politique d&#039;utilisation acceptable | TMT ID<\/title>\n<meta name=\"robots\" content=\"index, follow, max-snippet:-1, max-image-preview:large, max-video-preview:-1\" \/>\n<link rel=\"canonical\" href=\"https:\/\/tmtid.com\/fr\/politique-dutilisation-acceptable\/\" \/>\n<meta property=\"og:locale\" content=\"fr_FR\" \/>\n<meta property=\"og:type\" content=\"article\" \/>\n<meta property=\"og:title\" content=\"Politique d&#039;utilisation acceptable\" \/>\n<meta property=\"og:description\" content=\"POLITIQUE D&#8217;UTILISATION ACCEPTABLE \u00c0 propos de cette politique Avec les conditions d&#8217;utilisation de notre site web, la pr\u00e9sente politique d&#8217;utilisation acceptable (politique) r\u00e9git la mani\u00e8re dont vous pouvez acc\u00e9der et utiliser ce site web et toutes les pages web associ\u00e9es (site). Vous devez lire attentivement la pr\u00e9sente politique avant d&#8217;utiliser le site. En utilisant le ... Politique d&#8217;utilisation acceptable\" \/>\n<meta property=\"og:url\" content=\"https:\/\/tmtid.com\/fr\/politique-dutilisation-acceptable\/\" \/>\n<meta property=\"og:site_name\" content=\"TMT ID\" \/>\n<meta property=\"article:modified_time\" content=\"2024-11-18T09:29:51+00:00\" \/>\n<meta property=\"og:image\" content=\"https:\/\/tmtid.com\/wp-content\/uploads\/2024\/03\/Home-Page-Image-2.png\" \/>\n\t<meta property=\"og:image:width\" content=\"800\" \/>\n\t<meta property=\"og:image:height\" content=\"418\" \/>\n\t<meta property=\"og:image:type\" content=\"image\/png\" \/>\n<meta name=\"twitter:card\" content=\"summary_large_image\" \/>\n<meta name=\"twitter:label1\" content=\"Dur\u00e9e de lecture estim\u00e9e\" \/>\n\t<meta name=\"twitter:data1\" content=\"3 minutes\" \/>\n<script type=\"application\/ld+json\" class=\"yoast-schema-graph\">{\"@context\":\"https:\/\/schema.org\",\"@graph\":[{\"@type\":\"WebPage\",\"@id\":\"https:\/\/tmtid.com\/fr\/politique-dutilisation-acceptable\/\",\"url\":\"https:\/\/tmtid.com\/fr\/politique-dutilisation-acceptable\/\",\"name\":\"Politique d'utilisation acceptable | TMT ID\",\"isPartOf\":{\"@id\":\"https:\/\/tmtid.com\/fr\/#website\"},\"datePublished\":\"2024-03-18T23:01:24+00:00\",\"dateModified\":\"2024-11-18T09:29:51+00:00\",\"breadcrumb\":{\"@id\":\"https:\/\/tmtid.com\/fr\/politique-dutilisation-acceptable\/#breadcrumb\"},\"inLanguage\":\"fr-FR\",\"potentialAction\":[{\"@type\":\"ReadAction\",\"target\":[\"https:\/\/tmtid.com\/fr\/politique-dutilisation-acceptable\/\"]}]},{\"@type\":\"BreadcrumbList\",\"@id\":\"https:\/\/tmtid.com\/fr\/politique-dutilisation-acceptable\/#breadcrumb\",\"itemListElement\":[{\"@type\":\"ListItem\",\"position\":1,\"name\":\"Home\",\"item\":\"https:\/\/tmtid.com\/fr\/\"},{\"@type\":\"ListItem\",\"position\":2,\"name\":\"Politique d&#8217;utilisation acceptable\"}]},{\"@type\":\"WebSite\",\"@id\":\"https:\/\/tmtid.com\/fr\/#website\",\"url\":\"https:\/\/tmtid.com\/fr\/\",\"name\":\"TMT ID\",\"description\":\"Mobile Intelligence Experts\",\"publisher\":{\"@id\":\"https:\/\/tmtid.com\/fr\/#organization\"},\"alternateName\":\"TMT Analysis\",\"potentialAction\":[{\"@type\":\"SearchAction\",\"target\":{\"@type\":\"EntryPoint\",\"urlTemplate\":\"https:\/\/tmtid.com\/fr\/?s={search_term_string}\"},\"query-input\":{\"@type\":\"PropertyValueSpecification\",\"valueRequired\":true,\"valueName\":\"search_term_string\"}}],\"inLanguage\":\"fr-FR\"},{\"@type\":\"Organization\",\"@id\":\"https:\/\/tmtid.com\/fr\/#organization\",\"name\":\"TMT ID\",\"alternateName\":\"TMT Analysis\",\"url\":\"https:\/\/tmtid.com\/fr\/\",\"logo\":{\"@type\":\"ImageObject\",\"inLanguage\":\"fr-FR\",\"@id\":\"https:\/\/tmtid.com\/fr\/#\/schema\/logo\/image\/\",\"url\":\"https:\/\/tmtid.com\/wp-content\/uploads\/2024\/03\/big_logo.png\",\"contentUrl\":\"https:\/\/tmtid.com\/wp-content\/uploads\/2024\/03\/big_logo.png\",\"width\":457,\"height\":195,\"caption\":\"TMT ID\"},\"image\":{\"@id\":\"https:\/\/tmtid.com\/fr\/#\/schema\/logo\/image\/\"},\"sameAs\":[\"https:\/\/www.linkedin.com\/company\/tmtid\/\"],\"description\":\"TMT ID are the experts in mobile identity and trusted data.\",\"email\":\"info@tmtid.com\",\"telephone\":\"0207 193 5161\",\"legalName\":\"TMT ANALYSIS LIMITED\",\"numberOfEmployees\":{\"@type\":\"QuantitativeValue\",\"minValue\":\"51\",\"maxValue\":\"200\"},\"actionableFeedbackPolicy\":\"https:\/\/tmtid.com\/quality-policy\/\"}]}<\/script>\n<!-- \/ Yoast SEO Premium plugin. -->","yoast_head_json":{"title":"Politique d'utilisation acceptable | TMT ID","robots":{"index":"index","follow":"follow","max-snippet":"max-snippet:-1","max-image-preview":"max-image-preview:large","max-video-preview":"max-video-preview:-1"},"canonical":"https:\/\/tmtid.com\/fr\/politique-dutilisation-acceptable\/","og_locale":"fr_FR","og_type":"article","og_title":"Politique d'utilisation acceptable","og_description":"POLITIQUE D&#8217;UTILISATION ACCEPTABLE \u00c0 propos de cette politique Avec les conditions d&#8217;utilisation de notre site web, la pr\u00e9sente politique d&#8217;utilisation acceptable (politique) r\u00e9git la mani\u00e8re dont vous pouvez acc\u00e9der et utiliser ce site web et toutes les pages web associ\u00e9es (site). Vous devez lire attentivement la pr\u00e9sente politique avant d&#8217;utiliser le site. En utilisant le ... Politique d&#8217;utilisation acceptable","og_url":"https:\/\/tmtid.com\/fr\/politique-dutilisation-acceptable\/","og_site_name":"TMT ID","article_modified_time":"2024-11-18T09:29:51+00:00","og_image":[{"width":800,"height":418,"url":"https:\/\/tmtid.com\/wp-content\/uploads\/2024\/03\/Home-Page-Image-2.png","type":"image\/png"}],"twitter_card":"summary_large_image","twitter_misc":{"Dur\u00e9e de lecture estim\u00e9e":"3 minutes"},"schema":{"@context":"https:\/\/schema.org","@graph":[{"@type":"WebPage","@id":"https:\/\/tmtid.com\/fr\/politique-dutilisation-acceptable\/","url":"https:\/\/tmtid.com\/fr\/politique-dutilisation-acceptable\/","name":"Politique d'utilisation acceptable | TMT ID","isPartOf":{"@id":"https:\/\/tmtid.com\/fr\/#website"},"datePublished":"2024-03-18T23:01:24+00:00","dateModified":"2024-11-18T09:29:51+00:00","breadcrumb":{"@id":"https:\/\/tmtid.com\/fr\/politique-dutilisation-acceptable\/#breadcrumb"},"inLanguage":"fr-FR","potentialAction":[{"@type":"ReadAction","target":["https:\/\/tmtid.com\/fr\/politique-dutilisation-acceptable\/"]}]},{"@type":"BreadcrumbList","@id":"https:\/\/tmtid.com\/fr\/politique-dutilisation-acceptable\/#breadcrumb","itemListElement":[{"@type":"ListItem","position":1,"name":"Home","item":"https:\/\/tmtid.com\/fr\/"},{"@type":"ListItem","position":2,"name":"Politique d&#8217;utilisation acceptable"}]},{"@type":"WebSite","@id":"https:\/\/tmtid.com\/fr\/#website","url":"https:\/\/tmtid.com\/fr\/","name":"TMT ID","description":"Mobile Intelligence Experts","publisher":{"@id":"https:\/\/tmtid.com\/fr\/#organization"},"alternateName":"TMT Analysis","potentialAction":[{"@type":"SearchAction","target":{"@type":"EntryPoint","urlTemplate":"https:\/\/tmtid.com\/fr\/?s={search_term_string}"},"query-input":{"@type":"PropertyValueSpecification","valueRequired":true,"valueName":"search_term_string"}}],"inLanguage":"fr-FR"},{"@type":"Organization","@id":"https:\/\/tmtid.com\/fr\/#organization","name":"TMT ID","alternateName":"TMT Analysis","url":"https:\/\/tmtid.com\/fr\/","logo":{"@type":"ImageObject","inLanguage":"fr-FR","@id":"https:\/\/tmtid.com\/fr\/#\/schema\/logo\/image\/","url":"https:\/\/tmtid.com\/wp-content\/uploads\/2024\/03\/big_logo.png","contentUrl":"https:\/\/tmtid.com\/wp-content\/uploads\/2024\/03\/big_logo.png","width":457,"height":195,"caption":"TMT ID"},"image":{"@id":"https:\/\/tmtid.com\/fr\/#\/schema\/logo\/image\/"},"sameAs":["https:\/\/www.linkedin.com\/company\/tmtid\/"],"description":"TMT ID are the experts in mobile identity and trusted data.","email":"info@tmtid.com","telephone":"0207 193 5161","legalName":"TMT ANALYSIS LIMITED","numberOfEmployees":{"@type":"QuantitativeValue","minValue":"51","maxValue":"200"},"actionableFeedbackPolicy":"https:\/\/tmtid.com\/quality-policy\/"}]}},"_links":{"self":[{"href":"https:\/\/tmtid.com\/fr\/wp-json\/wp\/v2\/pages\/35808","targetHints":{"allow":["GET"]}}],"collection":[{"href":"https:\/\/tmtid.com\/fr\/wp-json\/wp\/v2\/pages"}],"about":[{"href":"https:\/\/tmtid.com\/fr\/wp-json\/wp\/v2\/types\/page"}],"author":[{"embeddable":true,"href":"https:\/\/tmtid.com\/fr\/wp-json\/wp\/v2\/users\/1"}],"replies":[{"embeddable":true,"href":"https:\/\/tmtid.com\/fr\/wp-json\/wp\/v2\/comments?post=35808"}],"version-history":[{"count":1,"href":"https:\/\/tmtid.com\/fr\/wp-json\/wp\/v2\/pages\/35808\/revisions"}],"predecessor-version":[{"id":45808,"href":"https:\/\/tmtid.com\/fr\/wp-json\/wp\/v2\/pages\/35808\/revisions\/45808"}],"wp:attachment":[{"href":"https:\/\/tmtid.com\/fr\/wp-json\/wp\/v2\/media?parent=35808"}],"curies":[{"name":"wp","href":"https:\/\/api.w.org\/{rel}","templated":true}]}}