{"id":35044,"date":"2024-03-06T14:07:00","date_gmt":"2024-03-06T14:07:00","guid":{"rendered":"https:\/\/tmtid.com\/velocite\/"},"modified":"2025-01-08T18:18:36","modified_gmt":"2025-01-08T18:18:36","slug":"velocite","status":"publish","type":"page","link":"https:\/\/tmtid.com\/fr\/velocite\/","title":{"rendered":"V\u00e9locit\u00e9"},"content":{"rendered":"","protected":false},"excerpt":{"rendered":"","protected":false},"author":1,"featured_media":0,"parent":0,"menu_order":0,"comment_status":"closed","ping_status":"closed","template":"TEMPLATE-product.php","meta":{"_acf_changed":false,"content-type":"","footnotes":""},"class_list":["post-35044","page","type-page","status-publish","hentry"],"acf":[],"yoast_head":"<!-- This site is optimized with the Yoast SEO Premium plugin v26.8 (Yoast SEO v26.8) - https:\/\/yoast.com\/product\/yoast-seo-premium-wordpress\/ -->\n<title>Routage de la portabilit\u00e9 du num\u00e9ro de t\u00e9l\u00e9phone mobile - MNP Lookup | Velocity<\/title>\n<meta name=\"description\" content=\"Acheminement de la portabilit\u00e9 du num\u00e9ro de t\u00e9l\u00e9phone mobile Velocity. D\u00e9couvrez le fournisseur de r\u00e9seau pour chaque num\u00e9ro dans le monde entier, pour un routage pr\u00e9cis des SMS A2P et des appels vocaux.\" \/>\n<meta name=\"robots\" content=\"index, follow, max-snippet:-1, max-image-preview:large, max-video-preview:-1\" \/>\n<link rel=\"canonical\" href=\"https:\/\/tmtid.com\/fr\/velocite\/\" \/>\n<meta property=\"og:locale\" content=\"fr_FR\" \/>\n<meta property=\"og:type\" content=\"article\" \/>\n<meta property=\"og:title\" content=\"V\u00e9locit\u00e9\" \/>\n<meta property=\"og:description\" content=\"Acheminement de la portabilit\u00e9 du num\u00e9ro de t\u00e9l\u00e9phone mobile Velocity. D\u00e9couvrez le fournisseur de r\u00e9seau pour chaque num\u00e9ro dans le monde entier, pour un routage pr\u00e9cis des SMS A2P et des appels vocaux.\" \/>\n<meta property=\"og:url\" content=\"https:\/\/tmtid.com\/fr\/velocite\/\" \/>\n<meta property=\"og:site_name\" content=\"TMT ID\" \/>\n<meta property=\"article:modified_time\" content=\"2025-01-08T18:18:36+00:00\" \/>\n<meta property=\"og:image\" content=\"https:\/\/tmtid.com\/wp-content\/uploads\/2024\/03\/Home-Page-Image-2.png\" \/>\n\t<meta property=\"og:image:width\" content=\"800\" \/>\n\t<meta property=\"og:image:height\" content=\"418\" \/>\n\t<meta property=\"og:image:type\" content=\"image\/png\" \/>\n<meta name=\"twitter:card\" content=\"summary_large_image\" \/>\n<script type=\"application\/ld+json\" class=\"yoast-schema-graph\">{\"@context\":\"https:\/\/schema.org\",\"@graph\":[{\"@type\":\"WebPage\",\"@id\":\"https:\/\/tmtid.com\/fr\/velocite\/\",\"url\":\"https:\/\/tmtid.com\/fr\/velocite\/\",\"name\":\"Routage de la portabilit\u00e9 du num\u00e9ro de t\u00e9l\u00e9phone mobile - MNP Lookup | Velocity\",\"isPartOf\":{\"@id\":\"https:\/\/tmtid.com\/fr\/#website\"},\"datePublished\":\"2024-03-06T14:07:00+00:00\",\"dateModified\":\"2025-01-08T18:18:36+00:00\",\"description\":\"Acheminement de la portabilit\u00e9 du num\u00e9ro de t\u00e9l\u00e9phone mobile Velocity. D\u00e9couvrez le fournisseur de r\u00e9seau pour chaque num\u00e9ro dans le monde entier, pour un routage pr\u00e9cis des SMS A2P et des appels vocaux.\",\"breadcrumb\":{\"@id\":\"https:\/\/tmtid.com\/fr\/velocite\/#breadcrumb\"},\"inLanguage\":\"fr-FR\",\"potentialAction\":[{\"@type\":\"ReadAction\",\"target\":[\"https:\/\/tmtid.com\/fr\/velocite\/\"]}]},{\"@type\":\"BreadcrumbList\",\"@id\":\"https:\/\/tmtid.com\/fr\/velocite\/#breadcrumb\",\"itemListElement\":[{\"@type\":\"ListItem\",\"position\":1,\"name\":\"Home\",\"item\":\"https:\/\/tmtid.com\/fr\/\"},{\"@type\":\"ListItem\",\"position\":2,\"name\":\"V\u00e9locit\u00e9\"}]},{\"@type\":\"WebSite\",\"@id\":\"https:\/\/tmtid.com\/fr\/#website\",\"url\":\"https:\/\/tmtid.com\/fr\/\",\"name\":\"TMT ID\",\"description\":\"Mobile Intelligence Experts\",\"publisher\":{\"@id\":\"https:\/\/tmtid.com\/fr\/#organization\"},\"alternateName\":\"TMT Analysis\",\"potentialAction\":[{\"@type\":\"SearchAction\",\"target\":{\"@type\":\"EntryPoint\",\"urlTemplate\":\"https:\/\/tmtid.com\/fr\/?s={search_term_string}\"},\"query-input\":{\"@type\":\"PropertyValueSpecification\",\"valueRequired\":true,\"valueName\":\"search_term_string\"}}],\"inLanguage\":\"fr-FR\"},{\"@type\":\"Organization\",\"@id\":\"https:\/\/tmtid.com\/fr\/#organization\",\"name\":\"TMT ID\",\"alternateName\":\"TMT Analysis\",\"url\":\"https:\/\/tmtid.com\/fr\/\",\"logo\":{\"@type\":\"ImageObject\",\"inLanguage\":\"fr-FR\",\"@id\":\"https:\/\/tmtid.com\/fr\/#\/schema\/logo\/image\/\",\"url\":\"https:\/\/tmtid.com\/wp-content\/uploads\/2024\/03\/big_logo.png\",\"contentUrl\":\"https:\/\/tmtid.com\/wp-content\/uploads\/2024\/03\/big_logo.png\",\"width\":457,\"height\":195,\"caption\":\"TMT ID\"},\"image\":{\"@id\":\"https:\/\/tmtid.com\/fr\/#\/schema\/logo\/image\/\"},\"sameAs\":[\"https:\/\/www.linkedin.com\/company\/tmtid\/\"],\"description\":\"TMT ID are the experts in mobile identity and trusted data.\",\"email\":\"info@tmtid.com\",\"telephone\":\"0207 193 5161\",\"legalName\":\"TMT ANALYSIS LIMITED\",\"numberOfEmployees\":{\"@type\":\"QuantitativeValue\",\"minValue\":\"51\",\"maxValue\":\"200\"},\"actionableFeedbackPolicy\":\"https:\/\/tmtid.com\/quality-policy\/\"}]}<\/script>\n<!-- \/ Yoast SEO Premium plugin. -->","yoast_head_json":{"title":"Routage de la portabilit\u00e9 du num\u00e9ro de t\u00e9l\u00e9phone mobile - MNP Lookup | Velocity","description":"Acheminement de la portabilit\u00e9 du num\u00e9ro de t\u00e9l\u00e9phone mobile Velocity. D\u00e9couvrez le fournisseur de r\u00e9seau pour chaque num\u00e9ro dans le monde entier, pour un routage pr\u00e9cis des SMS A2P et des appels vocaux.","robots":{"index":"index","follow":"follow","max-snippet":"max-snippet:-1","max-image-preview":"max-image-preview:large","max-video-preview":"max-video-preview:-1"},"canonical":"https:\/\/tmtid.com\/fr\/velocite\/","og_locale":"fr_FR","og_type":"article","og_title":"V\u00e9locit\u00e9","og_description":"Acheminement de la portabilit\u00e9 du num\u00e9ro de t\u00e9l\u00e9phone mobile Velocity. D\u00e9couvrez le fournisseur de r\u00e9seau pour chaque num\u00e9ro dans le monde entier, pour un routage pr\u00e9cis des SMS A2P et des appels vocaux.","og_url":"https:\/\/tmtid.com\/fr\/velocite\/","og_site_name":"TMT ID","article_modified_time":"2025-01-08T18:18:36+00:00","og_image":[{"width":800,"height":418,"url":"https:\/\/tmtid.com\/wp-content\/uploads\/2024\/03\/Home-Page-Image-2.png","type":"image\/png"}],"twitter_card":"summary_large_image","schema":{"@context":"https:\/\/schema.org","@graph":[{"@type":"WebPage","@id":"https:\/\/tmtid.com\/fr\/velocite\/","url":"https:\/\/tmtid.com\/fr\/velocite\/","name":"Routage de la portabilit\u00e9 du num\u00e9ro de t\u00e9l\u00e9phone mobile - MNP Lookup | Velocity","isPartOf":{"@id":"https:\/\/tmtid.com\/fr\/#website"},"datePublished":"2024-03-06T14:07:00+00:00","dateModified":"2025-01-08T18:18:36+00:00","description":"Acheminement de la portabilit\u00e9 du num\u00e9ro de t\u00e9l\u00e9phone mobile Velocity. D\u00e9couvrez le fournisseur de r\u00e9seau pour chaque num\u00e9ro dans le monde entier, pour un routage pr\u00e9cis des SMS A2P et des appels vocaux.","breadcrumb":{"@id":"https:\/\/tmtid.com\/fr\/velocite\/#breadcrumb"},"inLanguage":"fr-FR","potentialAction":[{"@type":"ReadAction","target":["https:\/\/tmtid.com\/fr\/velocite\/"]}]},{"@type":"BreadcrumbList","@id":"https:\/\/tmtid.com\/fr\/velocite\/#breadcrumb","itemListElement":[{"@type":"ListItem","position":1,"name":"Home","item":"https:\/\/tmtid.com\/fr\/"},{"@type":"ListItem","position":2,"name":"V\u00e9locit\u00e9"}]},{"@type":"WebSite","@id":"https:\/\/tmtid.com\/fr\/#website","url":"https:\/\/tmtid.com\/fr\/","name":"TMT ID","description":"Mobile Intelligence Experts","publisher":{"@id":"https:\/\/tmtid.com\/fr\/#organization"},"alternateName":"TMT Analysis","potentialAction":[{"@type":"SearchAction","target":{"@type":"EntryPoint","urlTemplate":"https:\/\/tmtid.com\/fr\/?s={search_term_string}"},"query-input":{"@type":"PropertyValueSpecification","valueRequired":true,"valueName":"search_term_string"}}],"inLanguage":"fr-FR"},{"@type":"Organization","@id":"https:\/\/tmtid.com\/fr\/#organization","name":"TMT ID","alternateName":"TMT Analysis","url":"https:\/\/tmtid.com\/fr\/","logo":{"@type":"ImageObject","inLanguage":"fr-FR","@id":"https:\/\/tmtid.com\/fr\/#\/schema\/logo\/image\/","url":"https:\/\/tmtid.com\/wp-content\/uploads\/2024\/03\/big_logo.png","contentUrl":"https:\/\/tmtid.com\/wp-content\/uploads\/2024\/03\/big_logo.png","width":457,"height":195,"caption":"TMT ID"},"image":{"@id":"https:\/\/tmtid.com\/fr\/#\/schema\/logo\/image\/"},"sameAs":["https:\/\/www.linkedin.com\/company\/tmtid\/"],"description":"TMT ID are the experts in mobile identity and trusted data.","email":"info@tmtid.com","telephone":"0207 193 5161","legalName":"TMT ANALYSIS LIMITED","numberOfEmployees":{"@type":"QuantitativeValue","minValue":"51","maxValue":"200"},"actionableFeedbackPolicy":"https:\/\/tmtid.com\/quality-policy\/"}]}},"_links":{"self":[{"href":"https:\/\/tmtid.com\/fr\/wp-json\/wp\/v2\/pages\/35044","targetHints":{"allow":["GET"]}}],"collection":[{"href":"https:\/\/tmtid.com\/fr\/wp-json\/wp\/v2\/pages"}],"about":[{"href":"https:\/\/tmtid.com\/fr\/wp-json\/wp\/v2\/types\/page"}],"author":[{"embeddable":true,"href":"https:\/\/tmtid.com\/fr\/wp-json\/wp\/v2\/users\/1"}],"replies":[{"embeddable":true,"href":"https:\/\/tmtid.com\/fr\/wp-json\/wp\/v2\/comments?post=35044"}],"version-history":[{"count":4,"href":"https:\/\/tmtid.com\/fr\/wp-json\/wp\/v2\/pages\/35044\/revisions"}],"predecessor-version":[{"id":45959,"href":"https:\/\/tmtid.com\/fr\/wp-json\/wp\/v2\/pages\/35044\/revisions\/45959"}],"wp:attachment":[{"href":"https:\/\/tmtid.com\/fr\/wp-json\/wp\/v2\/media?parent=35044"}],"curies":[{"name":"wp","href":"https:\/\/api.w.org\/{rel}","templated":true}]}}