{"id":34995,"date":"2024-03-07T15:15:10","date_gmt":"2024-03-07T15:15:10","guid":{"rendered":"https:\/\/tmtid.com\/industries\/commerce-electronique\/"},"modified":"2025-01-08T18:23:11","modified_gmt":"2025-01-08T18:23:11","slug":"commerce-electronique","status":"publish","type":"page","link":"https:\/\/tmtid.com\/fr\/industries\/commerce-electronique\/","title":{"rendered":"Commerce \u00e9lectronique"},"content":{"rendered":"","protected":false},"excerpt":{"rendered":"","protected":false},"author":1,"featured_media":0,"parent":34974,"menu_order":0,"comment_status":"closed","ping_status":"closed","template":"TEMPLATE-industry.php","meta":{"_acf_changed":false,"content-type":"","footnotes":""},"class_list":["post-34995","page","type-page","status-publish","hentry"],"acf":[],"yoast_head":"<!-- This site is optimized with the Yoast SEO Premium plugin v26.8 (Yoast SEO v26.8) - https:\/\/yoast.com\/product\/yoast-seo-premium-wordpress\/ -->\n<title>V\u00e9rification et authentification des clients pour le commerce \u00e9lectronique | TMT<\/title>\n<meta name=\"description\" content=\"Le commerce \u00e9lectronique n&#039;est pas sans risque, car la fraude en ligne et les faux comptes sont un probl\u00e8me de plus en plus fr\u00e9quent. Prot\u00e9gez votre entreprise et vos clients d\u00e8s aujourd&#039;hui !\" \/>\n<meta name=\"robots\" content=\"index, follow, max-snippet:-1, max-image-preview:large, max-video-preview:-1\" \/>\n<link rel=\"canonical\" href=\"https:\/\/tmtid.com\/fr\/industries\/commerce-electronique\/\" \/>\n<meta property=\"og:locale\" content=\"fr_FR\" \/>\n<meta property=\"og:type\" content=\"article\" \/>\n<meta property=\"og:title\" content=\"Commerce \u00e9lectronique\" \/>\n<meta property=\"og:description\" content=\"Le commerce \u00e9lectronique n&#039;est pas sans risque, car la fraude en ligne et les faux comptes sont un probl\u00e8me de plus en plus fr\u00e9quent. Prot\u00e9gez votre entreprise et vos clients d\u00e8s aujourd&#039;hui !\" \/>\n<meta property=\"og:url\" content=\"https:\/\/tmtid.com\/fr\/industries\/commerce-electronique\/\" \/>\n<meta property=\"og:site_name\" content=\"TMT ID\" \/>\n<meta property=\"article:modified_time\" content=\"2025-01-08T18:23:11+00:00\" \/>\n<meta property=\"og:image\" content=\"https:\/\/tmtid.com\/wp-content\/uploads\/2024\/03\/Home-Page-Image-2.png\" \/>\n\t<meta property=\"og:image:width\" content=\"800\" \/>\n\t<meta property=\"og:image:height\" content=\"418\" \/>\n\t<meta property=\"og:image:type\" content=\"image\/png\" \/>\n<meta name=\"twitter:card\" content=\"summary_large_image\" \/>\n<script type=\"application\/ld+json\" class=\"yoast-schema-graph\">{\"@context\":\"https:\/\/schema.org\",\"@graph\":[{\"@type\":\"WebPage\",\"@id\":\"https:\/\/tmtid.com\/fr\/industries\/commerce-electronique\/\",\"url\":\"https:\/\/tmtid.com\/fr\/industries\/commerce-electronique\/\",\"name\":\"V\u00e9rification et authentification des clients pour le commerce \u00e9lectronique | TMT\",\"isPartOf\":{\"@id\":\"https:\/\/tmtid.com\/fr\/#website\"},\"datePublished\":\"2024-03-07T15:15:10+00:00\",\"dateModified\":\"2025-01-08T18:23:11+00:00\",\"description\":\"Le commerce \u00e9lectronique n'est pas sans risque, car la fraude en ligne et les faux comptes sont un probl\u00e8me de plus en plus fr\u00e9quent. Prot\u00e9gez votre entreprise et vos clients d\u00e8s aujourd'hui !\",\"breadcrumb\":{\"@id\":\"https:\/\/tmtid.com\/fr\/industries\/commerce-electronique\/#breadcrumb\"},\"inLanguage\":\"fr-FR\",\"potentialAction\":[{\"@type\":\"ReadAction\",\"target\":[\"https:\/\/tmtid.com\/fr\/industries\/commerce-electronique\/\"]}]},{\"@type\":\"BreadcrumbList\",\"@id\":\"https:\/\/tmtid.com\/fr\/industries\/commerce-electronique\/#breadcrumb\",\"itemListElement\":[{\"@type\":\"ListItem\",\"position\":1,\"name\":\"Home\",\"item\":\"https:\/\/tmtid.com\/fr\/\"},{\"@type\":\"ListItem\",\"position\":2,\"name\":\"Industries\",\"item\":\"https:\/\/tmtid.com\/fr\/industries\/\"},{\"@type\":\"ListItem\",\"position\":3,\"name\":\"Commerce \u00e9lectronique\"}]},{\"@type\":\"WebSite\",\"@id\":\"https:\/\/tmtid.com\/fr\/#website\",\"url\":\"https:\/\/tmtid.com\/fr\/\",\"name\":\"TMT ID\",\"description\":\"Mobile Intelligence Experts\",\"publisher\":{\"@id\":\"https:\/\/tmtid.com\/fr\/#organization\"},\"alternateName\":\"TMT Analysis\",\"potentialAction\":[{\"@type\":\"SearchAction\",\"target\":{\"@type\":\"EntryPoint\",\"urlTemplate\":\"https:\/\/tmtid.com\/fr\/?s={search_term_string}\"},\"query-input\":{\"@type\":\"PropertyValueSpecification\",\"valueRequired\":true,\"valueName\":\"search_term_string\"}}],\"inLanguage\":\"fr-FR\"},{\"@type\":\"Organization\",\"@id\":\"https:\/\/tmtid.com\/fr\/#organization\",\"name\":\"TMT ID\",\"alternateName\":\"TMT Analysis\",\"url\":\"https:\/\/tmtid.com\/fr\/\",\"logo\":{\"@type\":\"ImageObject\",\"inLanguage\":\"fr-FR\",\"@id\":\"https:\/\/tmtid.com\/fr\/#\/schema\/logo\/image\/\",\"url\":\"https:\/\/tmtid.com\/wp-content\/uploads\/2024\/03\/big_logo.png\",\"contentUrl\":\"https:\/\/tmtid.com\/wp-content\/uploads\/2024\/03\/big_logo.png\",\"width\":457,\"height\":195,\"caption\":\"TMT ID\"},\"image\":{\"@id\":\"https:\/\/tmtid.com\/fr\/#\/schema\/logo\/image\/\"},\"sameAs\":[\"https:\/\/www.linkedin.com\/company\/tmtid\/\"],\"description\":\"TMT ID are the experts in mobile identity and trusted data.\",\"email\":\"info@tmtid.com\",\"telephone\":\"0207 193 5161\",\"legalName\":\"TMT ANALYSIS LIMITED\",\"numberOfEmployees\":{\"@type\":\"QuantitativeValue\",\"minValue\":\"51\",\"maxValue\":\"200\"},\"actionableFeedbackPolicy\":\"https:\/\/tmtid.com\/quality-policy\/\"}]}<\/script>\n<!-- \/ Yoast SEO Premium plugin. -->","yoast_head_json":{"title":"V\u00e9rification et authentification des clients pour le commerce \u00e9lectronique | TMT","description":"Le commerce \u00e9lectronique n'est pas sans risque, car la fraude en ligne et les faux comptes sont un probl\u00e8me de plus en plus fr\u00e9quent. Prot\u00e9gez votre entreprise et vos clients d\u00e8s aujourd'hui !","robots":{"index":"index","follow":"follow","max-snippet":"max-snippet:-1","max-image-preview":"max-image-preview:large","max-video-preview":"max-video-preview:-1"},"canonical":"https:\/\/tmtid.com\/fr\/industries\/commerce-electronique\/","og_locale":"fr_FR","og_type":"article","og_title":"Commerce \u00e9lectronique","og_description":"Le commerce \u00e9lectronique n'est pas sans risque, car la fraude en ligne et les faux comptes sont un probl\u00e8me de plus en plus fr\u00e9quent. Prot\u00e9gez votre entreprise et vos clients d\u00e8s aujourd'hui !","og_url":"https:\/\/tmtid.com\/fr\/industries\/commerce-electronique\/","og_site_name":"TMT ID","article_modified_time":"2025-01-08T18:23:11+00:00","og_image":[{"width":800,"height":418,"url":"https:\/\/tmtid.com\/wp-content\/uploads\/2024\/03\/Home-Page-Image-2.png","type":"image\/png"}],"twitter_card":"summary_large_image","schema":{"@context":"https:\/\/schema.org","@graph":[{"@type":"WebPage","@id":"https:\/\/tmtid.com\/fr\/industries\/commerce-electronique\/","url":"https:\/\/tmtid.com\/fr\/industries\/commerce-electronique\/","name":"V\u00e9rification et authentification des clients pour le commerce \u00e9lectronique | TMT","isPartOf":{"@id":"https:\/\/tmtid.com\/fr\/#website"},"datePublished":"2024-03-07T15:15:10+00:00","dateModified":"2025-01-08T18:23:11+00:00","description":"Le commerce \u00e9lectronique n'est pas sans risque, car la fraude en ligne et les faux comptes sont un probl\u00e8me de plus en plus fr\u00e9quent. Prot\u00e9gez votre entreprise et vos clients d\u00e8s aujourd'hui !","breadcrumb":{"@id":"https:\/\/tmtid.com\/fr\/industries\/commerce-electronique\/#breadcrumb"},"inLanguage":"fr-FR","potentialAction":[{"@type":"ReadAction","target":["https:\/\/tmtid.com\/fr\/industries\/commerce-electronique\/"]}]},{"@type":"BreadcrumbList","@id":"https:\/\/tmtid.com\/fr\/industries\/commerce-electronique\/#breadcrumb","itemListElement":[{"@type":"ListItem","position":1,"name":"Home","item":"https:\/\/tmtid.com\/fr\/"},{"@type":"ListItem","position":2,"name":"Industries","item":"https:\/\/tmtid.com\/fr\/industries\/"},{"@type":"ListItem","position":3,"name":"Commerce \u00e9lectronique"}]},{"@type":"WebSite","@id":"https:\/\/tmtid.com\/fr\/#website","url":"https:\/\/tmtid.com\/fr\/","name":"TMT ID","description":"Mobile Intelligence Experts","publisher":{"@id":"https:\/\/tmtid.com\/fr\/#organization"},"alternateName":"TMT Analysis","potentialAction":[{"@type":"SearchAction","target":{"@type":"EntryPoint","urlTemplate":"https:\/\/tmtid.com\/fr\/?s={search_term_string}"},"query-input":{"@type":"PropertyValueSpecification","valueRequired":true,"valueName":"search_term_string"}}],"inLanguage":"fr-FR"},{"@type":"Organization","@id":"https:\/\/tmtid.com\/fr\/#organization","name":"TMT ID","alternateName":"TMT Analysis","url":"https:\/\/tmtid.com\/fr\/","logo":{"@type":"ImageObject","inLanguage":"fr-FR","@id":"https:\/\/tmtid.com\/fr\/#\/schema\/logo\/image\/","url":"https:\/\/tmtid.com\/wp-content\/uploads\/2024\/03\/big_logo.png","contentUrl":"https:\/\/tmtid.com\/wp-content\/uploads\/2024\/03\/big_logo.png","width":457,"height":195,"caption":"TMT ID"},"image":{"@id":"https:\/\/tmtid.com\/fr\/#\/schema\/logo\/image\/"},"sameAs":["https:\/\/www.linkedin.com\/company\/tmtid\/"],"description":"TMT ID are the experts in mobile identity and trusted data.","email":"info@tmtid.com","telephone":"0207 193 5161","legalName":"TMT ANALYSIS LIMITED","numberOfEmployees":{"@type":"QuantitativeValue","minValue":"51","maxValue":"200"},"actionableFeedbackPolicy":"https:\/\/tmtid.com\/quality-policy\/"}]}},"_links":{"self":[{"href":"https:\/\/tmtid.com\/fr\/wp-json\/wp\/v2\/pages\/34995","targetHints":{"allow":["GET"]}}],"collection":[{"href":"https:\/\/tmtid.com\/fr\/wp-json\/wp\/v2\/pages"}],"about":[{"href":"https:\/\/tmtid.com\/fr\/wp-json\/wp\/v2\/types\/page"}],"author":[{"embeddable":true,"href":"https:\/\/tmtid.com\/fr\/wp-json\/wp\/v2\/users\/1"}],"replies":[{"embeddable":true,"href":"https:\/\/tmtid.com\/fr\/wp-json\/wp\/v2\/comments?post=34995"}],"version-history":[{"count":2,"href":"https:\/\/tmtid.com\/fr\/wp-json\/wp\/v2\/pages\/34995\/revisions"}],"predecessor-version":[{"id":45963,"href":"https:\/\/tmtid.com\/fr\/wp-json\/wp\/v2\/pages\/34995\/revisions\/45963"}],"up":[{"embeddable":true,"href":"https:\/\/tmtid.com\/fr\/wp-json\/wp\/v2\/pages\/34974"}],"wp:attachment":[{"href":"https:\/\/tmtid.com\/fr\/wp-json\/wp\/v2\/media?parent=34995"}],"curies":[{"name":"wp","href":"https:\/\/api.w.org\/{rel}","templated":true}]}}