{"id":35811,"date":"2024-03-18T22:59:37","date_gmt":"2024-03-18T22:59:37","guid":{"rendered":"https:\/\/tmtid.com\/condiciones-generales\/"},"modified":"2024-11-18T09:29:49","modified_gmt":"2024-11-18T09:29:49","slug":"condiciones-generales","status":"publish","type":"page","link":"https:\/\/tmtid.com\/es\/condiciones-generales\/","title":{"rendered":"Condiciones generales"},"content":{"rendered":"<div class=\"elementor-element elementor-element-293ffcc elementor-widget elementor-widget-heading\" data-id=\"293ffcc\" data-element_type=\"widget\" data-widget_type=\"heading.default\">\n<div class=\"elementor-widget-container\">\n<p><b>SITIO WEB: CONDICIONES DE USO<\/b><\/p>\n<ul>\n<li aria-level=\"1\">\n<h2><b>Sobre nuestras condiciones<\/b><\/h2>\n<\/li>\n<\/ul>\n<ol>\n<li style=\"list-style-type: none;\">\n<ol>\n<li style=\"list-style-type: none;\">\n<ol>\n<li style=\"font-weight: 400;\" aria-level=\"2\"><span style=\"font-weight: 400;\">Estas condiciones de uso (<\/span><b>Condiciones<\/b><span style=\"font-weight: 400;\">) explican c\u00f3mo puedes utilizar este sitio web y cualquiera de sus contenidos (<\/span><b>Sitio<\/b><span style=\"font-weight: 400;\">). Estas Condiciones se aplican entre TMT Analysis Limited, que opera como TMT ID (<\/span><b>nosotros<\/b><span style=\"font-weight: 400;\">, <\/span><b>nosotros<\/b><span style=\"font-weight: 400;\"> o <\/span><b>nuestro<\/b><span style=\"font-weight: 400;\">) y t\u00fa, la persona que accede o utiliza el Sitio (<\/span><b>t\u00fa<\/b><span style=\"font-weight: 400;\"> o <\/span><b>tu<\/b><span style=\"font-weight: 400;\">).<\/span><\/li>\n<li style=\"font-weight: 400;\" aria-level=\"2\"><span style=\"font-weight: 400;\">Debes leer atentamente estas Condiciones antes de utilizar el Sitio. Al utilizar el Sitio o indicar de otro modo tu consentimiento, aceptas quedar vinculado por estas Condiciones. Si no est\u00e1s de acuerdo con alguna de estas Condiciones, debes dejar de utilizar el Sitio inmediatamente.<\/span><\/li>\n<li style=\"font-weight: 400;\" aria-level=\"2\"><span style=\"font-weight: 400;\">Si solicitas alg\u00fan servicio del Sitio, se aplicar\u00e1n condiciones particulares<\/span><b>.<\/b><\/li>\n<\/ol>\n<\/li>\n<\/ol>\n<\/li>\n<\/ol>\n<ul>\n<li aria-level=\"1\">\n<h2><b>Sobre nosotros<\/b><\/h2>\n<\/li>\n<\/ul>\n<ol>\n<li style=\"list-style-type: none;\">\n<ol>\n<li style=\"list-style-type: none;\">\n<ol>\n<li style=\"font-weight: 400;\" aria-level=\"2\"><span style=\"font-weight: 400;\">Somos TMT Analysis Limited (que opera como TMT ID), una empresa registrada en Inglaterra y Gales con el n\u00famero de registro 10354347. Nuestro domicilio social est\u00e1 en 33, Queen Street, Londres EC4R 1BR. Nuestro n\u00famero de registro de IVA es GB 335 8602 93.<\/span><\/li>\n<li style=\"font-weight: 400;\" aria-level=\"2\"><span style=\"font-weight: 400;\">Si tienes alguna pregunta sobre el Sitio, ponte en contacto con nosotros mediante:<\/span>\n<ol>\n<li style=\"font-weight: 400;\" aria-level=\"3\"><span style=\"font-weight: 400;\">enviando un correo electr\u00f3nico a <\/span><a href=\"mailto:info@tmtid.com\"><br \/>\n  <span style=\"font-weight: 400;\">info@tmtid.com<\/span><br \/>\n<\/a> <span style=\"font-weight: 400;\">o a<\/span><\/li>\n<li style=\"font-weight: 400;\" aria-level=\"3\"><span style=\"font-weight: 400;\">llam\u00e1ndonos al <\/span><span style=\"font-weight: 400;\">+44 (0) 207 193 5161<\/span><span style=\"font-weight: 400;\"> <\/span><\/li>\n<\/ol>\n<\/li>\n<\/ol>\n<\/li>\n<\/ol>\n<\/li>\n<\/ol>\n<ul>\n<li aria-level=\"1\">\n<h2><b>Utilizar el sitio<\/b><\/h2>\n<\/li>\n<\/ul>\n<ol>\n<li style=\"list-style-type: none;\">\n<ol>\n<li style=\"list-style-type: none;\">\n<ol>\n<li style=\"font-weight: 400;\" aria-level=\"2\"><span style=\"font-weight: 400;\">El Sitio es para tu<\/span> <span style=\"font-weight: 400;\">uso exclusivo.<\/span><\/li>\n<li style=\"font-weight: 400;\" aria-level=\"2\"><span style=\"font-weight: 400;\">Aceptas que eres el \u00fanico responsable de todos los costes y gastos en los que puedas incurrir en relaci\u00f3n con tu uso del Sitio.<\/span><\/li>\n<li style=\"font-weight: 400;\" aria-level=\"2\"><span style=\"font-weight: 400;\">No prometemos que el Sitio sea apropiado o est\u00e9 disponible para su uso en lugares fuera del Reino Unido. Si decides acceder al Sitio desde ubicaciones fuera del Reino Unido, reconoces que lo haces por tu propia iniciativa y eres responsable del cumplimiento de las leyes locales donde sean aplicables.<\/span><\/li>\n<li style=\"font-weight: 400;\" aria-level=\"2\"><span style=\"font-weight: 400;\">Intentamos que el Sitio sea lo m\u00e1s accesible posible. Si tienes alguna dificultad para utilizar el Sitio, ponte en contacto con nosotros utilizando los datos de contacto que aparecen en la parte superior de esta p\u00e1gina.<\/span><\/li>\n<li style=\"font-weight: 400;\" aria-level=\"2\"><span style=\"font-weight: 400;\">Como condici\u00f3n para utilizar el Sitio, aceptas cumplir nuestra <\/span><b>Pol\u00edtica de Uso Aceptable<\/b><span style=\"font-weight: 400;\"> y te comprometes a no<\/span>\n<ol>\n<li style=\"font-weight: 400;\" aria-level=\"3\"><span style=\"font-weight: 400;\">utilizar indebidamente o atacar nuestro Sitio introduciendo a sabiendas virus, troyanos, gusanos, bombas l\u00f3gicas o cualquier otro material malicioso o tecnol\u00f3gicamente perjudicial (por ejemplo, mediante un ataque de denegaci\u00f3n de servicio), o<\/span><\/li>\n<li style=\"font-weight: 400;\" aria-level=\"3\"><span style=\"font-weight: 400;\">intentar obtener acceso no autorizado a nuestro Sitio, al servidor en el que est\u00e1 almacenado nuestro Sitio o a cualquier servidor, ordenador o base de datos conectados a nuestro Sitio.<\/span><\/li>\n<\/ol>\n<\/li>\n<li style=\"font-weight: 400;\" aria-level=\"2\"><span style=\"font-weight: 400;\">Podemos impedir o suspender tu acceso al Sitio si no cumples estas Condiciones o cualquier ley aplicable.<\/span><\/li>\n<\/ol>\n<\/li>\n<\/ol>\n<\/li>\n<\/ol>\n<ul>\n<li aria-level=\"1\">\n<h2><b>Seguridad de registro y contrase\u00f1a<\/b><\/h2>\n<\/li>\n<\/ul>\n<ol>\n<li style=\"list-style-type: none;\">\n<ol>\n<li style=\"list-style-type: none;\">\n<ol>\n<li style=\"font-weight: 400;\" aria-level=\"2\"><span style=\"font-weight: 400;\">El uso del Sitio puede requerir registro.<\/span><\/li>\n<li style=\"font-weight: 400;\" aria-level=\"2\"><span style=\"font-weight: 400;\">No estamos obligados a permitir que nadie se registre en el Sitio y podemos denegar, cancelar o suspender el registro a cualquier persona en cualquier momento.<\/span><\/li>\n<li style=\"font-weight: 400;\" aria-level=\"2\"><span style=\"font-weight: 400;\">Eres responsable de asegurarte de que tu contrase\u00f1a y cualquier otro dato de la cuenta se mantienen seguros y confidenciales.<\/span><\/li>\n<li style=\"font-weight: 400;\" aria-level=\"2\"><span style=\"font-weight: 400;\">Si tenemos motivos para creer que es probable que se produzca una violaci\u00f3n de la seguridad o un uso indebido del Sitio a trav\u00e9s de tu cuenta o del uso de tu contrase\u00f1a, podemos notific\u00e1rtelo y exigirte que cambies tu contrase\u00f1a, o podemos suspender o cancelar tu cuenta.<\/span><\/li>\n<li style=\"font-weight: 400;\" aria-level=\"2\"><span style=\"font-weight: 400;\">Cualquier informaci\u00f3n personal que nos proporciones como parte del proceso de registro ser\u00e1 procesada de acuerdo con nuestra <\/span><b>Pol\u00edtica de privacidad<\/b><span style=\"font-weight: 400;\">.<\/span><\/li>\n<\/ol>\n<\/li>\n<\/ol>\n<\/li>\n<\/ol>\n<ul>\n<li aria-level=\"1\">\n<h2><b>Tu privacidad e informaci\u00f3n personal<\/b><\/h2>\n<\/li>\n<\/ul>\n<p><span style=\"font-weight: 400;\">Tu privacidad y tu informaci\u00f3n personal son importantes para nosotros. Cualquier informaci\u00f3n personal que nos proporciones ser\u00e1 tratada de acuerdo con nuestra Pol\u00edtica de privacidad, que explica qu\u00e9 informaci\u00f3n personal recopilamos de ti, c\u00f3mo y por qu\u00e9 recopilamos, almacenamos, utilizamos y compartimos dicha informaci\u00f3n, tus derechos en relaci\u00f3n con tu informaci\u00f3n personal y c\u00f3mo ponerte en contacto con nosotros y con las autoridades supervisoras en caso de que tengas alguna duda o queja sobre el uso de tu informaci\u00f3n personal.<\/span><\/p>\n<ul>\n<li aria-level=\"1\">\n<h2><b>Titularidad, uso y derechos de propiedad intelectual<\/b><\/h2>\n<\/li>\n<\/ul>\n<ol>\n<li style=\"list-style-type: none;\">\n<ol>\n<li style=\"list-style-type: none;\">\n<ol>\n<li style=\"font-weight: 400;\" aria-level=\"2\"><span style=\"font-weight: 400;\">Los derechos de propiedad intelectual del Sitio y de cualquier texto, imagen, v\u00eddeo, audio u otro contenido multimedia, software u otra informaci\u00f3n o material enviado al Sitio o accesible desde el mismo (<\/span><b>Contenido<\/b><span style=\"font-weight: 400;\">) son propiedad nuestra y de nuestros licenciantes.<\/span><\/li>\n<li style=\"font-weight: 400;\" aria-level=\"2\"><span style=\"font-weight: 400;\">Nosotros y nuestros licenciantes nos reservamos todos nuestros derechos de propiedad intelectual (incluidos, entre otros, todos los derechos de autor, marcas registradas, nombres de dominio, derechos de dise\u00f1o, derechos de bases de datos, patentes y todos los dem\u00e1s derechos de propiedad intelectual de cualquier tipo) est\u00e9n registrados o no en cualquier parte del mundo. Esto significa, por ejemplo, que seguimos siendo propietarios de ellos y somos libres de utilizarlos como creamos conveniente.<\/span><\/li>\n<li style=\"font-weight: 400;\" aria-level=\"2\"><span style=\"font-weight: 400;\">Nada de lo dispuesto en estas Condiciones te otorga derechos legales sobre el Sitio o el Contenido, salvo los necesarios para que puedas acceder a \u00e9l. Te comprometes a no ajustar, intentar eludir o eliminar cualquier aviso contenido en el Sitio o en el Contenido (incluidos los avisos de propiedad intelectual) y, en particular, en cualquier derecho digital u otra tecnolog\u00eda de seguridad incorporada o contenida en el Sitio o en el Contenido.<\/span><\/li>\n<li style=\"font-weight: 400;\" aria-level=\"2\"><span style=\"font-weight: 400;\">Marcas comerciales: El uso por tu parte de cualquier marca comercial en el Sitio o en el Contenido est\u00e1 estrictamente prohibido a menos que cuentes con nuestro permiso previo por escrito.<\/span><\/li>\n<\/ol>\n<\/li>\n<\/ol>\n<\/li>\n<\/ol>\n<ul>\n<li aria-level=\"1\">\n<h2><b>Enviar informaci\u00f3n al sitio<\/b><\/h2>\n<\/li>\n<\/ul>\n<ol>\n<li style=\"list-style-type: none;\">\n<ol>\n<li style=\"list-style-type: none;\">\n<ol>\n<li style=\"font-weight: 400;\" aria-level=\"2\"><span style=\"font-weight: 400;\">Aunque intentamos asegurarnos de que el Sitio sea seguro, no controlamos ni comprobamos activamente si la informaci\u00f3n que se nos suministra a trav\u00e9s del Sitio es confidencial, comercialmente sensible o valiosa.<\/span><\/li>\n<li style=\"font-weight: 400;\" aria-level=\"2\"><span style=\"font-weight: 400;\">Aparte de la informaci\u00f3n personal, que se tratar\u00e1 de acuerdo con nuestra Pol\u00edtica de Privacidad, no garantizamos que la informaci\u00f3n que se nos proporcione a trav\u00e9s del Sitio se mantenga confidencial y podemos utilizarla de forma ilimitada y gratuita seg\u00fan consideremos razonablemente oportuno.<\/span><\/li>\n<\/ol>\n<\/li>\n<\/ol>\n<\/li>\n<\/ol>\n<ul>\n<li aria-level=\"1\">\n<h2><b>Exactitud de la informaci\u00f3n y disponibilidad del sitio<\/b><\/h2>\n<\/li>\n<\/ul>\n<ol>\n<li style=\"list-style-type: none;\">\n<ol>\n<li style=\"list-style-type: none;\">\n<ol>\n<li style=\"font-weight: 400;\" aria-level=\"2\"><span style=\"font-weight: 400;\">Intentamos asegurarnos de que el Sitio sea preciso, est\u00e9 actualizado y no contenga errores, pero no podemos prometer que as\u00ed sea. Adem\u00e1s, no podemos prometer que el Sitio sea apto o adecuado para cualquier fin. Cualquier confianza que puedas depositar en la informaci\u00f3n del Sitio correr\u00e1 por tu cuenta y riesgo.<\/span><\/li>\n<li style=\"font-weight: 400;\" aria-level=\"2\"><span style=\"font-weight: 400;\">Podemos suspender o finalizar el acceso o el funcionamiento del Sitio en cualquier momento seg\u00fan consideremos oportuno.<\/span><\/li>\n<li style=\"font-weight: 400;\" aria-level=\"2\"><span style=\"font-weight: 400;\">Cualquier Contenido se proporciona \u00fanicamente con fines de informaci\u00f3n general y para informarte sobre nosotros y nuestros productos y noticias, funciones, servicios y otros sitios web que puedan ser de tu inter\u00e9s, pero no se ha adaptado a tus necesidades o circunstancias espec\u00edficas. No constituye asesoramiento t\u00e9cnico, financiero o jur\u00eddico, ni de ning\u00fan otro tipo, y no debe confiarse en \u00e9l para ning\u00fan fin. Siempre debes utilizar tu propio juicio independiente cuando utilices nuestro Sitio y su Contenido.<\/span><\/li>\n<li style=\"font-weight: 400;\" aria-level=\"2\"><span style=\"font-weight: 400;\">Aunque intentamos asegurarnos de que el Sitio est\u00e9 disponible para tu uso, no prometemos que el Sitio est\u00e9 disponible en todo momento o que tu uso del Sitio sea ininterrumpido.<\/span><\/li>\n<\/ol>\n<\/li>\n<\/ol>\n<\/li>\n<\/ol>\n<ul>\n<li aria-level=\"1\">\n<h2><b>Hiperv\u00ednculos y sitios de terceros<\/b><\/h2>\n<\/li>\n<\/ul>\n<p><span style=\"font-weight: 400;\">El Sitio puede contener hiperv\u00ednculos o referencias a publicidad y sitios web de terceros distintos del Sitio. Tales hiperv\u00ednculos o referencias se facilitan \u00fanicamente para tu comodidad. No tenemos ning\u00fan control sobre la publicidad o los sitios web de terceros y no aceptamos ninguna responsabilidad legal por cualquier contenido, material o informaci\u00f3n que contengan. La visualizaci\u00f3n de cualquier hiperv\u00ednculo y referencia a cualquier publicidad o sitio web de terceros no significa que respaldemos el sitio web, los productos o los servicios de ese tercero. Tu uso de un sitio de terceros puede regirse por los t\u00e9rminos y condiciones de ese sitio de terceros y es bajo tu propia responsabilidad.<\/span><\/p>\n<ul>\n<li aria-level=\"1\">\n<h2><b>Nuestra responsabilidad ante ti<\/b><\/h2>\n<\/li>\n<\/ul>\n<ol>\n<li style=\"list-style-type: none;\">\n<ol>\n<li style=\"list-style-type: none;\">\n<ol>\n<li style=\"font-weight: 400;\" aria-level=\"2\"><span style=\"font-weight: 400;\">Si incumplimos estas Condiciones o somos negligentes, seremos responsables ante ti de las p\u00e9rdidas o da\u00f1os previsibles que sufras como consecuencia de ello. Por &#8220;previsible&#8221; entendemos que, en el momento en que se establecieron estas Condiciones, estaba claro que se producir\u00eda dicha p\u00e9rdida o da\u00f1o, o que tanto t\u00fa como nosotros sab\u00edamos que podr\u00eda producirse razonablemente, como resultado de algo que hicimos (o dejamos de hacer).<\/span><\/li>\n<li style=\"font-weight: 400;\" aria-level=\"2\"><span style=\"font-weight: 400;\">No somos responsables ante ti de ninguna p\u00e9rdida o da\u00f1o que no fuera previsible, de ninguna p\u00e9rdida o da\u00f1o no causado por nuestro incumplimiento o negligencia, ni de ninguna p\u00e9rdida o da\u00f1o empresarial.<\/span><\/li>\n<li style=\"font-weight: 400;\" aria-level=\"2\"><span style=\"font-weight: 400;\">Nada en estos t\u00e9rminos excluye o limita nuestra responsabilidad por cualquier muerte o lesi\u00f3n personal causada por nuestra negligencia, responsabilidad por fraude o tergiversaci\u00f3n fraudulenta, o cualquier otra responsabilidad que la ley no nos permita excluir o limitar.<\/span><\/li>\n<\/ol>\n<\/li>\n<\/ol>\n<\/li>\n<\/ol>\n<ul>\n<li aria-level=\"1\">\n<h2><b>Acontecimientos fuera de nuestro control<\/b><\/h2>\n<\/li>\n<\/ul>\n<p><span style=\"font-weight: 400;\">No seremos responsables ante ti si incumplimos estas Condiciones por circunstancias ajenas a nuestro control razonable.<\/span><\/p>\n<ul>\n<li aria-level=\"1\">\n<h2><b>Sin derechos de terceros<\/b><\/h2>\n<\/li>\n<\/ul>\n<p><span style=\"font-weight: 400;\">Nadie m\u00e1s que nosotros o t\u00fa tiene derecho a hacer cumplir ninguna de estas Condiciones.<\/span><\/p>\n<ul>\n<li aria-level=\"1\">\n<h2><b>Variaci\u00f3n<\/b><\/h2>\n<\/li>\n<\/ul>\n<ol>\n<li style=\"list-style-type: none;\">\n<ol>\n<li style=\"font-weight: 400;\" aria-level=\"2\"><span style=\"font-weight: 400;\">Nos reservamos el derecho a modificar estas Condiciones de vez en cuando. Nuestras Condiciones actualizadas se mostrar\u00e1n en el Sitio y, al continuar utilizando y accediendo al Sitio tras dichos cambios, aceptas quedar vinculado por cualquier variaci\u00f3n realizada por nosotros. Es tu responsabilidad comprobar estas Condiciones de vez en cuando para verificar dichas variaciones.<\/span><\/li>\n<li style=\"font-weight: 400;\" aria-level=\"2\"><span style=\"font-weight: 400;\">Las leyes de Inglaterra y Gales se aplican a estas Condiciones, aunque si resides en otro pa\u00eds, conservar\u00e1s el beneficio de cualquier protecci\u00f3n obligatoria que te otorguen las leyes de ese pa\u00eds.<\/span><\/li>\n<li style=\"font-weight: 400;\" aria-level=\"2\"><span style=\"font-weight: 400;\">Cualquier disputa estar\u00e1 sujeta a la jurisdicci\u00f3n no exclusiva de los tribunales de Inglaterra y Gales. Esto significa que puedes elegir entre presentar una demanda ante los tribunales de Inglaterra y Gales o ante los tribunales de otra parte del Reino Unido en la que vivas.<\/span><\/li>\n<\/ol>\n<\/li>\n<\/ol>\n<\/div>\n<\/div>\n","protected":false},"excerpt":{"rendered":"<p>SITIO WEB: CONDICIONES DE USO Sobre nuestras condiciones Estas condiciones de uso (Condiciones) explican c\u00f3mo puedes utilizar este sitio web y cualquiera de sus contenidos (Sitio). Estas Condiciones se aplican entre TMT Analysis Limited, que opera como TMT ID (nosotros, nosotros o nuestro) y t\u00fa, la persona que accede o utiliza el Sitio (t\u00fa o <a href=\"https:\/\/tmtid.com\/es\/condiciones-generales\/\" class=\"more-link\">&#8230;<span class=\"screen-reader-text\">  Condiciones generales<\/span><\/a><\/p>\n","protected":false},"author":1,"featured_media":0,"parent":0,"menu_order":0,"comment_status":"closed","ping_status":"closed","template":"TEMPLATE-plain.php","meta":{"_acf_changed":false,"content-type":"","footnotes":""},"class_list":["post-35811","page","type-page","status-publish","hentry"],"acf":[],"yoast_head":"<!-- This site is optimized with the Yoast SEO Premium plugin v26.8 (Yoast SEO v26.8) - https:\/\/yoast.com\/product\/yoast-seo-premium-wordpress\/ -->\n<title>Condiciones generales | TMT ID<\/title>\n<meta name=\"robots\" content=\"index, follow, max-snippet:-1, max-image-preview:large, max-video-preview:-1\" \/>\n<link rel=\"canonical\" href=\"https:\/\/tmtid.com\/es\/condiciones-generales\/\" \/>\n<meta property=\"og:locale\" content=\"es_ES\" \/>\n<meta property=\"og:type\" content=\"article\" \/>\n<meta property=\"og:title\" content=\"Condiciones generales\" \/>\n<meta property=\"og:description\" content=\"SITIO WEB: CONDICIONES DE USO Sobre nuestras condiciones Estas condiciones de uso (Condiciones) explican c\u00f3mo puedes utilizar este sitio web y cualquiera de sus contenidos (Sitio). Estas Condiciones se aplican entre TMT Analysis Limited, que opera como TMT ID (nosotros, nosotros o nuestro) y t\u00fa, la persona que accede o utiliza el Sitio (t\u00fa o ... Condiciones generales\" \/>\n<meta property=\"og:url\" content=\"https:\/\/tmtid.com\/es\/condiciones-generales\/\" \/>\n<meta property=\"og:site_name\" content=\"TMT ID\" \/>\n<meta property=\"article:modified_time\" content=\"2024-11-18T09:29:49+00:00\" \/>\n<meta property=\"og:image\" content=\"https:\/\/tmtid.com\/wp-content\/uploads\/2024\/03\/Home-Page-Image-2.png\" \/>\n\t<meta property=\"og:image:width\" content=\"800\" \/>\n\t<meta property=\"og:image:height\" content=\"418\" \/>\n\t<meta property=\"og:image:type\" content=\"image\/png\" \/>\n<meta name=\"twitter:card\" content=\"summary_large_image\" \/>\n<meta name=\"twitter:label1\" content=\"Tiempo de lectura\" \/>\n\t<meta name=\"twitter:data1\" content=\"8 minutos\" \/>\n<script type=\"application\/ld+json\" class=\"yoast-schema-graph\">{\"@context\":\"https:\/\/schema.org\",\"@graph\":[{\"@type\":\"WebPage\",\"@id\":\"https:\/\/tmtid.com\/es\/condiciones-generales\/\",\"url\":\"https:\/\/tmtid.com\/es\/condiciones-generales\/\",\"name\":\"Condiciones generales | TMT ID\",\"isPartOf\":{\"@id\":\"https:\/\/tmtid.com\/es\/#website\"},\"datePublished\":\"2024-03-18T22:59:37+00:00\",\"dateModified\":\"2024-11-18T09:29:49+00:00\",\"breadcrumb\":{\"@id\":\"https:\/\/tmtid.com\/es\/condiciones-generales\/#breadcrumb\"},\"inLanguage\":\"es\",\"potentialAction\":[{\"@type\":\"ReadAction\",\"target\":[\"https:\/\/tmtid.com\/es\/condiciones-generales\/\"]}]},{\"@type\":\"BreadcrumbList\",\"@id\":\"https:\/\/tmtid.com\/es\/condiciones-generales\/#breadcrumb\",\"itemListElement\":[{\"@type\":\"ListItem\",\"position\":1,\"name\":\"Home\",\"item\":\"https:\/\/tmtid.com\/es\/\"},{\"@type\":\"ListItem\",\"position\":2,\"name\":\"Condiciones generales\"}]},{\"@type\":\"WebSite\",\"@id\":\"https:\/\/tmtid.com\/es\/#website\",\"url\":\"https:\/\/tmtid.com\/es\/\",\"name\":\"TMT ID\",\"description\":\"Mobile Intelligence Experts\",\"publisher\":{\"@id\":\"https:\/\/tmtid.com\/es\/#organization\"},\"alternateName\":\"TMT Analysis\",\"potentialAction\":[{\"@type\":\"SearchAction\",\"target\":{\"@type\":\"EntryPoint\",\"urlTemplate\":\"https:\/\/tmtid.com\/es\/?s={search_term_string}\"},\"query-input\":{\"@type\":\"PropertyValueSpecification\",\"valueRequired\":true,\"valueName\":\"search_term_string\"}}],\"inLanguage\":\"es\"},{\"@type\":\"Organization\",\"@id\":\"https:\/\/tmtid.com\/es\/#organization\",\"name\":\"TMT ID\",\"alternateName\":\"TMT Analysis\",\"url\":\"https:\/\/tmtid.com\/es\/\",\"logo\":{\"@type\":\"ImageObject\",\"inLanguage\":\"es\",\"@id\":\"https:\/\/tmtid.com\/es\/#\/schema\/logo\/image\/\",\"url\":\"https:\/\/tmtid.com\/wp-content\/uploads\/2024\/03\/big_logo.png\",\"contentUrl\":\"https:\/\/tmtid.com\/wp-content\/uploads\/2024\/03\/big_logo.png\",\"width\":457,\"height\":195,\"caption\":\"TMT ID\"},\"image\":{\"@id\":\"https:\/\/tmtid.com\/es\/#\/schema\/logo\/image\/\"},\"sameAs\":[\"https:\/\/www.linkedin.com\/company\/tmtid\/\"],\"description\":\"TMT ID are the experts in mobile identity and trusted data.\",\"email\":\"info@tmtid.com\",\"telephone\":\"0207 193 5161\",\"legalName\":\"TMT ANALYSIS LIMITED\",\"numberOfEmployees\":{\"@type\":\"QuantitativeValue\",\"minValue\":\"51\",\"maxValue\":\"200\"},\"actionableFeedbackPolicy\":\"https:\/\/tmtid.com\/quality-policy\/\"}]}<\/script>\n<!-- \/ Yoast SEO Premium plugin. -->","yoast_head_json":{"title":"Condiciones generales | TMT ID","robots":{"index":"index","follow":"follow","max-snippet":"max-snippet:-1","max-image-preview":"max-image-preview:large","max-video-preview":"max-video-preview:-1"},"canonical":"https:\/\/tmtid.com\/es\/condiciones-generales\/","og_locale":"es_ES","og_type":"article","og_title":"Condiciones generales","og_description":"SITIO WEB: CONDICIONES DE USO Sobre nuestras condiciones Estas condiciones de uso (Condiciones) explican c\u00f3mo puedes utilizar este sitio web y cualquiera de sus contenidos (Sitio). Estas Condiciones se aplican entre TMT Analysis Limited, que opera como TMT ID (nosotros, nosotros o nuestro) y t\u00fa, la persona que accede o utiliza el Sitio (t\u00fa o ... Condiciones generales","og_url":"https:\/\/tmtid.com\/es\/condiciones-generales\/","og_site_name":"TMT ID","article_modified_time":"2024-11-18T09:29:49+00:00","og_image":[{"width":800,"height":418,"url":"https:\/\/tmtid.com\/wp-content\/uploads\/2024\/03\/Home-Page-Image-2.png","type":"image\/png"}],"twitter_card":"summary_large_image","twitter_misc":{"Tiempo de lectura":"8 minutos"},"schema":{"@context":"https:\/\/schema.org","@graph":[{"@type":"WebPage","@id":"https:\/\/tmtid.com\/es\/condiciones-generales\/","url":"https:\/\/tmtid.com\/es\/condiciones-generales\/","name":"Condiciones generales | TMT ID","isPartOf":{"@id":"https:\/\/tmtid.com\/es\/#website"},"datePublished":"2024-03-18T22:59:37+00:00","dateModified":"2024-11-18T09:29:49+00:00","breadcrumb":{"@id":"https:\/\/tmtid.com\/es\/condiciones-generales\/#breadcrumb"},"inLanguage":"es","potentialAction":[{"@type":"ReadAction","target":["https:\/\/tmtid.com\/es\/condiciones-generales\/"]}]},{"@type":"BreadcrumbList","@id":"https:\/\/tmtid.com\/es\/condiciones-generales\/#breadcrumb","itemListElement":[{"@type":"ListItem","position":1,"name":"Home","item":"https:\/\/tmtid.com\/es\/"},{"@type":"ListItem","position":2,"name":"Condiciones generales"}]},{"@type":"WebSite","@id":"https:\/\/tmtid.com\/es\/#website","url":"https:\/\/tmtid.com\/es\/","name":"TMT ID","description":"Mobile Intelligence Experts","publisher":{"@id":"https:\/\/tmtid.com\/es\/#organization"},"alternateName":"TMT Analysis","potentialAction":[{"@type":"SearchAction","target":{"@type":"EntryPoint","urlTemplate":"https:\/\/tmtid.com\/es\/?s={search_term_string}"},"query-input":{"@type":"PropertyValueSpecification","valueRequired":true,"valueName":"search_term_string"}}],"inLanguage":"es"},{"@type":"Organization","@id":"https:\/\/tmtid.com\/es\/#organization","name":"TMT ID","alternateName":"TMT Analysis","url":"https:\/\/tmtid.com\/es\/","logo":{"@type":"ImageObject","inLanguage":"es","@id":"https:\/\/tmtid.com\/es\/#\/schema\/logo\/image\/","url":"https:\/\/tmtid.com\/wp-content\/uploads\/2024\/03\/big_logo.png","contentUrl":"https:\/\/tmtid.com\/wp-content\/uploads\/2024\/03\/big_logo.png","width":457,"height":195,"caption":"TMT ID"},"image":{"@id":"https:\/\/tmtid.com\/es\/#\/schema\/logo\/image\/"},"sameAs":["https:\/\/www.linkedin.com\/company\/tmtid\/"],"description":"TMT ID are the experts in mobile identity and trusted data.","email":"info@tmtid.com","telephone":"0207 193 5161","legalName":"TMT ANALYSIS LIMITED","numberOfEmployees":{"@type":"QuantitativeValue","minValue":"51","maxValue":"200"},"actionableFeedbackPolicy":"https:\/\/tmtid.com\/quality-policy\/"}]}},"_links":{"self":[{"href":"https:\/\/tmtid.com\/es\/wp-json\/wp\/v2\/pages\/35811","targetHints":{"allow":["GET"]}}],"collection":[{"href":"https:\/\/tmtid.com\/es\/wp-json\/wp\/v2\/pages"}],"about":[{"href":"https:\/\/tmtid.com\/es\/wp-json\/wp\/v2\/types\/page"}],"author":[{"embeddable":true,"href":"https:\/\/tmtid.com\/es\/wp-json\/wp\/v2\/users\/1"}],"replies":[{"embeddable":true,"href":"https:\/\/tmtid.com\/es\/wp-json\/wp\/v2\/comments?post=35811"}],"version-history":[{"count":1,"href":"https:\/\/tmtid.com\/es\/wp-json\/wp\/v2\/pages\/35811\/revisions"}],"predecessor-version":[{"id":45801,"href":"https:\/\/tmtid.com\/es\/wp-json\/wp\/v2\/pages\/35811\/revisions\/45801"}],"wp:attachment":[{"href":"https:\/\/tmtid.com\/es\/wp-json\/wp\/v2\/media?parent=35811"}],"curies":[{"name":"wp","href":"https:\/\/api.w.org\/{rel}","templated":true}]}}