{"id":35805,"date":"2024-03-19T14:37:38","date_gmt":"2024-03-19T14:37:38","guid":{"rendered":"https:\/\/tmtid.com\/politica-de-cookies\/"},"modified":"2024-11-18T09:27:52","modified_gmt":"2024-11-18T09:27:52","slug":"politica-de-cookies","status":"publish","type":"page","link":"https:\/\/tmtid.com\/es\/politica-de-cookies\/","title":{"rendered":"Pol\u00edtica de cookies"},"content":{"rendered":"<p><span style=\"font-weight: 400;\">Lee atentamente esta pol\u00edtica de cookies, ya que contiene informaci\u00f3n importante sobre qui\u00e9nes somos y c\u00f3mo utilizamos las cookies en nuestro sitio web. Esta pol\u00edtica debe leerse junto con nuestra Pol\u00edtica de privacidad, que establece c\u00f3mo y por qu\u00e9 recopilamos, almacenamos, utilizamos y compartimos informaci\u00f3n personal en general, as\u00ed como tus derechos en relaci\u00f3n con tu informaci\u00f3n personal y detalles sobre c\u00f3mo ponerte en contacto con nosotros y con las autoridades supervisoras si tienes una queja. Esta pol\u00edtica de cookies se refiere al uso de nuestro sitio web www.tmtid.com<\/span><\/p>\n<h2><b>Cookies<\/b><\/h2>\n<p><span style=\"font-weight: 400;\">Una cookie es un peque\u00f1o archivo de texto que se coloca en tu dispositivo (por ejemplo, ordenador, smartphone u otro dispositivo electr\u00f3nico) cuando utilizas nuestro sitio web. Utilizamos cookies en nuestro sitio web. Por ejemplo, podemos controlar, por ejemplo<\/span> <span style=\"font-weight: 400;\">cu\u00e1ntas veces visitas el sitio web.  <\/span><\/p>\n<p><span style=\"font-weight: 400;\">Para m\u00e1s informaci\u00f3n sobre nuestro uso de cookies, incluida una lista detallada de tu informaci\u00f3n que nosotros y otros podemos recopilar a trav\u00e9s de cookies, consulta m\u00e1s abajo.<\/span><\/p>\n<p><span style=\"font-weight: 400;\">Para m\u00e1s informaci\u00f3n sobre las cookies en general, incluido c\u00f3mo controlarlas y gestionarlas, visita la p\u00e1gina <\/span><span style=\"font-weight: 400;\">orientaci\u00f3n sobre cookies<\/span><span style=\"font-weight: 400;\"> publicada por la Oficina del Comisionado de Informaci\u00f3n del Reino Unido, <\/span><span style=\"font-weight: 400;\">www.aboutcookies.org<\/span><span style=\"font-weight: 400;\"> o <\/span><span style=\"font-weight: 400;\">www.allaboutcookies.org<\/span><span style=\"font-weight: 400;\">.<\/span><\/p>\n<h2><b>Consentimiento para el uso de cookies y cambio de configuraci\u00f3n<\/b><\/h2>\n<p><span style=\"font-weight: 400;\">Te pediremos tu consentimiento para colocar cookies u otras tecnolog\u00edas similares en tu dispositivo, excepto cuando sean esenciales para prestarte un servicio que hayas solicitado.<\/span><\/p>\n<p><span style=\"font-weight: 400;\">Si decides cambiar tus preferencias m\u00e1s adelante durante tu sesi\u00f3n de navegaci\u00f3n, puedes hacer clic en la pesta\u00f1a &#8220;Pol\u00edtica de privacidad y cookies&#8221; de tu pantalla. Esto mostrar\u00e1 de nuevo el aviso de consentimiento, permiti\u00e9ndote cambiar tus preferencias o retirar completamente tu consentimiento.  <\/span><\/p>\n<p><span style=\"font-weight: 400;\">Adem\u00e1s, los distintos navegadores ofrecen diferentes m\u00e9todos para bloquear y eliminar las cookies utilizadas por los sitios web. Puedes cambiar la configuraci\u00f3n de tu navegador para bloquear\/eliminar las cookies. Para obtener m\u00e1s informaci\u00f3n sobre c\u00f3mo gestionar y eliminar las cookies, visita www.allaboutcookies.org.<\/span><\/p>\n<h2><b>Nuestro uso de cookies<\/b><\/h2>\n<p><span style=\"font-weight: 400;\">La siguiente tabla proporciona m\u00e1s informaci\u00f3n sobre las cookies que utilizamos y por qu\u00e9:<\/span><\/p>\n<table>\n<thead>\n<tr>\n<th><b>Las cookies que utilizamos<\/b><\/th>\n<th><b>Nombre<\/b><\/th>\n<th><b>Finalidad<\/b><\/th>\n<th><b>Si la cookie es esencial para que podamos prestarte un servicio que has solicitado y si solicitaremos tu consentimiento antes de colocar la cookie<\/b><\/th>\n<\/tr>\n<\/thead>\n<tbody>\n<tr>\n<td><span style=\"font-weight: 400;\">cookie_de_prueba<\/span><\/td>\n<td><span style=\"font-weight: 400;\">cookie_de_prueba<\/span><\/td>\n<td><span style=\"font-weight: 400;\">El test_cookie es establecido por doubleclick.net y se utiliza para determinar si el navegador del usuario admite cookies.<\/span><\/td>\n<td><span style=\"font-weight: 400;\">Publicidad<\/span><\/td>\n<\/tr>\n<tr>\n<td><span style=\"font-weight: 400;\">IDE<\/span><\/td>\n<td><span style=\"font-weight: 400;\">IDE<\/span><\/td>\n<td><span style=\"font-weight: 400;\">Las cookies de Google DoubleClick IDE se utilizan para almacenar informaci\u00f3n sobre c\u00f3mo utiliza el usuario el sitio web para presentarle anuncios relevantes y acordes con su perfil de usuario.<\/span><\/td>\n<td><span style=\"font-weight: 400;\">Publicidad<\/span><\/td>\n<\/tr>\n<tr>\n<td><span style=\"font-weight: 400;\">ejemplo de sesi\u00f3n incluida<\/span><\/td>\n<td><span style=\"font-weight: 400;\">_hjIncluidoEnMuestraDeSesi\u00f3n<\/span><\/td>\n<td><span style=\"font-weight: 400;\">Hotjar establece esta cookie para saber si un usuario est\u00e1 incluido en el muestreo de datos definido por el l\u00edmite de sesiones diarias del sitio.<\/span><\/td>\n<td><span style=\"font-weight: 400;\">Anal\u00edtica<\/span><\/td>\n<\/tr>\n<tr>\n<td><span style=\"font-weight: 400;\">EjemploDeP\u00e1ginaIncluida<\/span><\/td>\n<td><span style=\"font-weight: 400;\">_hjIncludedInPageviewSample<\/span><\/td>\n<td><span style=\"font-weight: 400;\">Hotjar establece esta cookie para saber si un usuario est\u00e1 incluido en el muestreo de datos definido por el l\u00edmite de p\u00e1ginas vistas del sitio.<\/span><\/td>\n<td><span style=\"font-weight: 400;\">Anal\u00edtica<\/span><\/td>\n<\/tr>\n<tr>\n<td><span style=\"font-weight: 400;\">_hjAbsoluteSessionInProgress<\/span><\/td>\n<td><span style=\"font-weight: 400;\">_hjAbsoluteSessionInProgress<\/span><\/td>\n<td><span style=\"font-weight: 400;\">Hotjar establece esta cookie para detectar la primera sesi\u00f3n pageview de un usuario. Se trata de un indicador Verdadero\/Falso establecido por la cookie.<\/span><\/td>\n<td><span style=\"font-weight: 400;\">Anal\u00edtica<\/span><\/td>\n<\/tr>\n<tr>\n<td><span style=\"font-weight: 400;\">__cf_bm<\/span><\/td>\n<td><span style=\"font-weight: 400;\">__cf_bm<\/span><\/td>\n<td><span style=\"font-weight: 400;\">Esta cookie, establecida por Cloudflare, se utiliza para dar soporte a Cloudflare Bot Management.<\/span><\/td>\n<td><span style=\"font-weight: 400;\">Funcional<\/span><\/td>\n<\/tr>\n<tr>\n<td><span style=\"font-weight: 400;\">__cfruid<\/span><\/td>\n<td><span style=\"font-weight: 400;\">__cfruid<\/span><\/td>\n<td><span style=\"font-weight: 400;\">Cloudflare establece esta cookie para identificar el tr\u00e1fico web de confianza.<\/span><\/td>\n<td><span style=\"font-weight: 400;\">Necesario<\/span><\/td>\n<\/tr>\n<tr>\n<td><span style=\"font-weight: 400;\">elementor<\/span><\/td>\n<td><span style=\"font-weight: 400;\">elementor<\/span><\/td>\n<td><span style=\"font-weight: 400;\">Esta cookie es utilizada por el tema WordPress del sitio web. Permite al propietario del sitio web implementar o cambiar el contenido del sitio web en tiempo real.<\/span><\/td>\n<td><span style=\"font-weight: 400;\">Necesario<\/span><\/td>\n<\/tr>\n<tr>\n<td><span style=\"font-weight: 400;\">_hjSessionUser_2257786<\/span><\/td>\n<td><span style=\"font-weight: 400;\">_hjSessionUser_2257786<\/span><\/td>\n<td><span style=\"font-weight: 400;\">Sin descripci\u00f3n, pero usuario de sesi\u00f3n para HotJar.<\/span><\/td>\n<td><span style=\"font-weight: 400;\">Otros<\/span><\/td>\n<\/tr>\n<tr>\n<td><span style=\"font-weight: 400;\">sesi\u00f3n_2257786<\/span><\/td>\n<td><span style=\"font-weight: 400;\">_hjSession_2257786<\/span><\/td>\n<td><span style=\"font-weight: 400;\">No se proporciona descripci\u00f3n, pero es un usuario de sesi\u00f3n para HotJar.<\/span><\/td>\n<td><span style=\"font-weight: 400;\">Otros<\/span><\/td>\n<\/tr>\n<tr>\n<td><span style=\"font-weight: 400;\">_ga_LHG4Z45HH3<\/span><\/td>\n<td><span style=\"font-weight: 400;\">_ga_LHG4Z45HH3<\/span><\/td>\n<td><span style=\"font-weight: 400;\">Esta cookie es instalada por Google Analytics.<\/span><\/td>\n<td><span style=\"font-weight: 400;\">Anal\u00edtica<\/span><\/td>\n<\/tr>\n<tr>\n<td><span style=\"font-weight: 400;\">_ga<\/span><\/td>\n<td><span style=\"font-weight: 400;\">_ga<\/span><\/td>\n<td><span style=\"font-weight: 400;\">La cookie _ga, instalada por Google Analytics, calcula los datos de visitantes, sesiones y campa\u00f1as, y tambi\u00e9n realiza un seguimiento del uso del sitio para el informe anal\u00edtico del sitio. La cookie almacena informaci\u00f3n de forma an\u00f3nima y asigna un n\u00famero generado aleatoriamente para reconocer a los visitantes \u00fanicos.<\/span><\/td>\n<td><span style=\"font-weight: 400;\">Anal\u00edtica<\/span><\/td>\n<\/tr>\n<tr>\n<td><span style=\"font-weight: 400;\">_gcl_au<\/span><\/td>\n<td><span style=\"font-weight: 400;\">gcl_au<\/span><\/td>\n<td><span style=\"font-weight: 400;\">Proporcionado por Google Tag Manager para experimentar la eficacia publicitaria de los sitios web que utilizan sus servicios.<\/span><\/td>\n<td><span style=\"font-weight: 400;\">Anal\u00edtica<\/span><\/td>\n<\/tr>\n<tr>\n<td><span style=\"font-weight: 400;\">_hjPrimeraVista<\/span><\/td>\n<td><span style=\"font-weight: 400;\">_hjPrimeraVista<\/span><\/td>\n<td><span style=\"font-weight: 400;\">Hotjar establece esta cookie para identificar la primera sesi\u00f3n de un nuevo usuario. Almacena un valor verdadero\/falso, indicando si era la primera vez que Hotjar ve\u00eda a este usuario.<\/span><\/td>\n<td><span style=\"font-weight: 400;\">Anal\u00edtica<\/span><\/td>\n<\/tr>\n<\/tbody>\n<\/table>\n<h2><b>Acceso de terceros a las cookies<\/b><\/h2>\n<p><span style=\"font-weight: 400;\">A las cookies que utilizamos s\u00f3lo tendremos acceso nosotros y los terceros mencionados en la tabla anterior para los fines mencionados en esta pol\u00edtica de cookies. Ning\u00fan tercero tendr\u00e1 acceso a esas cookies.<\/span><b> <\/b><\/p>\n<h2><b>C\u00f3mo desactivar todas las cookies y consecuencias de hacerlo<\/b><\/h2>\n<p><span style=\"font-weight: 400;\">Si no quieres aceptar ninguna cookie, puedes cambiar la configuraci\u00f3n de tu navegador para que no se acepten cookies (incluidas las que son esenciales para los servicios solicitados). Si lo haces, ten en cuenta que puedes perder parte de la funcionalidad de nuestro sitio web.<\/span><\/p>\n<p><span style=\"font-weight: 400;\">Para m\u00e1s informaci\u00f3n sobre las cookies y c\u00f3mo desactivarlas, consulta la p\u00e1gina <\/span><span style=\"font-weight: 400;\">orientaci\u00f3n sobre cookies<\/span><span style=\"font-weight: 400;\"> publicadas por la Oficina del Comisionado de Informaci\u00f3n del Reino Unido, <\/span><span style=\"font-weight: 400;\">www.aboutcookies.org<\/span><span style=\"font-weight: 400;\"> o <\/span><span style=\"font-weight: 400;\">www.allaboutcookies.org<\/span><span style=\"font-weight: 400;\">.<\/span><\/p>\n<h2><b>C\u00f3mo contactar con nosotros<\/b><\/h2>\n<p><span style=\"font-weight: 400;\">Ponte en contacto con<\/span> <span style=\"font-weight: 400;\">info@tmtid.com si tienes alguna pregunta sobre esta pol\u00edtica de cookies o sobre la informaci\u00f3n que tenemos sobre ti.<\/span><\/p>\n<p>&nbsp;<\/p>\n<p><span style=\"font-weight: 400;\">Esta pol\u00edtica se actualiz\u00f3 por \u00faltima vez el 18 de marzo de 2024.<\/span><\/p>\n<p>&nbsp;<\/p>\n","protected":false},"excerpt":{"rendered":"<p>Lee atentamente esta pol\u00edtica de cookies, ya que contiene informaci\u00f3n importante sobre qui\u00e9nes somos y c\u00f3mo utilizamos las cookies en nuestro sitio web. Esta pol\u00edtica debe leerse junto con nuestra Pol\u00edtica de privacidad, que establece c\u00f3mo y por qu\u00e9 recopilamos, almacenamos, utilizamos y compartimos informaci\u00f3n personal en general, as\u00ed como tus derechos en relaci\u00f3n con <a href=\"https:\/\/tmtid.com\/es\/politica-de-cookies\/\" class=\"more-link\">&#8230;<span class=\"screen-reader-text\">  Pol\u00edtica de cookies<\/span><\/a><\/p>\n","protected":false},"author":1,"featured_media":0,"parent":0,"menu_order":0,"comment_status":"closed","ping_status":"closed","template":"TEMPLATE-plain.php","meta":{"_acf_changed":false,"content-type":"","footnotes":""},"class_list":["post-35805","page","type-page","status-publish","hentry"],"acf":[],"yoast_head":"<!-- This site is optimized with the Yoast SEO Premium plugin v26.8 (Yoast SEO v26.8) - https:\/\/yoast.com\/product\/yoast-seo-premium-wordpress\/ -->\n<title>Pol\u00edtica de cookies | TMT ID<\/title>\n<meta name=\"robots\" content=\"index, follow, max-snippet:-1, max-image-preview:large, max-video-preview:-1\" \/>\n<link rel=\"canonical\" href=\"https:\/\/tmtid.com\/es\/politica-de-cookies\/\" \/>\n<meta property=\"og:locale\" content=\"es_ES\" \/>\n<meta property=\"og:type\" content=\"article\" \/>\n<meta property=\"og:title\" content=\"Pol\u00edtica de cookies\" \/>\n<meta property=\"og:description\" content=\"Lee atentamente esta pol\u00edtica de cookies, ya que contiene informaci\u00f3n importante sobre qui\u00e9nes somos y c\u00f3mo utilizamos las cookies en nuestro sitio web. Esta pol\u00edtica debe leerse junto con nuestra Pol\u00edtica de privacidad, que establece c\u00f3mo y por qu\u00e9 recopilamos, almacenamos, utilizamos y compartimos informaci\u00f3n personal en general, as\u00ed como tus derechos en relaci\u00f3n con ... Pol\u00edtica de cookies\" \/>\n<meta property=\"og:url\" content=\"https:\/\/tmtid.com\/es\/politica-de-cookies\/\" \/>\n<meta property=\"og:site_name\" content=\"TMT ID\" \/>\n<meta property=\"article:modified_time\" content=\"2024-11-18T09:27:52+00:00\" \/>\n<meta property=\"og:image\" content=\"https:\/\/tmtid.com\/wp-content\/uploads\/2024\/03\/Home-Page-Image-2.png\" \/>\n\t<meta property=\"og:image:width\" content=\"800\" \/>\n\t<meta property=\"og:image:height\" content=\"418\" \/>\n\t<meta property=\"og:image:type\" content=\"image\/png\" \/>\n<meta name=\"twitter:card\" content=\"summary_large_image\" \/>\n<meta name=\"twitter:label1\" content=\"Tiempo de lectura\" \/>\n\t<meta name=\"twitter:data1\" content=\"5 minutos\" \/>\n<script type=\"application\/ld+json\" class=\"yoast-schema-graph\">{\"@context\":\"https:\/\/schema.org\",\"@graph\":[{\"@type\":\"WebPage\",\"@id\":\"https:\/\/tmtid.com\/es\/politica-de-cookies\/\",\"url\":\"https:\/\/tmtid.com\/es\/politica-de-cookies\/\",\"name\":\"Pol\u00edtica de cookies | TMT ID\",\"isPartOf\":{\"@id\":\"https:\/\/tmtid.com\/es\/#website\"},\"datePublished\":\"2024-03-19T14:37:38+00:00\",\"dateModified\":\"2024-11-18T09:27:52+00:00\",\"breadcrumb\":{\"@id\":\"https:\/\/tmtid.com\/es\/politica-de-cookies\/#breadcrumb\"},\"inLanguage\":\"es\",\"potentialAction\":[{\"@type\":\"ReadAction\",\"target\":[\"https:\/\/tmtid.com\/es\/politica-de-cookies\/\"]}]},{\"@type\":\"BreadcrumbList\",\"@id\":\"https:\/\/tmtid.com\/es\/politica-de-cookies\/#breadcrumb\",\"itemListElement\":[{\"@type\":\"ListItem\",\"position\":1,\"name\":\"Home\",\"item\":\"https:\/\/tmtid.com\/es\/\"},{\"@type\":\"ListItem\",\"position\":2,\"name\":\"Pol\u00edtica de cookies\"}]},{\"@type\":\"WebSite\",\"@id\":\"https:\/\/tmtid.com\/es\/#website\",\"url\":\"https:\/\/tmtid.com\/es\/\",\"name\":\"TMT ID\",\"description\":\"Mobile Intelligence Experts\",\"publisher\":{\"@id\":\"https:\/\/tmtid.com\/es\/#organization\"},\"alternateName\":\"TMT Analysis\",\"potentialAction\":[{\"@type\":\"SearchAction\",\"target\":{\"@type\":\"EntryPoint\",\"urlTemplate\":\"https:\/\/tmtid.com\/es\/?s={search_term_string}\"},\"query-input\":{\"@type\":\"PropertyValueSpecification\",\"valueRequired\":true,\"valueName\":\"search_term_string\"}}],\"inLanguage\":\"es\"},{\"@type\":\"Organization\",\"@id\":\"https:\/\/tmtid.com\/es\/#organization\",\"name\":\"TMT ID\",\"alternateName\":\"TMT Analysis\",\"url\":\"https:\/\/tmtid.com\/es\/\",\"logo\":{\"@type\":\"ImageObject\",\"inLanguage\":\"es\",\"@id\":\"https:\/\/tmtid.com\/es\/#\/schema\/logo\/image\/\",\"url\":\"https:\/\/tmtid.com\/wp-content\/uploads\/2024\/03\/big_logo.png\",\"contentUrl\":\"https:\/\/tmtid.com\/wp-content\/uploads\/2024\/03\/big_logo.png\",\"width\":457,\"height\":195,\"caption\":\"TMT ID\"},\"image\":{\"@id\":\"https:\/\/tmtid.com\/es\/#\/schema\/logo\/image\/\"},\"sameAs\":[\"https:\/\/www.linkedin.com\/company\/tmtid\/\"],\"description\":\"TMT ID are the experts in mobile identity and trusted data.\",\"email\":\"info@tmtid.com\",\"telephone\":\"0207 193 5161\",\"legalName\":\"TMT ANALYSIS LIMITED\",\"numberOfEmployees\":{\"@type\":\"QuantitativeValue\",\"minValue\":\"51\",\"maxValue\":\"200\"},\"actionableFeedbackPolicy\":\"https:\/\/tmtid.com\/quality-policy\/\"}]}<\/script>\n<!-- \/ Yoast SEO Premium plugin. -->","yoast_head_json":{"title":"Pol\u00edtica de cookies | TMT ID","robots":{"index":"index","follow":"follow","max-snippet":"max-snippet:-1","max-image-preview":"max-image-preview:large","max-video-preview":"max-video-preview:-1"},"canonical":"https:\/\/tmtid.com\/es\/politica-de-cookies\/","og_locale":"es_ES","og_type":"article","og_title":"Pol\u00edtica de cookies","og_description":"Lee atentamente esta pol\u00edtica de cookies, ya que contiene informaci\u00f3n importante sobre qui\u00e9nes somos y c\u00f3mo utilizamos las cookies en nuestro sitio web. Esta pol\u00edtica debe leerse junto con nuestra Pol\u00edtica de privacidad, que establece c\u00f3mo y por qu\u00e9 recopilamos, almacenamos, utilizamos y compartimos informaci\u00f3n personal en general, as\u00ed como tus derechos en relaci\u00f3n con ... Pol\u00edtica de cookies","og_url":"https:\/\/tmtid.com\/es\/politica-de-cookies\/","og_site_name":"TMT ID","article_modified_time":"2024-11-18T09:27:52+00:00","og_image":[{"width":800,"height":418,"url":"https:\/\/tmtid.com\/wp-content\/uploads\/2024\/03\/Home-Page-Image-2.png","type":"image\/png"}],"twitter_card":"summary_large_image","twitter_misc":{"Tiempo de lectura":"5 minutos"},"schema":{"@context":"https:\/\/schema.org","@graph":[{"@type":"WebPage","@id":"https:\/\/tmtid.com\/es\/politica-de-cookies\/","url":"https:\/\/tmtid.com\/es\/politica-de-cookies\/","name":"Pol\u00edtica de cookies | TMT ID","isPartOf":{"@id":"https:\/\/tmtid.com\/es\/#website"},"datePublished":"2024-03-19T14:37:38+00:00","dateModified":"2024-11-18T09:27:52+00:00","breadcrumb":{"@id":"https:\/\/tmtid.com\/es\/politica-de-cookies\/#breadcrumb"},"inLanguage":"es","potentialAction":[{"@type":"ReadAction","target":["https:\/\/tmtid.com\/es\/politica-de-cookies\/"]}]},{"@type":"BreadcrumbList","@id":"https:\/\/tmtid.com\/es\/politica-de-cookies\/#breadcrumb","itemListElement":[{"@type":"ListItem","position":1,"name":"Home","item":"https:\/\/tmtid.com\/es\/"},{"@type":"ListItem","position":2,"name":"Pol\u00edtica de cookies"}]},{"@type":"WebSite","@id":"https:\/\/tmtid.com\/es\/#website","url":"https:\/\/tmtid.com\/es\/","name":"TMT ID","description":"Mobile Intelligence Experts","publisher":{"@id":"https:\/\/tmtid.com\/es\/#organization"},"alternateName":"TMT Analysis","potentialAction":[{"@type":"SearchAction","target":{"@type":"EntryPoint","urlTemplate":"https:\/\/tmtid.com\/es\/?s={search_term_string}"},"query-input":{"@type":"PropertyValueSpecification","valueRequired":true,"valueName":"search_term_string"}}],"inLanguage":"es"},{"@type":"Organization","@id":"https:\/\/tmtid.com\/es\/#organization","name":"TMT ID","alternateName":"TMT Analysis","url":"https:\/\/tmtid.com\/es\/","logo":{"@type":"ImageObject","inLanguage":"es","@id":"https:\/\/tmtid.com\/es\/#\/schema\/logo\/image\/","url":"https:\/\/tmtid.com\/wp-content\/uploads\/2024\/03\/big_logo.png","contentUrl":"https:\/\/tmtid.com\/wp-content\/uploads\/2024\/03\/big_logo.png","width":457,"height":195,"caption":"TMT ID"},"image":{"@id":"https:\/\/tmtid.com\/es\/#\/schema\/logo\/image\/"},"sameAs":["https:\/\/www.linkedin.com\/company\/tmtid\/"],"description":"TMT ID are the experts in mobile identity and trusted data.","email":"info@tmtid.com","telephone":"0207 193 5161","legalName":"TMT ANALYSIS LIMITED","numberOfEmployees":{"@type":"QuantitativeValue","minValue":"51","maxValue":"200"},"actionableFeedbackPolicy":"https:\/\/tmtid.com\/quality-policy\/"}]}},"_links":{"self":[{"href":"https:\/\/tmtid.com\/es\/wp-json\/wp\/v2\/pages\/35805","targetHints":{"allow":["GET"]}}],"collection":[{"href":"https:\/\/tmtid.com\/es\/wp-json\/wp\/v2\/pages"}],"about":[{"href":"https:\/\/tmtid.com\/es\/wp-json\/wp\/v2\/types\/page"}],"author":[{"embeddable":true,"href":"https:\/\/tmtid.com\/es\/wp-json\/wp\/v2\/users\/1"}],"replies":[{"embeddable":true,"href":"https:\/\/tmtid.com\/es\/wp-json\/wp\/v2\/comments?post=35805"}],"version-history":[{"count":1,"href":"https:\/\/tmtid.com\/es\/wp-json\/wp\/v2\/pages\/35805\/revisions"}],"predecessor-version":[{"id":45795,"href":"https:\/\/tmtid.com\/es\/wp-json\/wp\/v2\/pages\/35805\/revisions\/45795"}],"wp:attachment":[{"href":"https:\/\/tmtid.com\/es\/wp-json\/wp\/v2\/media?parent=35805"}],"curies":[{"name":"wp","href":"https:\/\/api.w.org\/{rel}","templated":true}]}}