{"id":34906,"date":"2024-03-18T16:02:23","date_gmt":"2024-03-18T16:02:23","guid":{"rendered":"https:\/\/tmtid.com\/verificacion-de-la-edad\/"},"modified":"2025-02-18T12:47:10","modified_gmt":"2025-02-18T12:47:10","slug":"verificacion-de-la-edad","status":"publish","type":"page","link":"https:\/\/tmtid.com\/es\/verifique\/verificacion-de-la-edad\/","title":{"rendered":"Verificaci\u00f3n de la edad"},"content":{"rendered":"","protected":false},"excerpt":{"rendered":"","protected":false},"author":1,"featured_media":0,"parent":35057,"menu_order":0,"comment_status":"closed","ping_status":"closed","template":"TEMPLATE-bespoke-product.php","meta":{"_acf_changed":false,"content-type":"","footnotes":""},"class_list":["post-34906","page","type-page","status-publish","hentry"],"acf":[],"yoast_head":"<!-- This site is optimized with the Yoast SEO Premium plugin v26.8 (Yoast SEO v26.8) - https:\/\/yoast.com\/product\/yoast-seo-premium-wordpress\/ -->\n<title>Soluciones de verificaci\u00f3n de edad en l\u00ednea - TMT ID<\/title>\n<meta name=\"description\" content=\"TMT ID utiliza la inteligencia de los n\u00fameros de m\u00f3vil para ofrecer soluciones precisas de verificaci\u00f3n de la edad para plataformas en l\u00ednea. Mejore hoy mismo la verificaci\u00f3n de su identidad\" \/>\n<meta name=\"robots\" content=\"index, follow, max-snippet:-1, max-image-preview:large, max-video-preview:-1\" \/>\n<link rel=\"canonical\" href=\"https:\/\/tmtid.com\/es\/verifique\/verificacion-de-la-edad\/\" \/>\n<meta property=\"og:locale\" content=\"es_ES\" \/>\n<meta property=\"og:type\" content=\"article\" \/>\n<meta property=\"og:title\" content=\"Verificaci\u00f3n de la edad\" \/>\n<meta property=\"og:description\" content=\"TMT ID utiliza la inteligencia de los n\u00fameros de m\u00f3vil para ofrecer soluciones precisas de verificaci\u00f3n de la edad para plataformas en l\u00ednea. Mejore hoy mismo la verificaci\u00f3n de su identidad\" \/>\n<meta property=\"og:url\" content=\"https:\/\/tmtid.com\/es\/verifique\/verificacion-de-la-edad\/\" \/>\n<meta property=\"og:site_name\" content=\"TMT ID\" \/>\n<meta property=\"article:modified_time\" content=\"2025-02-18T12:47:10+00:00\" \/>\n<meta property=\"og:image\" content=\"https:\/\/tmtid.com\/wp-content\/uploads\/2024\/03\/Home-Page-Image-2.png\" \/>\n\t<meta property=\"og:image:width\" content=\"800\" \/>\n\t<meta property=\"og:image:height\" content=\"418\" \/>\n\t<meta property=\"og:image:type\" content=\"image\/png\" \/>\n<meta name=\"twitter:card\" content=\"summary_large_image\" \/>\n<script type=\"application\/ld+json\" class=\"yoast-schema-graph\">{\"@context\":\"https:\/\/schema.org\",\"@graph\":[{\"@type\":\"WebPage\",\"@id\":\"https:\/\/tmtid.com\/es\/verifique\/verificacion-de-la-edad\/\",\"url\":\"https:\/\/tmtid.com\/es\/verifique\/verificacion-de-la-edad\/\",\"name\":\"Soluciones de verificaci\u00f3n de edad en l\u00ednea - TMT ID\",\"isPartOf\":{\"@id\":\"https:\/\/tmtid.com\/es\/#website\"},\"datePublished\":\"2024-03-18T16:02:23+00:00\",\"dateModified\":\"2025-02-18T12:47:10+00:00\",\"description\":\"TMT ID utiliza la inteligencia de los n\u00fameros de m\u00f3vil para ofrecer soluciones precisas de verificaci\u00f3n de la edad para plataformas en l\u00ednea. Mejore hoy mismo la verificaci\u00f3n de su identidad\",\"breadcrumb\":{\"@id\":\"https:\/\/tmtid.com\/es\/verifique\/verificacion-de-la-edad\/#breadcrumb\"},\"inLanguage\":\"es\",\"potentialAction\":[{\"@type\":\"ReadAction\",\"target\":[\"https:\/\/tmtid.com\/es\/verifique\/verificacion-de-la-edad\/\"]}]},{\"@type\":\"BreadcrumbList\",\"@id\":\"https:\/\/tmtid.com\/es\/verifique\/verificacion-de-la-edad\/#breadcrumb\",\"itemListElement\":[{\"@type\":\"ListItem\",\"position\":1,\"name\":\"Home\",\"item\":\"https:\/\/tmtid.com\/es\/\"},{\"@type\":\"ListItem\",\"position\":2,\"name\":\"Verifique\",\"item\":\"https:\/\/tmtid.com\/es\/verifique\/\"},{\"@type\":\"ListItem\",\"position\":3,\"name\":\"Verificaci\u00f3n de la edad\"}]},{\"@type\":\"WebSite\",\"@id\":\"https:\/\/tmtid.com\/es\/#website\",\"url\":\"https:\/\/tmtid.com\/es\/\",\"name\":\"TMT ID\",\"description\":\"Mobile Intelligence Experts\",\"publisher\":{\"@id\":\"https:\/\/tmtid.com\/es\/#organization\"},\"alternateName\":\"TMT Analysis\",\"potentialAction\":[{\"@type\":\"SearchAction\",\"target\":{\"@type\":\"EntryPoint\",\"urlTemplate\":\"https:\/\/tmtid.com\/es\/?s={search_term_string}\"},\"query-input\":{\"@type\":\"PropertyValueSpecification\",\"valueRequired\":true,\"valueName\":\"search_term_string\"}}],\"inLanguage\":\"es\"},{\"@type\":\"Organization\",\"@id\":\"https:\/\/tmtid.com\/es\/#organization\",\"name\":\"TMT ID\",\"alternateName\":\"TMT Analysis\",\"url\":\"https:\/\/tmtid.com\/es\/\",\"logo\":{\"@type\":\"ImageObject\",\"inLanguage\":\"es\",\"@id\":\"https:\/\/tmtid.com\/es\/#\/schema\/logo\/image\/\",\"url\":\"https:\/\/tmtid.com\/wp-content\/uploads\/2024\/03\/big_logo.png\",\"contentUrl\":\"https:\/\/tmtid.com\/wp-content\/uploads\/2024\/03\/big_logo.png\",\"width\":457,\"height\":195,\"caption\":\"TMT ID\"},\"image\":{\"@id\":\"https:\/\/tmtid.com\/es\/#\/schema\/logo\/image\/\"},\"sameAs\":[\"https:\/\/www.linkedin.com\/company\/tmtid\/\"],\"description\":\"TMT ID are the experts in mobile identity and trusted data.\",\"email\":\"info@tmtid.com\",\"telephone\":\"0207 193 5161\",\"legalName\":\"TMT ANALYSIS LIMITED\",\"numberOfEmployees\":{\"@type\":\"QuantitativeValue\",\"minValue\":\"51\",\"maxValue\":\"200\"},\"actionableFeedbackPolicy\":\"https:\/\/tmtid.com\/quality-policy\/\"}]}<\/script>\n<!-- \/ Yoast SEO Premium plugin. -->","yoast_head_json":{"title":"Soluciones de verificaci\u00f3n de edad en l\u00ednea - TMT ID","description":"TMT ID utiliza la inteligencia de los n\u00fameros de m\u00f3vil para ofrecer soluciones precisas de verificaci\u00f3n de la edad para plataformas en l\u00ednea. Mejore hoy mismo la verificaci\u00f3n de su identidad","robots":{"index":"index","follow":"follow","max-snippet":"max-snippet:-1","max-image-preview":"max-image-preview:large","max-video-preview":"max-video-preview:-1"},"canonical":"https:\/\/tmtid.com\/es\/verifique\/verificacion-de-la-edad\/","og_locale":"es_ES","og_type":"article","og_title":"Verificaci\u00f3n de la edad","og_description":"TMT ID utiliza la inteligencia de los n\u00fameros de m\u00f3vil para ofrecer soluciones precisas de verificaci\u00f3n de la edad para plataformas en l\u00ednea. Mejore hoy mismo la verificaci\u00f3n de su identidad","og_url":"https:\/\/tmtid.com\/es\/verifique\/verificacion-de-la-edad\/","og_site_name":"TMT ID","article_modified_time":"2025-02-18T12:47:10+00:00","og_image":[{"width":800,"height":418,"url":"https:\/\/tmtid.com\/wp-content\/uploads\/2024\/03\/Home-Page-Image-2.png","type":"image\/png"}],"twitter_card":"summary_large_image","schema":{"@context":"https:\/\/schema.org","@graph":[{"@type":"WebPage","@id":"https:\/\/tmtid.com\/es\/verifique\/verificacion-de-la-edad\/","url":"https:\/\/tmtid.com\/es\/verifique\/verificacion-de-la-edad\/","name":"Soluciones de verificaci\u00f3n de edad en l\u00ednea - TMT ID","isPartOf":{"@id":"https:\/\/tmtid.com\/es\/#website"},"datePublished":"2024-03-18T16:02:23+00:00","dateModified":"2025-02-18T12:47:10+00:00","description":"TMT ID utiliza la inteligencia de los n\u00fameros de m\u00f3vil para ofrecer soluciones precisas de verificaci\u00f3n de la edad para plataformas en l\u00ednea. Mejore hoy mismo la verificaci\u00f3n de su identidad","breadcrumb":{"@id":"https:\/\/tmtid.com\/es\/verifique\/verificacion-de-la-edad\/#breadcrumb"},"inLanguage":"es","potentialAction":[{"@type":"ReadAction","target":["https:\/\/tmtid.com\/es\/verifique\/verificacion-de-la-edad\/"]}]},{"@type":"BreadcrumbList","@id":"https:\/\/tmtid.com\/es\/verifique\/verificacion-de-la-edad\/#breadcrumb","itemListElement":[{"@type":"ListItem","position":1,"name":"Home","item":"https:\/\/tmtid.com\/es\/"},{"@type":"ListItem","position":2,"name":"Verifique","item":"https:\/\/tmtid.com\/es\/verifique\/"},{"@type":"ListItem","position":3,"name":"Verificaci\u00f3n de la edad"}]},{"@type":"WebSite","@id":"https:\/\/tmtid.com\/es\/#website","url":"https:\/\/tmtid.com\/es\/","name":"TMT ID","description":"Mobile Intelligence Experts","publisher":{"@id":"https:\/\/tmtid.com\/es\/#organization"},"alternateName":"TMT Analysis","potentialAction":[{"@type":"SearchAction","target":{"@type":"EntryPoint","urlTemplate":"https:\/\/tmtid.com\/es\/?s={search_term_string}"},"query-input":{"@type":"PropertyValueSpecification","valueRequired":true,"valueName":"search_term_string"}}],"inLanguage":"es"},{"@type":"Organization","@id":"https:\/\/tmtid.com\/es\/#organization","name":"TMT ID","alternateName":"TMT Analysis","url":"https:\/\/tmtid.com\/es\/","logo":{"@type":"ImageObject","inLanguage":"es","@id":"https:\/\/tmtid.com\/es\/#\/schema\/logo\/image\/","url":"https:\/\/tmtid.com\/wp-content\/uploads\/2024\/03\/big_logo.png","contentUrl":"https:\/\/tmtid.com\/wp-content\/uploads\/2024\/03\/big_logo.png","width":457,"height":195,"caption":"TMT ID"},"image":{"@id":"https:\/\/tmtid.com\/es\/#\/schema\/logo\/image\/"},"sameAs":["https:\/\/www.linkedin.com\/company\/tmtid\/"],"description":"TMT ID are the experts in mobile identity and trusted data.","email":"info@tmtid.com","telephone":"0207 193 5161","legalName":"TMT ANALYSIS LIMITED","numberOfEmployees":{"@type":"QuantitativeValue","minValue":"51","maxValue":"200"},"actionableFeedbackPolicy":"https:\/\/tmtid.com\/quality-policy\/"}]}},"_links":{"self":[{"href":"https:\/\/tmtid.com\/es\/wp-json\/wp\/v2\/pages\/34906","targetHints":{"allow":["GET"]}}],"collection":[{"href":"https:\/\/tmtid.com\/es\/wp-json\/wp\/v2\/pages"}],"about":[{"href":"https:\/\/tmtid.com\/es\/wp-json\/wp\/v2\/types\/page"}],"author":[{"embeddable":true,"href":"https:\/\/tmtid.com\/es\/wp-json\/wp\/v2\/users\/1"}],"replies":[{"embeddable":true,"href":"https:\/\/tmtid.com\/es\/wp-json\/wp\/v2\/comments?post=34906"}],"version-history":[{"count":1,"href":"https:\/\/tmtid.com\/es\/wp-json\/wp\/v2\/pages\/34906\/revisions"}],"predecessor-version":[{"id":35060,"href":"https:\/\/tmtid.com\/es\/wp-json\/wp\/v2\/pages\/34906\/revisions\/35060"}],"up":[{"embeddable":true,"href":"https:\/\/tmtid.com\/es\/wp-json\/wp\/v2\/pages\/35057"}],"wp:attachment":[{"href":"https:\/\/tmtid.com\/es\/wp-json\/wp\/v2\/media?parent=34906"}],"curies":[{"name":"wp","href":"https:\/\/api.w.org\/{rel}","templated":true}]}}