{"id":35031,"date":"2024-03-06T14:18:17","date_gmt":"2024-03-06T14:18:17","guid":{"rendered":"https:\/\/tmtid.com\/teleshield\/"},"modified":"2024-11-08T16:19:32","modified_gmt":"2024-11-08T16:19:32","slug":"teleshield","status":"publish","type":"page","link":"https:\/\/tmtid.com\/de\/teleshield\/","title":{"rendered":"TeleShield"},"content":{"rendered":"","protected":false},"excerpt":{"rendered":"","protected":false},"author":1,"featured_media":0,"parent":0,"menu_order":0,"comment_status":"closed","ping_status":"closed","template":"TEMPLATE-product.php","meta":{"_acf_changed":false,"content-type":"","footnotes":""},"class_list":["post-35031","page","type-page","status-publish","hentry"],"acf":[],"yoast_head":"<!-- This site is optimized with the Yoast SEO Premium plugin v26.8 (Yoast SEO v26.8) - https:\/\/yoast.com\/product\/yoast-seo-premium-wordpress\/ -->\n<title>Telefonie-Betrug erkennen und stoppen | TeleShield<\/title>\n<meta name=\"description\" content=\"Telefonie-Betrugspr\u00e4vention - Erkennen und stoppen Sie Telefonie-Betr\u00fcgereien, um Ihr Unternehmen vor den Auswirkungen von Betrug zu sch\u00fctzen. Sprechen Sie mit einem Telco-Experten!\" \/>\n<meta name=\"robots\" content=\"index, follow, max-snippet:-1, max-image-preview:large, max-video-preview:-1\" \/>\n<link rel=\"canonical\" href=\"https:\/\/tmtid.com\/de\/teleshield\/\" \/>\n<meta property=\"og:locale\" content=\"de_DE\" \/>\n<meta property=\"og:type\" content=\"article\" \/>\n<meta property=\"og:title\" content=\"TeleShield\" \/>\n<meta property=\"og:description\" content=\"Telefonie-Betrugspr\u00e4vention - Erkennen und stoppen Sie Telefonie-Betr\u00fcgereien, um Ihr Unternehmen vor den Auswirkungen von Betrug zu sch\u00fctzen. Sprechen Sie mit einem Telco-Experten!\" \/>\n<meta property=\"og:url\" content=\"https:\/\/tmtid.com\/de\/teleshield\/\" \/>\n<meta property=\"og:site_name\" content=\"TMT ID\" \/>\n<meta property=\"article:modified_time\" content=\"2024-11-08T16:19:32+00:00\" \/>\n<meta property=\"og:image\" content=\"https:\/\/tmtid.com\/wp-content\/uploads\/2024\/03\/Home-Page-Image-2.png\" \/>\n\t<meta property=\"og:image:width\" content=\"800\" \/>\n\t<meta property=\"og:image:height\" content=\"418\" \/>\n\t<meta property=\"og:image:type\" content=\"image\/png\" \/>\n<meta name=\"twitter:card\" content=\"summary_large_image\" \/>\n<script type=\"application\/ld+json\" class=\"yoast-schema-graph\">{\"@context\":\"https:\/\/schema.org\",\"@graph\":[{\"@type\":\"WebPage\",\"@id\":\"https:\/\/tmtid.com\/de\/teleshield\/\",\"url\":\"https:\/\/tmtid.com\/de\/teleshield\/\",\"name\":\"Telefonie-Betrug erkennen und stoppen | TeleShield\",\"isPartOf\":{\"@id\":\"https:\/\/tmtid.com\/de\/#website\"},\"datePublished\":\"2024-03-06T14:18:17+00:00\",\"dateModified\":\"2024-11-08T16:19:32+00:00\",\"description\":\"Telefonie-Betrugspr\u00e4vention - Erkennen und stoppen Sie Telefonie-Betr\u00fcgereien, um Ihr Unternehmen vor den Auswirkungen von Betrug zu sch\u00fctzen. Sprechen Sie mit einem Telco-Experten!\",\"breadcrumb\":{\"@id\":\"https:\/\/tmtid.com\/de\/teleshield\/#breadcrumb\"},\"inLanguage\":\"de\",\"potentialAction\":[{\"@type\":\"ReadAction\",\"target\":[\"https:\/\/tmtid.com\/de\/teleshield\/\"]}]},{\"@type\":\"BreadcrumbList\",\"@id\":\"https:\/\/tmtid.com\/de\/teleshield\/#breadcrumb\",\"itemListElement\":[{\"@type\":\"ListItem\",\"position\":1,\"name\":\"Home\",\"item\":\"https:\/\/tmtid.com\/de\/\"},{\"@type\":\"ListItem\",\"position\":2,\"name\":\"TeleShield\"}]},{\"@type\":\"WebSite\",\"@id\":\"https:\/\/tmtid.com\/de\/#website\",\"url\":\"https:\/\/tmtid.com\/de\/\",\"name\":\"TMT ID\",\"description\":\"Mobile Intelligence Experts\",\"publisher\":{\"@id\":\"https:\/\/tmtid.com\/de\/#organization\"},\"alternateName\":\"TMT Analysis\",\"potentialAction\":[{\"@type\":\"SearchAction\",\"target\":{\"@type\":\"EntryPoint\",\"urlTemplate\":\"https:\/\/tmtid.com\/de\/?s={search_term_string}\"},\"query-input\":{\"@type\":\"PropertyValueSpecification\",\"valueRequired\":true,\"valueName\":\"search_term_string\"}}],\"inLanguage\":\"de\"},{\"@type\":\"Organization\",\"@id\":\"https:\/\/tmtid.com\/de\/#organization\",\"name\":\"TMT ID\",\"alternateName\":\"TMT Analysis\",\"url\":\"https:\/\/tmtid.com\/de\/\",\"logo\":{\"@type\":\"ImageObject\",\"inLanguage\":\"de\",\"@id\":\"https:\/\/tmtid.com\/de\/#\/schema\/logo\/image\/\",\"url\":\"https:\/\/tmtid.com\/wp-content\/uploads\/2024\/03\/big_logo.png\",\"contentUrl\":\"https:\/\/tmtid.com\/wp-content\/uploads\/2024\/03\/big_logo.png\",\"width\":457,\"height\":195,\"caption\":\"TMT ID\"},\"image\":{\"@id\":\"https:\/\/tmtid.com\/de\/#\/schema\/logo\/image\/\"},\"sameAs\":[\"https:\/\/www.linkedin.com\/company\/tmtid\/\"],\"description\":\"TMT ID are the experts in mobile identity and trusted data.\",\"email\":\"info@tmtid.com\",\"telephone\":\"0207 193 5161\",\"legalName\":\"TMT ANALYSIS LIMITED\",\"numberOfEmployees\":{\"@type\":\"QuantitativeValue\",\"minValue\":\"51\",\"maxValue\":\"200\"},\"actionableFeedbackPolicy\":\"https:\/\/tmtid.com\/quality-policy\/\"}]}<\/script>\n<!-- \/ Yoast SEO Premium plugin. -->","yoast_head_json":{"title":"Telefonie-Betrug erkennen und stoppen | TeleShield","description":"Telefonie-Betrugspr\u00e4vention - Erkennen und stoppen Sie Telefonie-Betr\u00fcgereien, um Ihr Unternehmen vor den Auswirkungen von Betrug zu sch\u00fctzen. Sprechen Sie mit einem Telco-Experten!","robots":{"index":"index","follow":"follow","max-snippet":"max-snippet:-1","max-image-preview":"max-image-preview:large","max-video-preview":"max-video-preview:-1"},"canonical":"https:\/\/tmtid.com\/de\/teleshield\/","og_locale":"de_DE","og_type":"article","og_title":"TeleShield","og_description":"Telefonie-Betrugspr\u00e4vention - Erkennen und stoppen Sie Telefonie-Betr\u00fcgereien, um Ihr Unternehmen vor den Auswirkungen von Betrug zu sch\u00fctzen. Sprechen Sie mit einem Telco-Experten!","og_url":"https:\/\/tmtid.com\/de\/teleshield\/","og_site_name":"TMT ID","article_modified_time":"2024-11-08T16:19:32+00:00","og_image":[{"width":800,"height":418,"url":"https:\/\/tmtid.com\/wp-content\/uploads\/2024\/03\/Home-Page-Image-2.png","type":"image\/png"}],"twitter_card":"summary_large_image","schema":{"@context":"https:\/\/schema.org","@graph":[{"@type":"WebPage","@id":"https:\/\/tmtid.com\/de\/teleshield\/","url":"https:\/\/tmtid.com\/de\/teleshield\/","name":"Telefonie-Betrug erkennen und stoppen | TeleShield","isPartOf":{"@id":"https:\/\/tmtid.com\/de\/#website"},"datePublished":"2024-03-06T14:18:17+00:00","dateModified":"2024-11-08T16:19:32+00:00","description":"Telefonie-Betrugspr\u00e4vention - Erkennen und stoppen Sie Telefonie-Betr\u00fcgereien, um Ihr Unternehmen vor den Auswirkungen von Betrug zu sch\u00fctzen. Sprechen Sie mit einem Telco-Experten!","breadcrumb":{"@id":"https:\/\/tmtid.com\/de\/teleshield\/#breadcrumb"},"inLanguage":"de","potentialAction":[{"@type":"ReadAction","target":["https:\/\/tmtid.com\/de\/teleshield\/"]}]},{"@type":"BreadcrumbList","@id":"https:\/\/tmtid.com\/de\/teleshield\/#breadcrumb","itemListElement":[{"@type":"ListItem","position":1,"name":"Home","item":"https:\/\/tmtid.com\/de\/"},{"@type":"ListItem","position":2,"name":"TeleShield"}]},{"@type":"WebSite","@id":"https:\/\/tmtid.com\/de\/#website","url":"https:\/\/tmtid.com\/de\/","name":"TMT ID","description":"Mobile Intelligence Experts","publisher":{"@id":"https:\/\/tmtid.com\/de\/#organization"},"alternateName":"TMT Analysis","potentialAction":[{"@type":"SearchAction","target":{"@type":"EntryPoint","urlTemplate":"https:\/\/tmtid.com\/de\/?s={search_term_string}"},"query-input":{"@type":"PropertyValueSpecification","valueRequired":true,"valueName":"search_term_string"}}],"inLanguage":"de"},{"@type":"Organization","@id":"https:\/\/tmtid.com\/de\/#organization","name":"TMT ID","alternateName":"TMT Analysis","url":"https:\/\/tmtid.com\/de\/","logo":{"@type":"ImageObject","inLanguage":"de","@id":"https:\/\/tmtid.com\/de\/#\/schema\/logo\/image\/","url":"https:\/\/tmtid.com\/wp-content\/uploads\/2024\/03\/big_logo.png","contentUrl":"https:\/\/tmtid.com\/wp-content\/uploads\/2024\/03\/big_logo.png","width":457,"height":195,"caption":"TMT ID"},"image":{"@id":"https:\/\/tmtid.com\/de\/#\/schema\/logo\/image\/"},"sameAs":["https:\/\/www.linkedin.com\/company\/tmtid\/"],"description":"TMT ID are the experts in mobile identity and trusted data.","email":"info@tmtid.com","telephone":"0207 193 5161","legalName":"TMT ANALYSIS LIMITED","numberOfEmployees":{"@type":"QuantitativeValue","minValue":"51","maxValue":"200"},"actionableFeedbackPolicy":"https:\/\/tmtid.com\/quality-policy\/"}]}},"_links":{"self":[{"href":"https:\/\/tmtid.com\/de\/wp-json\/wp\/v2\/pages\/35031","targetHints":{"allow":["GET"]}}],"collection":[{"href":"https:\/\/tmtid.com\/de\/wp-json\/wp\/v2\/pages"}],"about":[{"href":"https:\/\/tmtid.com\/de\/wp-json\/wp\/v2\/types\/page"}],"author":[{"embeddable":true,"href":"https:\/\/tmtid.com\/de\/wp-json\/wp\/v2\/users\/1"}],"replies":[{"embeddable":true,"href":"https:\/\/tmtid.com\/de\/wp-json\/wp\/v2\/comments?post=35031"}],"version-history":[{"count":1,"href":"https:\/\/tmtid.com\/de\/wp-json\/wp\/v2\/pages\/35031\/revisions"}],"predecessor-version":[{"id":35684,"href":"https:\/\/tmtid.com\/de\/wp-json\/wp\/v2\/pages\/35031\/revisions\/35684"}],"wp:attachment":[{"href":"https:\/\/tmtid.com\/de\/wp-json\/wp\/v2\/media?parent=35031"}],"curies":[{"name":"wp","href":"https:\/\/api.w.org\/{rel}","templated":true}]}}