{"id":35000,"date":"2024-03-07T15:15:10","date_gmt":"2024-03-07T15:15:10","guid":{"rendered":"https:\/\/tmtid.com\/branchen\/e-commerce\/"},"modified":"2024-11-18T09:29:39","modified_gmt":"2024-11-18T09:29:39","slug":"e-commerce","status":"publish","type":"page","link":"https:\/\/tmtid.com\/de\/branchen\/e-commerce\/","title":{"rendered":"E-Commerce"},"content":{"rendered":"","protected":false},"excerpt":{"rendered":"","protected":false},"author":1,"featured_media":0,"parent":34970,"menu_order":0,"comment_status":"closed","ping_status":"closed","template":"TEMPLATE-industry.php","meta":{"_acf_changed":false,"content-type":"","footnotes":""},"class_list":["post-35000","page","type-page","status-publish","hentry"],"acf":[],"yoast_head":"<!-- This site is optimized with the Yoast SEO Premium plugin v26.8 (Yoast SEO v26.8) - https:\/\/yoast.com\/product\/yoast-seo-premium-wordpress\/ -->\n<title>Kundenverifizierung &amp; Authentifizierung f\u00fcr E-Commerce | TMT<\/title>\n<meta name=\"description\" content=\"Der elektronische Handel ist nicht ohne Risiken, denn Online-Betrug und gef\u00e4lschte Konten sind ein immer gr\u00f6\u00dferes Problem. Sch\u00fctzen Sie Ihr Unternehmen und Ihre Kunden noch heute!\" \/>\n<meta name=\"robots\" content=\"index, follow, max-snippet:-1, max-image-preview:large, max-video-preview:-1\" \/>\n<link rel=\"canonical\" href=\"https:\/\/tmtid.com\/de\/branchen\/e-commerce\/\" \/>\n<meta property=\"og:locale\" content=\"de_DE\" \/>\n<meta property=\"og:type\" content=\"article\" \/>\n<meta property=\"og:title\" content=\"E-Commerce\" \/>\n<meta property=\"og:description\" content=\"Der elektronische Handel ist nicht ohne Risiken, denn Online-Betrug und gef\u00e4lschte Konten sind ein immer gr\u00f6\u00dferes Problem. Sch\u00fctzen Sie Ihr Unternehmen und Ihre Kunden noch heute!\" \/>\n<meta property=\"og:url\" content=\"https:\/\/tmtid.com\/de\/branchen\/e-commerce\/\" \/>\n<meta property=\"og:site_name\" content=\"TMT ID\" \/>\n<meta property=\"article:modified_time\" content=\"2024-11-18T09:29:39+00:00\" \/>\n<meta property=\"og:image\" content=\"https:\/\/tmtid.com\/wp-content\/uploads\/2024\/03\/Home-Page-Image-2.png\" \/>\n\t<meta property=\"og:image:width\" content=\"800\" \/>\n\t<meta property=\"og:image:height\" content=\"418\" \/>\n\t<meta property=\"og:image:type\" content=\"image\/png\" \/>\n<meta name=\"twitter:card\" content=\"summary_large_image\" \/>\n<script type=\"application\/ld+json\" class=\"yoast-schema-graph\">{\"@context\":\"https:\/\/schema.org\",\"@graph\":[{\"@type\":\"WebPage\",\"@id\":\"https:\/\/tmtid.com\/de\/branchen\/e-commerce\/\",\"url\":\"https:\/\/tmtid.com\/de\/branchen\/e-commerce\/\",\"name\":\"Kundenverifizierung & Authentifizierung f\u00fcr E-Commerce | TMT\",\"isPartOf\":{\"@id\":\"https:\/\/tmtid.com\/de\/#website\"},\"datePublished\":\"2024-03-07T15:15:10+00:00\",\"dateModified\":\"2024-11-18T09:29:39+00:00\",\"description\":\"Der elektronische Handel ist nicht ohne Risiken, denn Online-Betrug und gef\u00e4lschte Konten sind ein immer gr\u00f6\u00dferes Problem. Sch\u00fctzen Sie Ihr Unternehmen und Ihre Kunden noch heute!\",\"breadcrumb\":{\"@id\":\"https:\/\/tmtid.com\/de\/branchen\/e-commerce\/#breadcrumb\"},\"inLanguage\":\"de\",\"potentialAction\":[{\"@type\":\"ReadAction\",\"target\":[\"https:\/\/tmtid.com\/de\/branchen\/e-commerce\/\"]}]},{\"@type\":\"BreadcrumbList\",\"@id\":\"https:\/\/tmtid.com\/de\/branchen\/e-commerce\/#breadcrumb\",\"itemListElement\":[{\"@type\":\"ListItem\",\"position\":1,\"name\":\"Home\",\"item\":\"https:\/\/tmtid.com\/de\/\"},{\"@type\":\"ListItem\",\"position\":2,\"name\":\"Branchen\",\"item\":\"https:\/\/tmtid.com\/de\/branchen\/\"},{\"@type\":\"ListItem\",\"position\":3,\"name\":\"E-Commerce\"}]},{\"@type\":\"WebSite\",\"@id\":\"https:\/\/tmtid.com\/de\/#website\",\"url\":\"https:\/\/tmtid.com\/de\/\",\"name\":\"TMT ID\",\"description\":\"Mobile Intelligence Experts\",\"publisher\":{\"@id\":\"https:\/\/tmtid.com\/de\/#organization\"},\"alternateName\":\"TMT Analysis\",\"potentialAction\":[{\"@type\":\"SearchAction\",\"target\":{\"@type\":\"EntryPoint\",\"urlTemplate\":\"https:\/\/tmtid.com\/de\/?s={search_term_string}\"},\"query-input\":{\"@type\":\"PropertyValueSpecification\",\"valueRequired\":true,\"valueName\":\"search_term_string\"}}],\"inLanguage\":\"de\"},{\"@type\":\"Organization\",\"@id\":\"https:\/\/tmtid.com\/de\/#organization\",\"name\":\"TMT ID\",\"alternateName\":\"TMT Analysis\",\"url\":\"https:\/\/tmtid.com\/de\/\",\"logo\":{\"@type\":\"ImageObject\",\"inLanguage\":\"de\",\"@id\":\"https:\/\/tmtid.com\/de\/#\/schema\/logo\/image\/\",\"url\":\"https:\/\/tmtid.com\/wp-content\/uploads\/2024\/03\/big_logo.png\",\"contentUrl\":\"https:\/\/tmtid.com\/wp-content\/uploads\/2024\/03\/big_logo.png\",\"width\":457,\"height\":195,\"caption\":\"TMT ID\"},\"image\":{\"@id\":\"https:\/\/tmtid.com\/de\/#\/schema\/logo\/image\/\"},\"sameAs\":[\"https:\/\/www.linkedin.com\/company\/tmtid\/\"],\"description\":\"TMT ID are the experts in mobile identity and trusted data.\",\"email\":\"info@tmtid.com\",\"telephone\":\"0207 193 5161\",\"legalName\":\"TMT ANALYSIS LIMITED\",\"numberOfEmployees\":{\"@type\":\"QuantitativeValue\",\"minValue\":\"51\",\"maxValue\":\"200\"},\"actionableFeedbackPolicy\":\"https:\/\/tmtid.com\/quality-policy\/\"}]}<\/script>\n<!-- \/ Yoast SEO Premium plugin. -->","yoast_head_json":{"title":"Kundenverifizierung & Authentifizierung f\u00fcr E-Commerce | TMT","description":"Der elektronische Handel ist nicht ohne Risiken, denn Online-Betrug und gef\u00e4lschte Konten sind ein immer gr\u00f6\u00dferes Problem. Sch\u00fctzen Sie Ihr Unternehmen und Ihre Kunden noch heute!","robots":{"index":"index","follow":"follow","max-snippet":"max-snippet:-1","max-image-preview":"max-image-preview:large","max-video-preview":"max-video-preview:-1"},"canonical":"https:\/\/tmtid.com\/de\/branchen\/e-commerce\/","og_locale":"de_DE","og_type":"article","og_title":"E-Commerce","og_description":"Der elektronische Handel ist nicht ohne Risiken, denn Online-Betrug und gef\u00e4lschte Konten sind ein immer gr\u00f6\u00dferes Problem. Sch\u00fctzen Sie Ihr Unternehmen und Ihre Kunden noch heute!","og_url":"https:\/\/tmtid.com\/de\/branchen\/e-commerce\/","og_site_name":"TMT ID","article_modified_time":"2024-11-18T09:29:39+00:00","og_image":[{"width":800,"height":418,"url":"https:\/\/tmtid.com\/wp-content\/uploads\/2024\/03\/Home-Page-Image-2.png","type":"image\/png"}],"twitter_card":"summary_large_image","schema":{"@context":"https:\/\/schema.org","@graph":[{"@type":"WebPage","@id":"https:\/\/tmtid.com\/de\/branchen\/e-commerce\/","url":"https:\/\/tmtid.com\/de\/branchen\/e-commerce\/","name":"Kundenverifizierung & Authentifizierung f\u00fcr E-Commerce | TMT","isPartOf":{"@id":"https:\/\/tmtid.com\/de\/#website"},"datePublished":"2024-03-07T15:15:10+00:00","dateModified":"2024-11-18T09:29:39+00:00","description":"Der elektronische Handel ist nicht ohne Risiken, denn Online-Betrug und gef\u00e4lschte Konten sind ein immer gr\u00f6\u00dferes Problem. Sch\u00fctzen Sie Ihr Unternehmen und Ihre Kunden noch heute!","breadcrumb":{"@id":"https:\/\/tmtid.com\/de\/branchen\/e-commerce\/#breadcrumb"},"inLanguage":"de","potentialAction":[{"@type":"ReadAction","target":["https:\/\/tmtid.com\/de\/branchen\/e-commerce\/"]}]},{"@type":"BreadcrumbList","@id":"https:\/\/tmtid.com\/de\/branchen\/e-commerce\/#breadcrumb","itemListElement":[{"@type":"ListItem","position":1,"name":"Home","item":"https:\/\/tmtid.com\/de\/"},{"@type":"ListItem","position":2,"name":"Branchen","item":"https:\/\/tmtid.com\/de\/branchen\/"},{"@type":"ListItem","position":3,"name":"E-Commerce"}]},{"@type":"WebSite","@id":"https:\/\/tmtid.com\/de\/#website","url":"https:\/\/tmtid.com\/de\/","name":"TMT ID","description":"Mobile Intelligence Experts","publisher":{"@id":"https:\/\/tmtid.com\/de\/#organization"},"alternateName":"TMT Analysis","potentialAction":[{"@type":"SearchAction","target":{"@type":"EntryPoint","urlTemplate":"https:\/\/tmtid.com\/de\/?s={search_term_string}"},"query-input":{"@type":"PropertyValueSpecification","valueRequired":true,"valueName":"search_term_string"}}],"inLanguage":"de"},{"@type":"Organization","@id":"https:\/\/tmtid.com\/de\/#organization","name":"TMT ID","alternateName":"TMT Analysis","url":"https:\/\/tmtid.com\/de\/","logo":{"@type":"ImageObject","inLanguage":"de","@id":"https:\/\/tmtid.com\/de\/#\/schema\/logo\/image\/","url":"https:\/\/tmtid.com\/wp-content\/uploads\/2024\/03\/big_logo.png","contentUrl":"https:\/\/tmtid.com\/wp-content\/uploads\/2024\/03\/big_logo.png","width":457,"height":195,"caption":"TMT ID"},"image":{"@id":"https:\/\/tmtid.com\/de\/#\/schema\/logo\/image\/"},"sameAs":["https:\/\/www.linkedin.com\/company\/tmtid\/"],"description":"TMT ID are the experts in mobile identity and trusted data.","email":"info@tmtid.com","telephone":"0207 193 5161","legalName":"TMT ANALYSIS LIMITED","numberOfEmployees":{"@type":"QuantitativeValue","minValue":"51","maxValue":"200"},"actionableFeedbackPolicy":"https:\/\/tmtid.com\/quality-policy\/"}]}},"_links":{"self":[{"href":"https:\/\/tmtid.com\/de\/wp-json\/wp\/v2\/pages\/35000","targetHints":{"allow":["GET"]}}],"collection":[{"href":"https:\/\/tmtid.com\/de\/wp-json\/wp\/v2\/pages"}],"about":[{"href":"https:\/\/tmtid.com\/de\/wp-json\/wp\/v2\/types\/page"}],"author":[{"embeddable":true,"href":"https:\/\/tmtid.com\/de\/wp-json\/wp\/v2\/users\/1"}],"replies":[{"embeddable":true,"href":"https:\/\/tmtid.com\/de\/wp-json\/wp\/v2\/comments?post=35000"}],"version-history":[{"count":1,"href":"https:\/\/tmtid.com\/de\/wp-json\/wp\/v2\/pages\/35000\/revisions"}],"predecessor-version":[{"id":35007,"href":"https:\/\/tmtid.com\/de\/wp-json\/wp\/v2\/pages\/35000\/revisions\/35007"}],"up":[{"embeddable":true,"href":"https:\/\/tmtid.com\/de\/wp-json\/wp\/v2\/pages\/34970"}],"wp:attachment":[{"href":"https:\/\/tmtid.com\/de\/wp-json\/wp\/v2\/media?parent=35000"}],"curies":[{"name":"wp","href":"https:\/\/api.w.org\/{rel}","templated":true}]}}